{"id":1804447,"date":"2025-03-28T14:20:04","date_gmt":"2025-03-28T12:20:04","guid":{"rendered":"https:\/\/liquidmaster.pl\/adbl-leather-qd-500ml-quick-detailer-do-tapicerki-skorzanej\/"},"modified":"2026-04-18T04:32:38","modified_gmt":"2026-04-18T02:32:38","slug":"adbl-leather-qd-500ml-quick-detailer-do-tapicerki-skorzanej","status":"publish","type":"product","link":"https:\/\/liquidmaster.pl\/en\/adbl-leather-qd-500ml-quick-detailer-do-tapicerki-skorzanej\/","title":{"rendered":"ADBL Leather QD 500ml - quick detailer for leather upholstery"},"content":{"rendered":"<p>ADBL Leather QD \u2013 a revolutionary product for the ongoing cleaning, care and maintenance of upholstery made of patent leather. Perfectly removes dirt such as traces of cosmetics, food remains and all other dirt resulting from everyday use. The cleaning power is selected so that it can remove dirt using only microfiber. For heavier dirt, it may be necessary to use the ADBL Ther brush. Leaves a perfect finish on any leather upholstery. After application and evaporation of product residues, the skin remains pleasant to the touch, uniformly matte, without visible darkening.<\/p>\n<p>Usage:<\/p>\n<li>Apply the product to any microfiber cloth, and in case of heavier dirt, to the ADBL Ther brush.<\/li>\n<li>Wipe the surface by lightly pressing the microfiber or gently work it with an ADBL Ther brush.<\/li>\n<li>Collect any product residue with a clean microfiber cloth.<\/li>\n<li>Repeat steps 1-3 if necessary.<\/li>\n<p>Fragrance: deep leather<\/p>\n<p>Capacity: 500 ml<\/p>\n<p>\u00a0<\/p>","protected":false},"excerpt":{"rendered":"<p>ADBL Leather QD \u2013 rewolucyjny produkt do bie\u017c\u0105cego czyszczenia, piel\u0119gnacji i konserwacji tapicerek wykonanych ze sk\u00f3ry lakierowanej. Doskonale usuwa zabrudzenia takie jak: \u015blady po kosmetykach, resztkach jedzenia i wszystkich innych, wynikaj\u0105cych z codziennej eksploatacji. Si\u0142a czyszcz\u0105ca jest tak dobrana, aby m\u00f3c usuwa\u0107 zabrudzenia za pomoc\u0105 samej mikrofibry. Przy ci\u0119\u017cszych zabrudzeniach konieczne mo\u017ce by\u0107 u\u017cycie szczotki&hellip;&nbsp;<a href=\"https:\/\/liquidmaster.pl\/en\/adbl-leather-qd-500ml-quick-detailer-do-tapicerki-skorzanej\/\" rel=\"bookmark\">Read More \u00bb<span class=\"screen-reader-text\">ADBL Leather QD 500ml - quick detailer for leather upholstery<\/span><\/a><\/p>","protected":false},"featured_media":1847534,"comment_status":"open","ping_status":"open","template":"","meta":{"neve_meta_sidebar":"","neve_meta_container":"","neve_meta_enable_content_width":"","neve_meta_content_width":0,"neve_meta_title_alignment":"","neve_meta_author_avatar":"","neve_post_elements_order":"","neve_meta_disable_header":"","neve_meta_disable_footer":"","neve_meta_disable_title":"","_themeisle_gutenberg_block_has_review":false},"product_brand":[],"product_cat":[855,816,768],"product_tag":[258],"class_list":{"0":"post-1804447","1":"product","2":"type-product","3":"status-publish","4":"has-post-thumbnail","6":"product_cat-qd-do-skor","7":"product_cat-tapicerka-skorzana","8":"product_cat-wnetrze-auta","9":"product_tag-adbl","11":"first","12":"instock","13":"taxable","14":"shipping-taxable","15":"purchasable","16":"product-type-simple"},"_links":{"self":[{"href":"https:\/\/liquidmaster.pl\/en\/wp-json\/wp\/v2\/product\/1804447","targetHints":{"allow":["GET"]}}],"collection":[{"href":"https:\/\/liquidmaster.pl\/en\/wp-json\/wp\/v2\/product"}],"about":[{"href":"https:\/\/liquidmaster.pl\/en\/wp-json\/wp\/v2\/types\/product"}],"replies":[{"embeddable":true,"href":"https:\/\/liquidmaster.pl\/en\/wp-json\/wp\/v2\/comments?post=1804447"}],"wp:featuredmedia":[{"embeddable":true,"href":"https:\/\/liquidmaster.pl\/en\/wp-json\/wp\/v2\/media\/1847534"}],"wp:attachment":[{"href":"https:\/\/liquidmaster.pl\/en\/wp-json\/wp\/v2\/media?parent=1804447"}],"wp:term":[{"taxonomy":"product_brand","embeddable":true,"href":"https:\/\/liquidmaster.pl\/en\/wp-json\/wp\/v2\/product_brand?post=1804447"},{"taxonomy":"product_cat","embeddable":true,"href":"https:\/\/liquidmaster.pl\/en\/wp-json\/wp\/v2\/product_cat?post=1804447"},{"taxonomy":"product_tag","embeddable":true,"href":"https:\/\/liquidmaster.pl\/en\/wp-json\/wp\/v2\/product_tag?post=1804447"}],"curies":[{"name":"wp","href":"https:\/\/api.w.org\/{rel}","templated":true}]}}