{"id":1804435,"date":"2025-03-28T14:18:26","date_gmt":"2025-03-28T12:18:26","guid":{"rendered":"https:\/\/liquidmaster.pl\/adbl-defoamer-1l-neutralizator-piany-do-odkurzacza\/"},"modified":"2026-04-18T04:32:36","modified_gmt":"2026-04-18T02:32:36","slug":"adbl-defoamer-1l-neutralizator-piany-do-odkurzacza","status":"publish","type":"product","link":"https:\/\/liquidmaster.pl\/en\/adbl-defoamer-1l-neutralizator-piany-do-odkurzacza\/","title":{"rendered":"ADBL Defoamer 1L - foam neutralizer for the vacuum cleaner"},"content":{"rendered":"<p>ADBL Defoamer \u2013 an exceptionally efficient, anti-foaming product for use in waste water tanks in washing vacuum cleaners. It allows for long and effective work, without the risk of excessive foam formation, which complicates the upholstery cleaning process.<\/p>\n<p>Usage:<\/p>\n<li>Pour 20-50 ml into the waste water tank of the extraction vacuum cleaner.<\/li>\n<li>When rinsing ADBL Pre-Spray, we recommend using the same amount as used for the ADBL Pre-Spray solution.<\/li>\n<p>Capacity: 1L<\/p>\n<p>\u00a0<\/p>","protected":false},"excerpt":{"rendered":"<p>ADBL Defoamer \u2013 wyj\u0105tkowo wydajny, produkt przeciwpienny do zastosowania w zbiornikach na zu\u017cyt\u0105 wod\u0119 w odkurzaczach pior\u0105cych. Pozwala na d\u0142ug\u0105 i efektywn\u0105 prac\u0119, bez ryzyka tworzenia si\u0119 nadmiernej ilo\u015bci piany, utrudniaj\u0105cej proces czyszczenia tapicerki. Spos\u00f3b u\u017cycia: Wlej 20-50 ml do zbiornika na zu\u017cyt\u0105 wod\u0119 w odkurzaczu ekstrakcyjnym. W przypadku wyp\u0142ukiwania ADBL Pre-Spray\u2019a, polecamy u\u017cy\u0107 identycznej&hellip;&nbsp;<a href=\"https:\/\/liquidmaster.pl\/en\/adbl-defoamer-1l-neutralizator-piany-do-odkurzacza\/\" rel=\"bookmark\">Read More \u00bb<span class=\"screen-reader-text\">ADBL Defoamer 1L - foam neutralizer for the vacuum cleaner<\/span><\/a><\/p>","protected":false},"featured_media":1847526,"comment_status":"open","ping_status":"open","template":"","meta":{"neve_meta_sidebar":"","neve_meta_container":"","neve_meta_enable_content_width":"","neve_meta_content_width":0,"neve_meta_title_alignment":"","neve_meta_author_avatar":"","neve_post_elements_order":"","neve_meta_disable_header":"","neve_meta_disable_footer":"","neve_meta_disable_title":"","_themeisle_gutenberg_block_has_review":false},"product_brand":[],"product_cat":[771,769,768],"product_tag":[258],"class_list":{"0":"post-1804435","1":"product","2":"type-product","3":"status-publish","4":"has-post-thumbnail","6":"product_cat-czyszczenie","7":"product_cat-tapicerka-i-dywaniki","8":"product_cat-wnetrze-auta","9":"product_tag-adbl","10":"pa_promocja-promocje","12":"first","13":"instock","14":"taxable","15":"shipping-taxable","16":"purchasable","17":"product-type-simple"},"_links":{"self":[{"href":"https:\/\/liquidmaster.pl\/en\/wp-json\/wp\/v2\/product\/1804435","targetHints":{"allow":["GET"]}}],"collection":[{"href":"https:\/\/liquidmaster.pl\/en\/wp-json\/wp\/v2\/product"}],"about":[{"href":"https:\/\/liquidmaster.pl\/en\/wp-json\/wp\/v2\/types\/product"}],"replies":[{"embeddable":true,"href":"https:\/\/liquidmaster.pl\/en\/wp-json\/wp\/v2\/comments?post=1804435"}],"wp:featuredmedia":[{"embeddable":true,"href":"https:\/\/liquidmaster.pl\/en\/wp-json\/wp\/v2\/media\/1847526"}],"wp:attachment":[{"href":"https:\/\/liquidmaster.pl\/en\/wp-json\/wp\/v2\/media?parent=1804435"}],"wp:term":[{"taxonomy":"product_brand","embeddable":true,"href":"https:\/\/liquidmaster.pl\/en\/wp-json\/wp\/v2\/product_brand?post=1804435"},{"taxonomy":"product_cat","embeddable":true,"href":"https:\/\/liquidmaster.pl\/en\/wp-json\/wp\/v2\/product_cat?post=1804435"},{"taxonomy":"product_tag","embeddable":true,"href":"https:\/\/liquidmaster.pl\/en\/wp-json\/wp\/v2\/product_tag?post=1804435"}],"curies":[{"name":"wp","href":"https:\/\/api.w.org\/{rel}","templated":true}]}}