{"id":1804431,"date":"2025-03-28T14:18:26","date_gmt":"2025-03-28T12:18:26","guid":{"rendered":"https:\/\/liquidmaster.pl\/adbl-blackouter-200ml-dressing-czernidlo-do-plastikow-zewnetrznych\/"},"modified":"2026-04-18T04:32:35","modified_gmt":"2026-04-18T02:32:35","slug":"adbl-blackouter-200ml-dressing-czernidlo-do-plastikow-zewnetrznych","status":"publish","type":"product","link":"https:\/\/liquidmaster.pl\/en\/adbl-blackouter-200ml-dressing-czernidlo-do-plastikow-zewnetrznych\/","title":{"rendered":"ADBL Blackouter 200ml - dressing, blacking agent for external plastics"},"content":{"rendered":"<p>ADBL Blackouter \u2013 dressing for all unpainted external plastic elements, water-based, characterized by durability and visual effect comparable to products based on hydrocarbon solvents. Perfect for renovating old, faded and tarnished plastics. The consistency of the milk allows easy and pleasant work on any type of plastic. Organosilicon polymers give a deep darkening effect with a satin finish. Full durability of the product is achieved 24 hours after application. The visual effects remain on the surface for up to several weeks.<\/p>\n<p>Usage:<\/p>\n<li>Spread a small amount of the product evenly using ADBL Foamburger or ADBL One Shot Tire Pad on the cleaned plastic exterior element.<\/li>\n<li>Leave to dry.<\/li>\n<li>The full durability effect is achieved 24 hours after application.<\/li>\n<p>Smell: hot milk<\/p>\n<p>Capacity: 200 ml<\/p>\n<p>\u00a0<\/p>","protected":false},"excerpt":{"rendered":"<p>ADBL Blackouter \u2013 dressing do wszystkich nielakierowanych, zewn\u0119trznych element\u00f3w z tworzyw sztucznych, na bazie wodnej, cechuj\u0105cy si\u0119 trwa\u0142o\u015bci\u0105 i efektem wizualnym dor\u00f3wnuj\u0105cym \u015brodkom opartym na rozpuszczalnikach w\u0119glowodorowych. Idealny do odnawiania starych, wyblak\u0142ych i zmatowia\u0142ych plastik\u00f3w. Konsystencja mleczka umo\u017cliwia \u0142atw\u0105 i przyjemn\u0105 prac\u0119, na ka\u017cdym typie plastik\u00f3w. Polimery krzemoorganiczne daj\u0105 efekt g\u0142\u0119bokiego przyciemnienia o satynowym wyko\u0144czeniu.&hellip;&nbsp;<a href=\"https:\/\/liquidmaster.pl\/en\/adbl-blackouter-200ml-dressing-czernidlo-do-plastikow-zewnetrznych\/\" rel=\"bookmark\">Read More \u00bb<span class=\"screen-reader-text\">ADBL Blackouter 200ml - dressing, blacking agent for external plastics<\/span><\/a><\/p>","protected":false},"featured_media":1847522,"comment_status":"open","ping_status":"open","template":"","meta":{"neve_meta_sidebar":"","neve_meta_container":"","neve_meta_enable_content_width":"","neve_meta_content_width":0,"neve_meta_title_alignment":"","neve_meta_author_avatar":"","neve_post_elements_order":"","neve_meta_disable_header":"","neve_meta_disable_footer":"","neve_meta_disable_title":"","_themeisle_gutenberg_block_has_review":false},"product_brand":[],"product_cat":[814,733,815],"product_tag":[258],"class_list":{"0":"post-1804431","1":"product","2":"type-product","3":"status-publish","4":"has-post-thumbnail","6":"product_cat-elementy-gumowe-i-plastikowe","7":"product_cat-na-zewnatrz","8":"product_cat-ochrona-gumy-i-plastikow","9":"product_tag-adbl","11":"first","12":"instock","13":"taxable","14":"shipping-taxable","15":"purchasable","16":"product-type-simple"},"_links":{"self":[{"href":"https:\/\/liquidmaster.pl\/en\/wp-json\/wp\/v2\/product\/1804431","targetHints":{"allow":["GET"]}}],"collection":[{"href":"https:\/\/liquidmaster.pl\/en\/wp-json\/wp\/v2\/product"}],"about":[{"href":"https:\/\/liquidmaster.pl\/en\/wp-json\/wp\/v2\/types\/product"}],"replies":[{"embeddable":true,"href":"https:\/\/liquidmaster.pl\/en\/wp-json\/wp\/v2\/comments?post=1804431"}],"wp:featuredmedia":[{"embeddable":true,"href":"https:\/\/liquidmaster.pl\/en\/wp-json\/wp\/v2\/media\/1847522"}],"wp:attachment":[{"href":"https:\/\/liquidmaster.pl\/en\/wp-json\/wp\/v2\/media?parent=1804431"}],"wp:term":[{"taxonomy":"product_brand","embeddable":true,"href":"https:\/\/liquidmaster.pl\/en\/wp-json\/wp\/v2\/product_brand?post=1804431"},{"taxonomy":"product_cat","embeddable":true,"href":"https:\/\/liquidmaster.pl\/en\/wp-json\/wp\/v2\/product_cat?post=1804431"},{"taxonomy":"product_tag","embeddable":true,"href":"https:\/\/liquidmaster.pl\/en\/wp-json\/wp\/v2\/product_tag?post=1804431"}],"curies":[{"name":"wp","href":"https:\/\/api.w.org\/{rel}","templated":true}]}}