{"id":1804415,"date":"2025-03-28T14:16:49","date_gmt":"2025-03-28T12:16:49","guid":{"rendered":"https:\/\/liquidmaster.pl\/cleantle-tfr-prewash-25l-produkt-do-mycia-wstepnego\/"},"modified":"2026-02-27T08:31:59","modified_gmt":"2026-02-27T06:31:59","slug":"cleantle-tfr-prewash-25l-produkt-do-mycia-wstepnego","status":"publish","type":"product","link":"https:\/\/liquidmaster.pl\/en\/cleantle-tfr-prewash-25l-produkt-do-mycia-wstepnego\/","title":{"rendered":"Cleantle TFR PreWash 25L - product for pre-washing"},"content":{"rendered":"<p>Cleantle TFR Prewash \u2013 Prewash concentrate without sodium hydroxide<\/p>\n<p>TFR Prewash by Cleantle is a concentrated product intended for pre-washing vehicles.<\/p>\n<p>It degreases very strongly and copes well with typical road dirt. It has a low-foaming formula that effectively reacts with contaminants, loosening them from the surface.<\/p>\n<p>It also copes well with insect residues.<\/p>\n<p>It is a great solution before hand washing.<\/p>\n<p>Due to its extremely user- and environmentally friendly composition, it is completely safe for all car surfaces. Does not contain sodium\/potassium hydroxides.<\/p>\n<p>dilution:<\/p>\n<p>1:10 \u2013 1:20 (50-100 ml per 1 liter of water)<\/p>","protected":false},"excerpt":{"rendered":"<p>Cleantle TFR Prewash \u2013 Koncentrat do mycia wst\u0119pnego bez wodorotlenku sodu TFR Prewash\u00a0firmy\u00a0Cleantle\u00a0to produkt w koncentracie przeznaczony do mycia wst\u0119pnego pojazd\u00f3w. Bardzo mocno odt\u0142uszcza i dobrze radzi sobie z typowymi zabrudzeniami drogowymi. Posiada niskopienn\u0105 formu\u0142\u0119, kt\u00f3ra skutecznie reaguje z zanieczyszczeniami odspajaj\u0105ce je od powierzchni. Dobrze radzi sobie r\u00f3wnie\u017c w pozosta\u0142o\u015bciami po owadach. Jest \u015bwietnym rozwi\u0105zaniem&hellip;&nbsp;<a href=\"https:\/\/liquidmaster.pl\/en\/cleantle-tfr-prewash-25l-produkt-do-mycia-wstepnego\/\" rel=\"bookmark\">Read More \u00bb<span class=\"screen-reader-text\">Cleantle TFR PreWash 25L - product for pre-washing<\/span><\/a><\/p>","protected":false},"featured_media":1847516,"comment_status":"open","ping_status":"open","template":"","meta":{"neve_meta_sidebar":"","neve_meta_container":"","neve_meta_enable_content_width":"","neve_meta_content_width":0,"neve_meta_title_alignment":"","neve_meta_author_avatar":"","neve_post_elements_order":"","neve_meta_disable_header":"","neve_meta_disable_footer":"","neve_meta_disable_title":"","_themeisle_gutenberg_block_has_review":false},"product_brand":[],"product_cat":[734,733],"product_tag":[280],"class_list":{"0":"post-1804415","1":"product","2":"type-product","3":"status-publish","4":"has-post-thumbnail","6":"product_cat-mycie-i-osuszanie","7":"product_cat-na-zewnatrz","8":"product_tag-cleantech-cleantle","10":"first","11":"instock","12":"taxable","13":"shipping-taxable","14":"purchasable","15":"product-type-simple"},"_links":{"self":[{"href":"https:\/\/liquidmaster.pl\/en\/wp-json\/wp\/v2\/product\/1804415","targetHints":{"allow":["GET"]}}],"collection":[{"href":"https:\/\/liquidmaster.pl\/en\/wp-json\/wp\/v2\/product"}],"about":[{"href":"https:\/\/liquidmaster.pl\/en\/wp-json\/wp\/v2\/types\/product"}],"replies":[{"embeddable":true,"href":"https:\/\/liquidmaster.pl\/en\/wp-json\/wp\/v2\/comments?post=1804415"}],"wp:featuredmedia":[{"embeddable":true,"href":"https:\/\/liquidmaster.pl\/en\/wp-json\/wp\/v2\/media\/1847516"}],"wp:attachment":[{"href":"https:\/\/liquidmaster.pl\/en\/wp-json\/wp\/v2\/media?parent=1804415"}],"wp:term":[{"taxonomy":"product_brand","embeddable":true,"href":"https:\/\/liquidmaster.pl\/en\/wp-json\/wp\/v2\/product_brand?post=1804415"},{"taxonomy":"product_cat","embeddable":true,"href":"https:\/\/liquidmaster.pl\/en\/wp-json\/wp\/v2\/product_cat?post=1804415"},{"taxonomy":"product_tag","embeddable":true,"href":"https:\/\/liquidmaster.pl\/en\/wp-json\/wp\/v2\/product_tag?post=1804415"}],"curies":[{"name":"wp","href":"https:\/\/api.w.org\/{rel}","templated":true}]}}