{"id":1804401,"date":"2025-03-28T14:16:05","date_gmt":"2025-03-28T12:16:05","guid":{"rendered":"https:\/\/liquidmaster.pl\/aqua-mikrofibra-do-docierania-powlok\/"},"modified":"2026-04-18T04:32:32","modified_gmt":"2026-04-18T02:32:32","slug":"aqua-mikrofibra-do-docierania-powlok","status":"publish","type":"product","link":"https:\/\/liquidmaster.pl\/en\/aqua-mikrofibra-do-docierania-powlok\/","title":{"rendered":"AQUA - Microfiber for lapping coatings"},"content":{"rendered":"<p>Microfiber recommended for lapping AQUA Coatings.<\/p>\n<p>\u00a0<\/p>\n<p>Dimensions: 60x50cm<\/p>\n<p>Weight: 240 g\/m2<\/p>\n<p>Composition: polyester 80%, polyamide 20%<\/p>\n<p>It can be washed many times and used for a long time while maintaining its excellent properties<\/p>","protected":false},"excerpt":{"rendered":"<p>Mikrofibra zalecana do docierania pow\u0142ok AQUA Coating. \u00a0 Wymiary: \u00a060x50cm Gramatura: 240 g\/m2 Sk\u0142ad: polyester 80%, poliamid 20% Mo\u017cna j\u0105 wielokrotnie pra\u0107 i u\u017cywa\u0107 przez d\u0142ugi czas zachowuj\u0105c jej znakomite w\u0142a\u015bciwo\u015bci<\/p>","protected":false},"featured_media":1847507,"comment_status":"open","ping_status":"open","template":"","meta":{"neve_meta_sidebar":"","neve_meta_container":"","neve_meta_enable_content_width":"","neve_meta_content_width":0,"neve_meta_title_alignment":"","neve_meta_author_avatar":"","neve_post_elements_order":"","neve_meta_disable_header":"","neve_meta_disable_footer":"","neve_meta_disable_title":"","_themeisle_gutenberg_block_has_review":false},"product_brand":[],"product_cat":[733,766,775],"product_tag":[598],"class_list":{"0":"post-1804401","1":"product","2":"type-product","3":"status-publish","4":"has-post-thumbnail","6":"product_cat-na-zewnatrz","7":"product_cat-ochrona-lakieru","8":"product_cat-powloki-ceramiczne","9":"product_tag-aqua-car-cosmetics","11":"first","12":"instock","13":"taxable","14":"shipping-taxable","15":"purchasable","16":"product-type-simple"},"_links":{"self":[{"href":"https:\/\/liquidmaster.pl\/en\/wp-json\/wp\/v2\/product\/1804401","targetHints":{"allow":["GET"]}}],"collection":[{"href":"https:\/\/liquidmaster.pl\/en\/wp-json\/wp\/v2\/product"}],"about":[{"href":"https:\/\/liquidmaster.pl\/en\/wp-json\/wp\/v2\/types\/product"}],"replies":[{"embeddable":true,"href":"https:\/\/liquidmaster.pl\/en\/wp-json\/wp\/v2\/comments?post=1804401"}],"wp:featuredmedia":[{"embeddable":true,"href":"https:\/\/liquidmaster.pl\/en\/wp-json\/wp\/v2\/media\/1847507"}],"wp:attachment":[{"href":"https:\/\/liquidmaster.pl\/en\/wp-json\/wp\/v2\/media?parent=1804401"}],"wp:term":[{"taxonomy":"product_brand","embeddable":true,"href":"https:\/\/liquidmaster.pl\/en\/wp-json\/wp\/v2\/product_brand?post=1804401"},{"taxonomy":"product_cat","embeddable":true,"href":"https:\/\/liquidmaster.pl\/en\/wp-json\/wp\/v2\/product_cat?post=1804401"},{"taxonomy":"product_tag","embeddable":true,"href":"https:\/\/liquidmaster.pl\/en\/wp-json\/wp\/v2\/product_tag?post=1804401"}],"curies":[{"name":"wp","href":"https:\/\/api.w.org\/{rel}","templated":true}]}}