{"id":1804391,"date":"2025-03-28T14:14:50","date_gmt":"2025-03-28T12:14:50","guid":{"rendered":"https:\/\/liquidmaster.pl\/aqua-bloody-iron-preparat-do-usuwania-zanieczyszczen-metalicznych-1l\/"},"modified":"2026-04-18T04:32:30","modified_gmt":"2026-04-18T02:32:30","slug":"aqua-bloody-iron-preparat-do-usuwania-zanieczyszczen-metalicznych-1l","status":"publish","type":"product","link":"https:\/\/liquidmaster.pl\/en\/aqua-bloody-iron-preparat-do-usuwania-zanieczyszczen-metalicznych-1l\/","title":{"rendered":"AQUA Bloody Iron - preparation for removing metallic impurities 1L"},"content":{"rendered":"<p>Aqua Bloody Iron \u2013 for heavy metallic dirt<\/p>\n<p>\u00a0<\/p>\n<p>Bloody Iron is a color-changing, fast-acting, pH-balanced decontaminant. Formulated to effectively dissolve iron particles from wheels and painted surfaces. Unlike other products, it deals with stubborn brake dust almost immediately. After application, the product quickly turns purple, revealing places that were contaminated with iron particles. The product is ready for use immediately after opening. <\/p>\n<p>\u00a0<\/p>\n<p>Perfect cleanliness without any damage<\/p>\n<p>\u00a0<\/p>\n<p>The composition of Aqua Bloody Iron has been developed in such a way that even intensive cleaning of surfaces with it does not result in damage.\u00a0<\/p>\n<p>\u00a0<\/p>\n<p>Usage:<\/p>\n<p>\u00a0<\/p>\n<ul>\n<li aria-level=\"1\" style=\"font-weight: 400;\">For paint \u2013 wash and dry the surface before applying the product for maximum effectiveness.<\/li>\n<li aria-level=\"1\" style=\"font-weight: 400;\">Pre-washing for wheels is not required.<\/li>\n<li aria-level=\"1\" style=\"font-weight: 400;\">After preparing the surface, spray a generous amount of Bloody Iron onto the paint and\/or wheels.<\/li>\n<li aria-level=\"1\" style=\"font-weight: 400;\">Leave the product for 2 \u2013 4 minutes.<\/li>\n<li aria-level=\"1\" style=\"font-weight: 400;\">NOTE- Do not allow the product to fully dry on the surface.<\/li>\n<li aria-level=\"1\" style=\"font-weight: 400;\">Rinse thoroughly with water using a hose or pressure washer.<\/li>\n<li aria-level=\"1\" style=\"font-weight: 400;\">Repeat the process if necessary.<\/li>\n<\/ul>","protected":false},"excerpt":{"rendered":"<p>Aqua Bloody Iron \u2013 na silne zabrudzenia metaliczne \u00a0 Bloody Iron to zmieniaj\u0105cy kolor, szybko dzia\u0142aj\u0105cy \u015brodek dekontaminuj\u0105cy o zr\u00f3wnowa\u017conym pH. Opracowany w celu skutecznego rozpuszczenia cz\u0105stek \u017celaza z k\u00f3\u0142 i powierzchni lakierowanych. W odr\u00f3\u017cnieniu od innych produkt\u00f3w, niemal natychmiast radzi sobie z uporczywym py\u0142em hamulcowym. Po zastosowaniu produkt szybko zmienia kolor na fioletowy, ukazuj\u0105c&hellip;&nbsp;<a href=\"https:\/\/liquidmaster.pl\/en\/aqua-bloody-iron-preparat-do-usuwania-zanieczyszczen-metalicznych-1l\/\" rel=\"bookmark\">Read More \u00bb<span class=\"screen-reader-text\">AQUA Bloody Iron - preparation for removing metallic impurities 1L<\/span><\/a><\/p>","protected":false},"featured_media":1847503,"comment_status":"open","ping_status":"open","template":"","meta":{"neve_meta_sidebar":"","neve_meta_container":"","neve_meta_enable_content_width":"","neve_meta_content_width":0,"neve_meta_title_alignment":"","neve_meta_author_avatar":"","neve_post_elements_order":"","neve_meta_disable_header":"","neve_meta_disable_footer":"","neve_meta_disable_title":"","_themeisle_gutenberg_block_has_review":false},"product_brand":[],"product_cat":[744,743,733],"product_tag":[598],"class_list":{"0":"post-1804391","1":"product","2":"type-product","3":"status-publish","4":"has-post-thumbnail","6":"product_cat-deironizacja","7":"product_cat-dekontaminacja","8":"product_cat-na-zewnatrz","9":"product_tag-aqua-car-cosmetics","11":"first","12":"instock","13":"taxable","14":"shipping-taxable","15":"purchasable","16":"product-type-simple"},"_links":{"self":[{"href":"https:\/\/liquidmaster.pl\/en\/wp-json\/wp\/v2\/product\/1804391","targetHints":{"allow":["GET"]}}],"collection":[{"href":"https:\/\/liquidmaster.pl\/en\/wp-json\/wp\/v2\/product"}],"about":[{"href":"https:\/\/liquidmaster.pl\/en\/wp-json\/wp\/v2\/types\/product"}],"replies":[{"embeddable":true,"href":"https:\/\/liquidmaster.pl\/en\/wp-json\/wp\/v2\/comments?post=1804391"}],"wp:featuredmedia":[{"embeddable":true,"href":"https:\/\/liquidmaster.pl\/en\/wp-json\/wp\/v2\/media\/1847503"}],"wp:attachment":[{"href":"https:\/\/liquidmaster.pl\/en\/wp-json\/wp\/v2\/media?parent=1804391"}],"wp:term":[{"taxonomy":"product_brand","embeddable":true,"href":"https:\/\/liquidmaster.pl\/en\/wp-json\/wp\/v2\/product_brand?post=1804391"},{"taxonomy":"product_cat","embeddable":true,"href":"https:\/\/liquidmaster.pl\/en\/wp-json\/wp\/v2\/product_cat?post=1804391"},{"taxonomy":"product_tag","embeddable":true,"href":"https:\/\/liquidmaster.pl\/en\/wp-json\/wp\/v2\/product_tag?post=1804391"}],"curies":[{"name":"wp","href":"https:\/\/api.w.org\/{rel}","templated":true}]}}