{"id":1804387,"date":"2025-03-28T14:14:50","date_gmt":"2025-03-28T12:14:50","guid":{"rendered":"https:\/\/liquidmaster.pl\/aqua-no-streaks-250ml-preparat-do-ekranow-dotykowych\/"},"modified":"2026-04-18T04:32:29","modified_gmt":"2026-04-18T02:32:29","slug":"aqua-no-streaks-250ml-preparat-do-ekranow-dotykowych","status":"publish","type":"product","link":"https:\/\/liquidmaster.pl\/en\/aqua-no-streaks-250ml-preparat-do-ekranow-dotykowych\/","title":{"rendered":"AQUA No Streaks 250ml \u2013 preparation for touch screens"},"content":{"rendered":"<p>AQUA NO Streaks is a specially developed preparation for removing stubborn fingerprints from the surface of touch screens. Its water-based silicone-free formula is safe for touch screens, clocks, piano black elements and other interior elements. Perfectly cleans sensitive surfaces without scratching. It does not contain ammonia, perfumes and solvents. It does not contain solid components, it evaporates completely. Perfect for cleaning windows and mirrors. The product is ready to use immediately. We recommend using it with AQUA Microfiber Glass soft microfibers.<\/p>\n<p>\u00a0<\/p>\n<p>Perfect cleanliness without any damage<\/p>\n<p>\u00a0<\/p>\n<p>The composition of Aqua Glass Cleaner has been developed in such a way that even intensive cleaning of surfaces does not result in their damage.\u00a0<\/p>\n<p>\u00a0<\/p>\n<p>Safe for screens with anti-reflective coatings.\u00a0<\/p>\n<p>\u00a0<\/p>\n<p>Aqua Glass Cleaner is perfect for cleaning windows, mirrors, chrome elements and headlight glasses. It is not only very effective and easy to use, but also extremely efficient. What&#039;s more, it does not contain phosphates or ammonia and quickly evaporates from the cleaned surfaces.\u00a0<\/p>\n<p>\u00a0<\/p>\n<p>Immediate effect<\/p>\n<p>\u00a0<\/p>\n<p>After applying Aqua NO Streaks, the cleaned surface is not only perfectly degreased, but also clear and free of unsightly streaks.\u00a0<\/p>\n<p>\u00a0<\/p>\n<p>Usage:<\/p>\n<p>\u00a0<\/p>\n<ul>\n<li aria-level=\"1\" style=\"font-weight: 400;\">Spray the preparation on the cleaned surface\u00a0<\/li>\n<li aria-level=\"1\" style=\"font-weight: 400;\">Clean the surface with a microfiber<\/li>\n<\/ul>","protected":false},"excerpt":{"rendered":"<p>AQUA NO Streaks to specjalnie opracowany preparat do usuwania uporczywych \u015blad\u00f3w palc\u00f3w z powierzchni ekran\u00f3w dotykowych.\u00a0Jego bezsilikonowa formu\u0142a na bazie wody jest bezpieczna dla ekran\u00f3w dotykowych, zegar\u00f3w, element\u00f3w z piano black czy innych element\u00f3w wn\u0119trza. Doskonale czy\u015bci wra\u017cliwe powierzchnie bez zarysowa\u0144. Nie zawiera amoniaku, perfum i rozpuszczalnik\u00f3w.\u00a0Nie zawiera sk\u0142adnik\u00f3w sta\u0142ych, ulega ca\u0142kowitemu odparowaniu. Nadaje si\u0119&hellip;&nbsp;<a href=\"https:\/\/liquidmaster.pl\/en\/aqua-no-streaks-250ml-preparat-do-ekranow-dotykowych\/\" rel=\"bookmark\">Read More \u00bb<span class=\"screen-reader-text\">AQUA No Streaks 250ml \u2013 preparation for touch screens<\/span><\/a><\/p>","protected":false},"featured_media":1847499,"comment_status":"open","ping_status":"open","template":"","meta":{"neve_meta_sidebar":"","neve_meta_container":"","neve_meta_enable_content_width":"","neve_meta_content_width":0,"neve_meta_title_alignment":"","neve_meta_author_avatar":"","neve_post_elements_order":"","neve_meta_disable_header":"","neve_meta_disable_footer":"","neve_meta_disable_title":"","_themeisle_gutenberg_block_has_review":false},"product_brand":[],"product_cat":[804,795,768],"product_tag":[598],"class_list":{"0":"post-1804387","1":"product","2":"type-product","3":"status-publish","4":"has-post-thumbnail","6":"product_cat-czyszczenie-plastikow-wewnetrznych","7":"product_cat-plastiki-wewnetrzne","8":"product_cat-wnetrze-auta","9":"product_tag-aqua-car-cosmetics","10":"pa_promocja-promocje","12":"first","13":"instock","14":"taxable","15":"shipping-taxable","16":"purchasable","17":"product-type-simple"},"_links":{"self":[{"href":"https:\/\/liquidmaster.pl\/en\/wp-json\/wp\/v2\/product\/1804387","targetHints":{"allow":["GET"]}}],"collection":[{"href":"https:\/\/liquidmaster.pl\/en\/wp-json\/wp\/v2\/product"}],"about":[{"href":"https:\/\/liquidmaster.pl\/en\/wp-json\/wp\/v2\/types\/product"}],"replies":[{"embeddable":true,"href":"https:\/\/liquidmaster.pl\/en\/wp-json\/wp\/v2\/comments?post=1804387"}],"wp:featuredmedia":[{"embeddable":true,"href":"https:\/\/liquidmaster.pl\/en\/wp-json\/wp\/v2\/media\/1847499"}],"wp:attachment":[{"href":"https:\/\/liquidmaster.pl\/en\/wp-json\/wp\/v2\/media?parent=1804387"}],"wp:term":[{"taxonomy":"product_brand","embeddable":true,"href":"https:\/\/liquidmaster.pl\/en\/wp-json\/wp\/v2\/product_brand?post=1804387"},{"taxonomy":"product_cat","embeddable":true,"href":"https:\/\/liquidmaster.pl\/en\/wp-json\/wp\/v2\/product_cat?post=1804387"},{"taxonomy":"product_tag","embeddable":true,"href":"https:\/\/liquidmaster.pl\/en\/wp-json\/wp\/v2\/product_tag?post=1804387"}],"curies":[{"name":"wp","href":"https:\/\/api.w.org\/{rel}","templated":true}]}}