{"id":1804379,"date":"2025-03-28T14:14:30","date_gmt":"2025-03-28T12:14:30","guid":{"rendered":"https:\/\/liquidmaster.pl\/adbl-tire-brush-szczotka-do-czyszczenia-opon\/"},"modified":"2026-04-19T03:19:21","modified_gmt":"2026-04-19T01:19:21","slug":"adbl-tire-brush-szczotka-do-czyszczenia-opon","status":"publish","type":"product","link":"https:\/\/liquidmaster.pl\/en\/adbl-tire-brush-szczotka-do-czyszczenia-opon\/","title":{"rendered":"ADBL Tire Brush - a brush for cleaning tires"},"content":{"rendered":"<p>ADBL Tire Brush \u2013 a brush for cleaning tires with various types of tread. It is made of high-quality plastic and synthetic bristles. The ergonomic handle is covered with a layer of anti-slip rubber. The head is arranged in a triangle shape and the bristles are hard enough to effectively reach and clean even hard-to-reach places.<\/p>\n<ul>\n<li>The triangular shape of the bristles and the appropriately hard bristles allow you to reach hard-to-reach places.<\/li>\n<li>The ergonomic handle, covered with a layer of anti-slip rubber, guarantees comfortable use.<\/li>\n<li>The small size allows you to work with both high and low profile tires.<\/li>\n<\/ul>\n<p>\u00a0<\/p>","protected":false},"excerpt":{"rendered":"<p>ADBL Tire Brush \u2013 to szczotka do czyszczenia opon o r\u00f3\u017cnych rodzajach bie\u017cnika. Wykonana jest z wysokiej jako\u015bci tworzywa sztucznego i\u00a0w\u0142osia syntetycznego. Ergonomiczny uchwyt, pokryty jest warstw\u0105 gumy antypo\u015blizgowej. G\u0142\u00f3wka u\u0142o\u017cona w kszta\u0142t tr\u00f3jk\u0105ta oraz odpowiednio twarde w\u0142osie umo\u017cliwia skuteczne dotarcie i\u00a0czyszczenie nawet trudno dost\u0119pnych miejsc. Kszta\u0142t u\u0142o\u017cenia w\u0142osia w tr\u00f3jk\u0105t oraz odpowiednio twarde w\u0142osie&hellip;&nbsp;<a href=\"https:\/\/liquidmaster.pl\/en\/adbl-tire-brush-szczotka-do-czyszczenia-opon\/\" rel=\"bookmark\">Read More \u00bb<span class=\"screen-reader-text\">ADBL Tire Brush - a brush for cleaning tires<\/span><\/a><\/p>","protected":false},"featured_media":1847494,"comment_status":"open","ping_status":"open","template":"","meta":{"neve_meta_sidebar":"","neve_meta_container":"","neve_meta_enable_content_width":"","neve_meta_content_width":0,"neve_meta_title_alignment":"","neve_meta_author_avatar":"","neve_post_elements_order":"","neve_meta_disable_header":"","neve_meta_disable_footer":"","neve_meta_disable_title":"","_themeisle_gutenberg_block_has_review":false},"product_brand":[],"product_cat":[757,911,777],"product_tag":[258],"class_list":{"0":"post-1804379","1":"product","2":"type-product","3":"status-publish","4":"has-post-thumbnail","6":"product_cat-akcesoria","7":"product_cat-do-kol","8":"product_cat-szczotki-i-pedzelki","9":"product_tag-adbl","11":"first","12":"instock","13":"taxable","14":"shipping-taxable","15":"purchasable","16":"product-type-simple"},"_links":{"self":[{"href":"https:\/\/liquidmaster.pl\/en\/wp-json\/wp\/v2\/product\/1804379","targetHints":{"allow":["GET"]}}],"collection":[{"href":"https:\/\/liquidmaster.pl\/en\/wp-json\/wp\/v2\/product"}],"about":[{"href":"https:\/\/liquidmaster.pl\/en\/wp-json\/wp\/v2\/types\/product"}],"replies":[{"embeddable":true,"href":"https:\/\/liquidmaster.pl\/en\/wp-json\/wp\/v2\/comments?post=1804379"}],"wp:featuredmedia":[{"embeddable":true,"href":"https:\/\/liquidmaster.pl\/en\/wp-json\/wp\/v2\/media\/1847494"}],"wp:attachment":[{"href":"https:\/\/liquidmaster.pl\/en\/wp-json\/wp\/v2\/media?parent=1804379"}],"wp:term":[{"taxonomy":"product_brand","embeddable":true,"href":"https:\/\/liquidmaster.pl\/en\/wp-json\/wp\/v2\/product_brand?post=1804379"},{"taxonomy":"product_cat","embeddable":true,"href":"https:\/\/liquidmaster.pl\/en\/wp-json\/wp\/v2\/product_cat?post=1804379"},{"taxonomy":"product_tag","embeddable":true,"href":"https:\/\/liquidmaster.pl\/en\/wp-json\/wp\/v2\/product_tag?post=1804379"}],"curies":[{"name":"wp","href":"https:\/\/api.w.org\/{rel}","templated":true}]}}