{"id":1804375,"date":"2025-03-28T14:14:06","date_gmt":"2025-03-28T12:14:06","guid":{"rendered":"https:\/\/liquidmaster.pl\/adbl-round-detailing-brush-pro-ultra-soft-wymienna-koncowka-pedzla\/"},"modified":"2026-04-18T04:32:27","modified_gmt":"2026-04-18T02:32:27","slug":"adbl-round-detailing-brush-pro-ultra-soft-wymienna-koncowka-pedzla","status":"publish","type":"product","link":"https:\/\/liquidmaster.pl\/en\/adbl-round-detailing-brush-pro-ultra-soft-wymienna-koncowka-pedzla\/","title":{"rendered":"ADBL Round Detailing Brush Pro Ultra Soft - replaceable brush tip"},"content":{"rendered":"<p>ADBL Round Detailing Brush Pro Ultra Soft \u2013 replaceable brush tip.<\/p>\n<p>Round Detailing Brush Pro Ultra Soft is a replaceable tip equipped with bristles with the softest characteristics. The tip has protrusions around the circumference to prevent falling from an inclined surface. The replaceable tip works with the detachable ADBL Round Detailing Brush Pro Handle.\u00a0<\/p>\n<p>Note: ADBL Round Detailing Brush Pro Handle sold separately!<\/p>\n<p>Characteristics:<\/p>\n<ul>\n<li>durable bristles resistant to chemicals and at the same time exceptionally soft<\/li>\n<li>bristle length \u2013 4 cm<\/li>\n<li>protrusions to prevent falling down slopes\u00a0<\/li>\n<li>works with the ADBL Brush Pro Handle<\/li>\n<\/ul>\n<p>\u00a0<\/p>","protected":false},"excerpt":{"rendered":"<p>ADBL Round Detailing Brush Pro Ultra Soft \u2013 wymienna ko\u0144c\u00f3wka p\u0119dzla. Round Detailing Brush Pro Ultra Soft to wymienna ko\u0144c\u00f3wka wyposa\u017cona we w\u0142osie o najdelikatniejszej charakterystyce. Ko\u0144c\u00f3wka posiada na obwodzie wypustki maj\u0105ce na celu zapobiec upadkowi z nachylonej powierzchni. Wymienna ko\u0144c\u00f3wka wsp\u00f3\u0142pracuje z odkr\u0119can\u0105 r\u0119koje\u015bci\u0105 ADBL Round Detailing Brush Pro Handle.\u00a0 Uwaga: r\u0119koje\u015b\u0107 ADBL Round&hellip;&nbsp;<a href=\"https:\/\/liquidmaster.pl\/en\/adbl-round-detailing-brush-pro-ultra-soft-wymienna-koncowka-pedzla\/\" rel=\"bookmark\">Read More \u00bb<span class=\"screen-reader-text\">ADBL Round Detailing Brush Pro Ultra Soft - replaceable brush tip<\/span><\/a><\/p>","protected":false},"featured_media":1847491,"comment_status":"open","ping_status":"open","template":"","meta":{"neve_meta_sidebar":"","neve_meta_container":"","neve_meta_enable_content_width":"","neve_meta_content_width":0,"neve_meta_title_alignment":"","neve_meta_author_avatar":"","neve_post_elements_order":"","neve_meta_disable_header":"","neve_meta_disable_footer":"","neve_meta_disable_title":"","_themeisle_gutenberg_block_has_review":false},"product_brand":[],"product_cat":[757,911,777],"product_tag":[258],"class_list":{"0":"post-1804375","1":"product","2":"type-product","3":"status-publish","4":"has-post-thumbnail","6":"product_cat-akcesoria","7":"product_cat-do-kol","8":"product_cat-szczotki-i-pedzelki","9":"product_tag-adbl","11":"first","12":"instock","13":"taxable","14":"shipping-taxable","15":"purchasable","16":"product-type-simple"},"_links":{"self":[{"href":"https:\/\/liquidmaster.pl\/en\/wp-json\/wp\/v2\/product\/1804375","targetHints":{"allow":["GET"]}}],"collection":[{"href":"https:\/\/liquidmaster.pl\/en\/wp-json\/wp\/v2\/product"}],"about":[{"href":"https:\/\/liquidmaster.pl\/en\/wp-json\/wp\/v2\/types\/product"}],"replies":[{"embeddable":true,"href":"https:\/\/liquidmaster.pl\/en\/wp-json\/wp\/v2\/comments?post=1804375"}],"wp:featuredmedia":[{"embeddable":true,"href":"https:\/\/liquidmaster.pl\/en\/wp-json\/wp\/v2\/media\/1847491"}],"wp:attachment":[{"href":"https:\/\/liquidmaster.pl\/en\/wp-json\/wp\/v2\/media?parent=1804375"}],"wp:term":[{"taxonomy":"product_brand","embeddable":true,"href":"https:\/\/liquidmaster.pl\/en\/wp-json\/wp\/v2\/product_brand?post=1804375"},{"taxonomy":"product_cat","embeddable":true,"href":"https:\/\/liquidmaster.pl\/en\/wp-json\/wp\/v2\/product_cat?post=1804375"},{"taxonomy":"product_tag","embeddable":true,"href":"https:\/\/liquidmaster.pl\/en\/wp-json\/wp\/v2\/product_tag?post=1804375"}],"curies":[{"name":"wp","href":"https:\/\/api.w.org\/{rel}","templated":true}]}}