{"id":1804372,"date":"2025-03-28T14:14:06","date_gmt":"2025-03-28T12:14:06","guid":{"rendered":"https:\/\/liquidmaster.pl\/adbl-round-detailing-brush-pro-set-zestaw-pedzli\/"},"modified":"2026-04-18T04:32:27","modified_gmt":"2026-04-18T02:32:27","slug":"adbl-round-detailing-brush-pro-set-zestaw-pedzli","status":"publish","type":"product","link":"https:\/\/liquidmaster.pl\/en\/adbl-round-detailing-brush-pro-set-zestaw-pedzli\/","title":{"rendered":"ADBL Round Detailing Brush Pro Set - a set of brushes"},"content":{"rendered":"<p>ADBL Round Detailing Brush Pro Set \u2013 a set of brushes with three interchangeable tips.<\/p>\n<p>Round Detailing Brush Pro Set is a set consisting of three detachable tips with different degrees of hardness and a detachable handle. The set is dedicated to cleaning details, crevices and sensitive elements. Each tip is durable, the effects of chemicals should not impress it. Densely packed bristles increase cleaning properties, and protrusions around the perimeter prevent falls on slopes.\u00a0<\/p>\n<p>The handle is equipped with a magnet that allows attachment to metal surfaces, and is also covered with a non-slip surface that improves grip. Optimal dimensions make this set perfect for both a detailing studio and an amateur garage.\u00a0<\/p>\n<p>Characteristics:<\/p>\n<ul>\n<li>bristle length: black 4 cm, orange-white 5 cm, orange 5 cm<\/li>\n<li>handle length: 16 cm<\/li>\n<li>screw-on handle that fits all three tips<\/li>\n<li>tips with varying degrees of hardness<\/li>\n<li>protrusions protecting against falling down slopes<\/li>\n<li>a magnet on a detachable handle that allows attachment to metal surfaces\u00a0<\/li>\n<\/ul>\n<p>\u00a0<\/p>","protected":false},"excerpt":{"rendered":"<p>ADBL Round Detailing Brush Pro Set \u2013 zestaw p\u0119dzli z trzema wymiennymi ko\u0144c\u00f3wkami. Round Detailing Brush Pro Set to zestaw sk\u0142adaj\u0105cy si\u0119 z trzech odkr\u0119canych ko\u0144c\u00f3wek r\u00f3\u017cni\u0105cych si\u0119 mi\u0119dzy sob\u0105 stopniem twardo\u015bci oraz odkr\u0119canej r\u0105czki. Zestaw dedykowany jest do czyszczenia detali, szczelin oraz element\u00f3w wra\u017cliwych. Ka\u017cda ko\u0144c\u00f3wka jest wytrzyma\u0142a, dzia\u0142anie chemii nie powinno zrobi\u0107 na&hellip;&nbsp;<a href=\"https:\/\/liquidmaster.pl\/en\/adbl-round-detailing-brush-pro-set-zestaw-pedzli\/\" rel=\"bookmark\">Read More \u00bb<span class=\"screen-reader-text\">ADBL Round Detailing Brush Pro Set - a set of brushes<\/span><\/a><\/p>","protected":false},"featured_media":1847490,"comment_status":"open","ping_status":"open","template":"","meta":{"neve_meta_sidebar":"","neve_meta_container":"","neve_meta_enable_content_width":"","neve_meta_content_width":0,"neve_meta_title_alignment":"","neve_meta_author_avatar":"","neve_post_elements_order":"","neve_meta_disable_header":"","neve_meta_disable_footer":"","neve_meta_disable_title":"","_themeisle_gutenberg_block_has_review":false},"product_brand":[],"product_cat":[733,816,768,829],"product_tag":[258],"class_list":{"0":"post-1804372","1":"product","2":"type-product","3":"status-publish","4":"has-post-thumbnail","6":"product_cat-na-zewnatrz","7":"product_cat-tapicerka-skorzana","8":"product_cat-wnetrze-auta","9":"product_cat-zestawy","10":"product_tag-adbl","12":"first","13":"instock","14":"taxable","15":"shipping-taxable","16":"purchasable","17":"product-type-simple"},"_links":{"self":[{"href":"https:\/\/liquidmaster.pl\/en\/wp-json\/wp\/v2\/product\/1804372","targetHints":{"allow":["GET"]}}],"collection":[{"href":"https:\/\/liquidmaster.pl\/en\/wp-json\/wp\/v2\/product"}],"about":[{"href":"https:\/\/liquidmaster.pl\/en\/wp-json\/wp\/v2\/types\/product"}],"replies":[{"embeddable":true,"href":"https:\/\/liquidmaster.pl\/en\/wp-json\/wp\/v2\/comments?post=1804372"}],"wp:featuredmedia":[{"embeddable":true,"href":"https:\/\/liquidmaster.pl\/en\/wp-json\/wp\/v2\/media\/1847490"}],"wp:attachment":[{"href":"https:\/\/liquidmaster.pl\/en\/wp-json\/wp\/v2\/media?parent=1804372"}],"wp:term":[{"taxonomy":"product_brand","embeddable":true,"href":"https:\/\/liquidmaster.pl\/en\/wp-json\/wp\/v2\/product_brand?post=1804372"},{"taxonomy":"product_cat","embeddable":true,"href":"https:\/\/liquidmaster.pl\/en\/wp-json\/wp\/v2\/product_cat?post=1804372"},{"taxonomy":"product_tag","embeddable":true,"href":"https:\/\/liquidmaster.pl\/en\/wp-json\/wp\/v2\/product_tag?post=1804372"}],"curies":[{"name":"wp","href":"https:\/\/api.w.org\/{rel}","templated":true}]}}