{"id":1804369,"date":"2025-03-28T14:14:06","date_gmt":"2025-03-28T12:14:06","guid":{"rendered":"https:\/\/liquidmaster.pl\/adbl-round-detailing-brush-pro-soft-wymienna-koncowka-pedzla\/"},"modified":"2026-04-18T04:32:26","modified_gmt":"2026-04-18T02:32:26","slug":"adbl-round-detailing-brush-pro-soft-wymienna-koncowka-pedzla","status":"publish","type":"product","link":"https:\/\/liquidmaster.pl\/en\/adbl-round-detailing-brush-pro-soft-wymienna-koncowka-pedzla\/","title":{"rendered":"ADBL Round Detailing Brush Pro Soft - replaceable brush tip"},"content":{"rendered":"<p>ADBL Round Detailing Brush Pro Soft \u2013 replaceable tip of the Round Detailing Brush Pro brush, characterized by soft, flexible bristles with a length of 5 cm. The protrusions around the perimeter prevent it from falling off an inclined surface. Compatible with the ADBL Round Detailing Brush Pro detachable handle, available for purchase as a set or separately.<\/p>\n<ul>\n<li>Very soft bristles resistant to chemicals, very durable, unbreakable<\/li>\n<li>Hair 5 cm long<\/li>\n<li>The knurled tip prevents the brush from falling off the sloping surface<\/li>\n<\/ul>\n<p>\u00a0<\/p>","protected":false},"excerpt":{"rendered":"<p>ADBL Round Detailing Brush Pro Soft \u2013 wymienna ko\u0144c\u00f3wka p\u0119dzla Round Detailing Brush Pro, charakteryzuj\u0105ca si\u0119 mi\u0119kkim, spr\u0119\u017cystym w\u0142osiem o d\u0142ugo\u015bci 5 cm. Wypustki na obwodzie zapobiegaj\u0105 spadaniu z pochy\u0142ej powierzchni. Kompatybilna z odkr\u0119can\u0105 r\u0105czk\u0105 ADBL Round Detailing Brush Pro dost\u0119pn\u0105 do kupienia w zestawie lub oddzielnie. Bardzo mi\u0119kkie w\u0142osie odporne na dzia\u0142anie chemii, bardzo&hellip;&nbsp;<a href=\"https:\/\/liquidmaster.pl\/en\/adbl-round-detailing-brush-pro-soft-wymienna-koncowka-pedzla\/\" rel=\"bookmark\">Read More \u00bb<span class=\"screen-reader-text\">ADBL Round Detailing Brush Pro Soft - replaceable brush tip<\/span><\/a><\/p>","protected":false},"featured_media":1847489,"comment_status":"open","ping_status":"open","template":"","meta":{"neve_meta_sidebar":"","neve_meta_container":"","neve_meta_enable_content_width":"","neve_meta_content_width":0,"neve_meta_title_alignment":"","neve_meta_author_avatar":"","neve_post_elements_order":"","neve_meta_disable_header":"","neve_meta_disable_footer":"","neve_meta_disable_title":"","_themeisle_gutenberg_block_has_review":false},"product_brand":[],"product_cat":[757,911,777],"product_tag":[258],"class_list":{"0":"post-1804369","1":"product","2":"type-product","3":"status-publish","4":"has-post-thumbnail","6":"product_cat-akcesoria","7":"product_cat-do-kol","8":"product_cat-szczotki-i-pedzelki","9":"product_tag-adbl","11":"first","12":"instock","13":"taxable","14":"shipping-taxable","15":"purchasable","16":"product-type-simple"},"_links":{"self":[{"href":"https:\/\/liquidmaster.pl\/en\/wp-json\/wp\/v2\/product\/1804369","targetHints":{"allow":["GET"]}}],"collection":[{"href":"https:\/\/liquidmaster.pl\/en\/wp-json\/wp\/v2\/product"}],"about":[{"href":"https:\/\/liquidmaster.pl\/en\/wp-json\/wp\/v2\/types\/product"}],"replies":[{"embeddable":true,"href":"https:\/\/liquidmaster.pl\/en\/wp-json\/wp\/v2\/comments?post=1804369"}],"wp:featuredmedia":[{"embeddable":true,"href":"https:\/\/liquidmaster.pl\/en\/wp-json\/wp\/v2\/media\/1847489"}],"wp:attachment":[{"href":"https:\/\/liquidmaster.pl\/en\/wp-json\/wp\/v2\/media?parent=1804369"}],"wp:term":[{"taxonomy":"product_brand","embeddable":true,"href":"https:\/\/liquidmaster.pl\/en\/wp-json\/wp\/v2\/product_brand?post=1804369"},{"taxonomy":"product_cat","embeddable":true,"href":"https:\/\/liquidmaster.pl\/en\/wp-json\/wp\/v2\/product_cat?post=1804369"},{"taxonomy":"product_tag","embeddable":true,"href":"https:\/\/liquidmaster.pl\/en\/wp-json\/wp\/v2\/product_tag?post=1804369"}],"curies":[{"name":"wp","href":"https:\/\/api.w.org\/{rel}","templated":true}]}}