{"id":1804367,"date":"2025-03-28T14:13:00","date_gmt":"2025-03-28T12:13:00","guid":{"rendered":"https:\/\/liquidmaster.pl\/odk-revere-100ml-wosk-do-lakieru\/"},"modified":"2026-04-01T15:26:07","modified_gmt":"2026-04-01T13:26:07","slug":"odk-revere-100ml-wosk-do-lakieru","status":"publish","type":"product","link":"https:\/\/liquidmaster.pl\/en\/odk-revere-100ml-wosk-do-lakieru\/","title":{"rendered":"ODK Revere 100ml - paint wax"},"content":{"rendered":"<p>ODK Revere \u2013 this is the newest and best wax created by ODK so far!<\/p>\n<p>With over three years of development, Revere pushes the boundaries of what wax can achieve. T1 Carnauba and synthetic polymers have been combined with ceramic silica elements that not only leave a flawless glass finish, but also provide the best possible performance and lasting protection.<\/p>\n<p>To get the best results from your wax, make sure the surface is clean and free of contaminants. Apply wax to one panel and then remove it immediately with a soft microfiber cloth. Leave for 2-4 hours before applying further layers.<\/p>\n<p>As the wax settles and hardens on your car, you will notice that the gloss level becomes higher and higher.<\/p>\n<ul>\n<li>Flash \u2013 5\/5<\/li>\n<li>Durability \u2013 5\/5<\/li>\n<li>Application \u2013 4\/5<\/li>\n<li>Removal \u2013 4\/5<\/li>\n<li>Finish \u2013 5\/5<\/li>\n<\/ul>\n<p>Capacity: 100 ml<\/p>","protected":false},"excerpt":{"rendered":"<p>ODK Revere \u2013 to najnowszy i jak do tej pory najlepszy wosk stworzony przez ODK! Dzi\u0119ki ponad trzyletniemu rozwojowi Revere przesuwa granice tego, co wosk mo\u017ce osi\u0105gn\u0105\u0107. T1 Carnauba i syntetyczne polimery zosta\u0142y po\u0142\u0105czone z ceramicznymi elementami krzemionki, kt\u00f3re nie tylko pozostawiaj\u0105 nieskazitelne, szklane wyko\u0144czenie, ale r\u00f3wnie\u017c zapewniaj\u0105 najlepsz\u0105 mo\u017cliw\u0105 wydajno\u015b\u0107 i trwa\u0142\u0105 ochron\u0119. Aby&hellip;&nbsp;<a href=\"https:\/\/liquidmaster.pl\/en\/odk-revere-100ml-wosk-do-lakieru\/\" rel=\"bookmark\">Read More \u00bb<span class=\"screen-reader-text\">ODK Revere 100ml - paint wax<\/span><\/a><\/p>","protected":false},"featured_media":1846477,"comment_status":"open","ping_status":"open","template":"","meta":{"neve_meta_sidebar":"","neve_meta_container":"","neve_meta_enable_content_width":"","neve_meta_content_width":0,"neve_meta_title_alignment":"","neve_meta_author_avatar":"","neve_post_elements_order":"","neve_meta_disable_header":"","neve_meta_disable_footer":"","neve_meta_disable_title":"","_themeisle_gutenberg_block_has_review":false},"product_brand":[],"product_cat":[733,766,788],"product_tag":[337],"class_list":{"0":"post-1804367","1":"product","2":"type-product","3":"status-publish","4":"has-post-thumbnail","6":"product_cat-na-zewnatrz","7":"product_cat-ochrona-lakieru","8":"product_cat-woski","9":"product_tag-odk","11":"first","12":"outofstock","13":"taxable","14":"shipping-taxable","15":"purchasable","16":"product-type-simple"},"_links":{"self":[{"href":"https:\/\/liquidmaster.pl\/en\/wp-json\/wp\/v2\/product\/1804367","targetHints":{"allow":["GET"]}}],"collection":[{"href":"https:\/\/liquidmaster.pl\/en\/wp-json\/wp\/v2\/product"}],"about":[{"href":"https:\/\/liquidmaster.pl\/en\/wp-json\/wp\/v2\/types\/product"}],"replies":[{"embeddable":true,"href":"https:\/\/liquidmaster.pl\/en\/wp-json\/wp\/v2\/comments?post=1804367"}],"wp:featuredmedia":[{"embeddable":true,"href":"https:\/\/liquidmaster.pl\/en\/wp-json\/wp\/v2\/media\/1846477"}],"wp:attachment":[{"href":"https:\/\/liquidmaster.pl\/en\/wp-json\/wp\/v2\/media?parent=1804367"}],"wp:term":[{"taxonomy":"product_brand","embeddable":true,"href":"https:\/\/liquidmaster.pl\/en\/wp-json\/wp\/v2\/product_brand?post=1804367"},{"taxonomy":"product_cat","embeddable":true,"href":"https:\/\/liquidmaster.pl\/en\/wp-json\/wp\/v2\/product_cat?post=1804367"},{"taxonomy":"product_tag","embeddable":true,"href":"https:\/\/liquidmaster.pl\/en\/wp-json\/wp\/v2\/product_tag?post=1804367"}],"curies":[{"name":"wp","href":"https:\/\/api.w.org\/{rel}","templated":true}]}}