{"id":1804353,"date":"2025-03-28T14:12:28","date_gmt":"2025-03-28T12:12:28","guid":{"rendered":"https:\/\/liquidmaster.pl\/good-stuff-show-wax-100ml-handy-wax-applicator\/"},"modified":"2026-04-19T03:19:17","modified_gmt":"2026-04-19T01:19:17","slug":"good-stuff-show-wax-100ml-handy-wax-applicator","status":"publish","type":"product","link":"https:\/\/liquidmaster.pl\/en\/good-stuff-show-wax-100ml-handy-wax-applicator\/","title":{"rendered":"Good Stuff Show Wax 100ml + Handy Wax Applicator"},"content":{"rendered":"<p>Good Stuff Show Wax 100ml + applicator \u2013 wax<\/p>\n<p>Show Wax \u2013 is a wax created to protect paint. Gives a competition look. Protects the paint against dirt and other harmful factors. Each wax comes with a WORK STUFF Handy Wax Applicator.\u00a0<\/p>\n<p>App:\u00a0<br \/>\nApply on clean and dry varnish!<\/p>\n<li>We scoop the wax onto the surface of the applicator<\/li>\n<li>Gently massage the wax into the paint surface<\/li>\n<li>Leave the wax to harden slightly on the varnish and check the condition every minute<\/li>\n<li>We rub in the wax using a soft microfiber<\/li>\n<p>\u00a0<\/p>","protected":false},"excerpt":{"rendered":"<p>Good Stuff Show Wax 100ml + aplikator &#8211; wosk Show Wax \u2013 to wosk stworzony z my\u015bl\u0105 o zabezpieczaniu lakieru. Nadaje konkursowego wygl\u0105du. Chroni lakier przed brudem i innymi szkodliwymi czynnikami. Do ka\u017cdego wosku dodawany jest aplikator WORK STUFF Handy Wax Applicator.\u00a0 Aplikacja:\u00a0 Stosujemy na czysty i suchy lakier! Nabieramy wosk na powierzchni\u0119 aplikatora Delikatnie&hellip;&nbsp;<a href=\"https:\/\/liquidmaster.pl\/en\/good-stuff-show-wax-100ml-handy-wax-applicator\/\" rel=\"bookmark\">Read More \u00bb<span class=\"screen-reader-text\">Good Stuff Show Wax 100ml + Handy Wax Applicator<\/span><\/a><\/p>","protected":false},"featured_media":1847479,"comment_status":"open","ping_status":"open","template":"","meta":{"neve_meta_sidebar":"","neve_meta_container":"","neve_meta_enable_content_width":"","neve_meta_content_width":0,"neve_meta_title_alignment":"","neve_meta_author_avatar":"","neve_post_elements_order":"","neve_meta_disable_header":"","neve_meta_disable_footer":"","neve_meta_disable_title":"","_themeisle_gutenberg_block_has_review":false},"product_brand":[],"product_cat":[733,766,788],"product_tag":[300],"class_list":{"0":"post-1804353","1":"product","2":"type-product","3":"status-publish","4":"has-post-thumbnail","6":"product_cat-na-zewnatrz","7":"product_cat-ochrona-lakieru","8":"product_cat-woski","9":"product_tag-good-stuff","11":"first","12":"instock","13":"sale","14":"taxable","15":"shipping-taxable","16":"purchasable","17":"product-type-simple"},"_links":{"self":[{"href":"https:\/\/liquidmaster.pl\/en\/wp-json\/wp\/v2\/product\/1804353","targetHints":{"allow":["GET"]}}],"collection":[{"href":"https:\/\/liquidmaster.pl\/en\/wp-json\/wp\/v2\/product"}],"about":[{"href":"https:\/\/liquidmaster.pl\/en\/wp-json\/wp\/v2\/types\/product"}],"replies":[{"embeddable":true,"href":"https:\/\/liquidmaster.pl\/en\/wp-json\/wp\/v2\/comments?post=1804353"}],"wp:featuredmedia":[{"embeddable":true,"href":"https:\/\/liquidmaster.pl\/en\/wp-json\/wp\/v2\/media\/1847479"}],"wp:attachment":[{"href":"https:\/\/liquidmaster.pl\/en\/wp-json\/wp\/v2\/media?parent=1804353"}],"wp:term":[{"taxonomy":"product_brand","embeddable":true,"href":"https:\/\/liquidmaster.pl\/en\/wp-json\/wp\/v2\/product_brand?post=1804353"},{"taxonomy":"product_cat","embeddable":true,"href":"https:\/\/liquidmaster.pl\/en\/wp-json\/wp\/v2\/product_cat?post=1804353"},{"taxonomy":"product_tag","embeddable":true,"href":"https:\/\/liquidmaster.pl\/en\/wp-json\/wp\/v2\/product_tag?post=1804353"}],"curies":[{"name":"wp","href":"https:\/\/api.w.org\/{rel}","templated":true}]}}