{"id":1804337,"date":"2025-03-28T14:10:52","date_gmt":"2025-03-28T12:10:52","guid":{"rendered":"https:\/\/liquidmaster.pl\/hyper-wash-pro-acid-shampoo-5l-kwasny-szampon-samochodowy\/"},"modified":"2026-04-18T04:32:23","modified_gmt":"2026-04-18T02:32:23","slug":"hyper-wash-pro-acid-shampoo-5l-kwasny-szampon-samochodowy","status":"publish","type":"product","link":"https:\/\/liquidmaster.pl\/en\/hyper-wash-pro-acid-shampoo-5l-kwasny-szampon-samochodowy\/","title":{"rendered":"Hyper Wash Pro Acid Shampoo 5L - acidic car shampoo"},"content":{"rendered":"<p>Hyper Wash Pro Acid Shampoo - unusual shampoo with an acidic pH. Thanks to specially selected ingredients, it supports the removal of minerals from varnish, glass, rims. Shampoo formula designed to minimize the deposition of minerals during washing thanks to the chelates contained in the composition. Dissolves hard water deposits, at the same time restores shine and hydrophobicity to surfaces protected with ceramic coatings or waxes.<\/p>\n<p>It provides a thick and stable foam, which is not typical for acidic shampoos. The polymers contained in the composition give a large slip between the glove or sponge and the varnish, making washing safer. In addition, it contains strong surfactants that will cope with the worst dirt on the car body. It is easy to rinse.<\/p>\n<p>Advantages:<\/p>\n<ul>\n<li>Restores hydrophobicity to ceramic coatings<\/li>\n<li>Minimizes mineral build-up during washing<\/li>\n<li>Stable dense foam<\/li>\n<li>It aids the dissolution of minerals<\/li>\n<\/ul>\n<p>Usage:<\/p>\n<p>Dilute the shampoo as directed. Soak a mitt\/sponge in the diluted shampoo. Wash the car from top to bottom, often rinsing the mitt\/sponge in clean water. Leave the shampoo on the surface for as long as possible. Rinse the shampoo off the bodywork. Use in a dark place. Do not use on hot parts or in direct sunlight. Do not leave to dry.<\/p>\n<p>Dilution: Hand wash 1:200-1:400<\/p>\n<p>Tip: Wash Pro can be used as a pre-wash in PA to help dissolve the minerals. PA dilution 1:5 or spray 1:30-50.<\/p>\n<p>Capacity: 5L<\/p>\n<p>\u00a0<\/p>","protected":false},"excerpt":{"rendered":"<p>Hyper Wash Pro Acid Shampoo \u2013 nietypowy szampon o kwa\u015bnym pH. Dzi\u0119ki specjalnie dobranym sk\u0142adnikom wspomaga usuwanie minera\u0142\u00f3w z lakieru, szk\u0142a, felg. Receptura szamponu opracowana tak, aby podczas mycia minimalizowa\u0107 osadzanie si\u0119 minera\u0142\u00f3w dzi\u0119ki zawartych w sk\u0142adzie chelat\u00f3w. Rozpuszcza osady po twardej wodzie, jednocze\u015bnie przywraca blask i hydrofobowo\u015b\u0107 powierzchniom zabezpieczonym pow\u0142okami ceramicznymi czy woskami. Zapewnia&hellip;&nbsp;<a href=\"https:\/\/liquidmaster.pl\/en\/hyper-wash-pro-acid-shampoo-5l-kwasny-szampon-samochodowy\/\" rel=\"bookmark\">Read More \u00bb<span class=\"screen-reader-text\">Hyper Wash Pro Acid Shampoo 5L - acidic car shampoo<\/span><\/a><\/p>","protected":false},"featured_media":1847471,"comment_status":"open","ping_status":"open","template":"","meta":{"neve_meta_sidebar":"","neve_meta_container":"","neve_meta_enable_content_width":"","neve_meta_content_width":0,"neve_meta_title_alignment":"","neve_meta_author_avatar":"","neve_post_elements_order":"","neve_meta_disable_header":"","neve_meta_disable_footer":"","neve_meta_disable_title":"","_themeisle_gutenberg_block_has_review":false},"product_brand":[],"product_cat":[734,733,740],"product_tag":[593],"class_list":{"0":"post-1804337","1":"product","2":"type-product","3":"status-publish","4":"has-post-thumbnail","6":"product_cat-mycie-i-osuszanie","7":"product_cat-na-zewnatrz","8":"product_cat-szampony-mycie-i-osuszanie","9":"product_tag-hyper","11":"first","12":"instock","13":"taxable","14":"shipping-taxable","15":"purchasable","16":"product-type-simple"},"_links":{"self":[{"href":"https:\/\/liquidmaster.pl\/en\/wp-json\/wp\/v2\/product\/1804337","targetHints":{"allow":["GET"]}}],"collection":[{"href":"https:\/\/liquidmaster.pl\/en\/wp-json\/wp\/v2\/product"}],"about":[{"href":"https:\/\/liquidmaster.pl\/en\/wp-json\/wp\/v2\/types\/product"}],"replies":[{"embeddable":true,"href":"https:\/\/liquidmaster.pl\/en\/wp-json\/wp\/v2\/comments?post=1804337"}],"wp:featuredmedia":[{"embeddable":true,"href":"https:\/\/liquidmaster.pl\/en\/wp-json\/wp\/v2\/media\/1847471"}],"wp:attachment":[{"href":"https:\/\/liquidmaster.pl\/en\/wp-json\/wp\/v2\/media?parent=1804337"}],"wp:term":[{"taxonomy":"product_brand","embeddable":true,"href":"https:\/\/liquidmaster.pl\/en\/wp-json\/wp\/v2\/product_brand?post=1804337"},{"taxonomy":"product_cat","embeddable":true,"href":"https:\/\/liquidmaster.pl\/en\/wp-json\/wp\/v2\/product_cat?post=1804337"},{"taxonomy":"product_tag","embeddable":true,"href":"https:\/\/liquidmaster.pl\/en\/wp-json\/wp\/v2\/product_tag?post=1804337"}],"curies":[{"name":"wp","href":"https:\/\/api.w.org\/{rel}","templated":true}]}}