{"id":1804318,"date":"2025-03-28T14:10:05","date_gmt":"2025-03-28T12:10:05","guid":{"rendered":"https:\/\/liquidmaster.pl\/hyper-safe-inside-interior-dressing-5l-pielegnacja-i-ochrona-plastikow-wewnetrznych\/"},"modified":"2026-04-18T04:32:22","modified_gmt":"2026-04-18T02:32:22","slug":"hyper-safe-inside-interior-dressing-5l-pielegnacja-i-ochrona-plastikow-wewnetrznych","status":"publish","type":"product","link":"https:\/\/liquidmaster.pl\/en\/hyper-safe-inside-interior-dressing-5l-pielegnacja-i-ochrona-plastikow-wewnetrznych\/","title":{"rendered":"Hyper Safe Inside Interior Dressing 5L - care and protection of internal plastics"},"content":{"rendered":"<p>Hyper Safe Inside Interior Dressing - Water-based, hypoallergenic dressing. It contains strong UV blockers that are responsible for protecting against degradation of plastics. Safe Inside can protect all interior plastics and all types of leather. The polymers contained in the composition guarantee high hydrophobicity of the protected surfaces. Leaves an elegant matte finish.<\/p>\n<p>Advantages:<\/p>\n<ul>\n<li>High hydrophobicity - resistance to stains during rain on plastics<\/li>\n<li>Odorless fragrance - dressing ideal for allergy sufferers and protecting new cars<\/li>\n<li>Contains UV blockers<\/li>\n<\/ul>\n<p>Usage:<\/p>\n<p>Apply the preparation to the applicator. Apply to a given surface. Wipe away excess product with a microfiber.<\/p>\n<p>Capacity: 5L<\/p>\n<p>\u00a0<\/p>","protected":false},"excerpt":{"rendered":"<p>Hyper Safe Inside Interior Dressing \u2013 Dressing na bazie wody, hipoalergiczny. Zawiera silne blokery UV, kt\u00f3re odpowiadaj\u0105 za ochron\u0119 przed degradacj\u0105 tworzyw. Safe Inside mo\u017cna zabezpieczy\u0107 wszystkie plastiki wewn\u0119trzne oraz wszystkie rodzaje sk\u00f3r. Polimery zawarte w sk\u0142adzie gwarantuj\u0105 wysok\u0105 hydrofobowo\u015b\u0107 zabezpieczonych powierzchni. Pozostawia eleganckie matowe wyko\u0144czenie. Zalety: Wysoka hydrofobowo\u015b\u0107\u00a0\u2013 odporno\u015b\u0107 na plamy podczas deszczu na&hellip;&nbsp;<a href=\"https:\/\/liquidmaster.pl\/en\/hyper-safe-inside-interior-dressing-5l-pielegnacja-i-ochrona-plastikow-wewnetrznych\/\" rel=\"bookmark\">Read More \u00bb<span class=\"screen-reader-text\">Hyper Safe Inside Interior Dressing 5L - care and protection of internal plastics<\/span><\/a><\/p>","protected":false},"featured_media":1847459,"comment_status":"open","ping_status":"open","template":"","meta":{"neve_meta_sidebar":"","neve_meta_container":"","neve_meta_enable_content_width":"","neve_meta_content_width":0,"neve_meta_title_alignment":"","neve_meta_author_avatar":"","neve_post_elements_order":"","neve_meta_disable_header":"","neve_meta_disable_footer":"","neve_meta_disable_title":"","_themeisle_gutenberg_block_has_review":false},"product_brand":[],"product_cat":[796,795,768],"product_tag":[593],"class_list":{"0":"post-1804318","1":"product","2":"type-product","3":"status-publish","4":"has-post-thumbnail","6":"product_cat-ochrona-plastikow-wewnetrznych","7":"product_cat-plastiki-wewnetrzne","8":"product_cat-wnetrze-auta","9":"product_tag-hyper","10":"pa_promocja-promocje","12":"first","13":"instock","14":"sale","15":"taxable","16":"shipping-taxable","17":"purchasable","18":"product-type-simple"},"_links":{"self":[{"href":"https:\/\/liquidmaster.pl\/en\/wp-json\/wp\/v2\/product\/1804318","targetHints":{"allow":["GET"]}}],"collection":[{"href":"https:\/\/liquidmaster.pl\/en\/wp-json\/wp\/v2\/product"}],"about":[{"href":"https:\/\/liquidmaster.pl\/en\/wp-json\/wp\/v2\/types\/product"}],"replies":[{"embeddable":true,"href":"https:\/\/liquidmaster.pl\/en\/wp-json\/wp\/v2\/comments?post=1804318"}],"wp:featuredmedia":[{"embeddable":true,"href":"https:\/\/liquidmaster.pl\/en\/wp-json\/wp\/v2\/media\/1847459"}],"wp:attachment":[{"href":"https:\/\/liquidmaster.pl\/en\/wp-json\/wp\/v2\/media?parent=1804318"}],"wp:term":[{"taxonomy":"product_brand","embeddable":true,"href":"https:\/\/liquidmaster.pl\/en\/wp-json\/wp\/v2\/product_brand?post=1804318"},{"taxonomy":"product_cat","embeddable":true,"href":"https:\/\/liquidmaster.pl\/en\/wp-json\/wp\/v2\/product_cat?post=1804318"},{"taxonomy":"product_tag","embeddable":true,"href":"https:\/\/liquidmaster.pl\/en\/wp-json\/wp\/v2\/product_tag?post=1804318"}],"curies":[{"name":"wp","href":"https:\/\/api.w.org\/{rel}","templated":true}]}}