{"id":1804300,"date":"2025-03-28T14:08:29","date_gmt":"2025-03-28T12:08:29","guid":{"rendered":"https:\/\/liquidmaster.pl\/hyper-prepx-degreaser-500ml-odtluszczacz-do-lakieru\/"},"modified":"2026-04-21T07:17:02","modified_gmt":"2026-04-21T05:17:02","slug":"hyper-prepx-degreaser-500ml-odtluszczacz-do-lakieru","status":"publish","type":"product","link":"https:\/\/liquidmaster.pl\/en\/hyper-prepx-degreaser-500ml-odtluszczacz-do-lakieru\/","title":{"rendered":"Hyper PrepX Degreaser 500ml - paint degreaser"},"content":{"rendered":"<p>Hyper PrepX Degreaser - an effective but non-aggressive product for removing polish residues. The contained ingredients prepare the varnish before the application of ceramic coatings, waxes, etc. Effective degreasing allows the protection to be firmly bonded to the surface. It quickly evaporates from the surface. Effectively cleans windows and mirrors.<\/p>\n<p>Advantages:<\/p>\n<ul>\n<li>Safe for surfaces<\/li>\n<li>Strongly degreases<\/li>\n<li>It evaporates quickly<\/li>\n<\/ul>\n<p>Usage:<\/p>\n<p>Apply the preparation. Wipe dry with a microfiber.<\/p>\n<p>Tip: PerpX is great for cleaning and degreasing glass and mirror surfaces.<\/p>\n<p>Capacity: 500 ml<\/p>","protected":false},"excerpt":{"rendered":"<p>Hyper PrepX Degreaser \u2013 skuteczny, ale nie agresywny produkt do usuwania pozosta\u0142o\u015bci po pastach polerskich. Zawarte sk\u0142adniki przygotowuj\u0105 lakier przed aplikacj\u0105 pow\u0142ok ceramicznych, wosk\u00f3w itp. Skuteczne odt\u0142uszczenie pozwala zabezpieczeniom na mocne zwi\u0105zanie z powierzchni\u0105. Szybko odparowuje z powierzchni. Skutecznie czy\u015bci szyby i lustra. Zalety: Bezpieczny dla powierzchni Mocno odt\u0142uszcza Szybko odparowuje Spos\u00f3b u\u017cycia: Nanie\u015b\u0107 preparat.&hellip;&nbsp;<a href=\"https:\/\/liquidmaster.pl\/en\/hyper-prepx-degreaser-500ml-odtluszczacz-do-lakieru\/\" rel=\"bookmark\">Read More \u00bb<span class=\"screen-reader-text\">Hyper PrepX Degreaser 500ml - paint degreaser<\/span><\/a><\/p>","protected":false},"featured_media":1847452,"comment_status":"open","ping_status":"open","template":"","meta":{"neve_meta_sidebar":"","neve_meta_container":"","neve_meta_enable_content_width":"","neve_meta_content_width":0,"neve_meta_title_alignment":"","neve_meta_author_avatar":"","neve_post_elements_order":"","neve_meta_disable_header":"","neve_meta_disable_footer":"","neve_meta_disable_title":"","_themeisle_gutenberg_block_has_review":false},"product_brand":[],"product_cat":[749,752,748],"product_tag":[593],"class_list":{"0":"post-1804300","1":"product","2":"type-product","3":"status-publish","4":"has-post-thumbnail","6":"product_cat-akcesoria-polerskie","7":"product_cat-inspekcja-lakieru-akcesoria-polerskie","8":"product_cat-polerowanie","9":"product_tag-hyper","11":"first","12":"instock","13":"taxable","14":"shipping-taxable","15":"purchasable","16":"product-type-simple"},"_links":{"self":[{"href":"https:\/\/liquidmaster.pl\/en\/wp-json\/wp\/v2\/product\/1804300","targetHints":{"allow":["GET"]}}],"collection":[{"href":"https:\/\/liquidmaster.pl\/en\/wp-json\/wp\/v2\/product"}],"about":[{"href":"https:\/\/liquidmaster.pl\/en\/wp-json\/wp\/v2\/types\/product"}],"replies":[{"embeddable":true,"href":"https:\/\/liquidmaster.pl\/en\/wp-json\/wp\/v2\/comments?post=1804300"}],"wp:featuredmedia":[{"embeddable":true,"href":"https:\/\/liquidmaster.pl\/en\/wp-json\/wp\/v2\/media\/1847452"}],"wp:attachment":[{"href":"https:\/\/liquidmaster.pl\/en\/wp-json\/wp\/v2\/media?parent=1804300"}],"wp:term":[{"taxonomy":"product_brand","embeddable":true,"href":"https:\/\/liquidmaster.pl\/en\/wp-json\/wp\/v2\/product_brand?post=1804300"},{"taxonomy":"product_cat","embeddable":true,"href":"https:\/\/liquidmaster.pl\/en\/wp-json\/wp\/v2\/product_cat?post=1804300"},{"taxonomy":"product_tag","embeddable":true,"href":"https:\/\/liquidmaster.pl\/en\/wp-json\/wp\/v2\/product_tag?post=1804300"}],"curies":[{"name":"wp","href":"https:\/\/api.w.org\/{rel}","templated":true}]}}