{"id":1804294,"date":"2025-03-28T14:08:05","date_gmt":"2025-03-28T12:08:05","guid":{"rendered":"https:\/\/liquidmaster.pl\/hyper-super-clean-apc-5l-uniwersalny-srodek-do-czyszczenia\/"},"modified":"2026-04-01T02:08:02","modified_gmt":"2026-04-01T00:08:02","slug":"hyper-super-clean-apc-5l-uniwersalny-srodek-do-czyszczenia","status":"publish","type":"product","link":"https:\/\/liquidmaster.pl\/en\/hyper-super-clean-apc-5l-uniwersalny-srodek-do-czyszczenia\/","title":{"rendered":"Hyper Super Clean APC 5L - universal cleaner"},"content":{"rendered":"<p>Hyper Super Clean APC - APC type product. The versatility of the product depends only on the dilution. It can be used on surfaces outside and inside the vehicle. Strongly degreases cleaning surfaces. It contains negligible traces of sodium and potassium. Thanks to Super Clean, you will perform an effective pre wash, clean tires, rims, wash fabric upholstery, make a bonnet, clean plastics, remove insects and bird droppings from the car body.<\/p>\n<p>It is ideal for the last stage of washing before paint correction and protection application. Removes residues of decontamination agents and degreases surfaces.<\/p>\n<p>Usage:<\/p>\n<p>Dilute the product as needed. Apply the product to the surfaces, work out if necessary. Wipe dry or rinse with plenty of water. Do not use on heated elements. Do not use in direct sunlight. Do not leave to dry.<\/p>\n<p>dilution:<\/p>\n<ul>\n<li>Pre-wash, cleaning tires, rims, removing insects 1:10<\/li>\n<li>Upholstery washing 1:50 (in the case of heavy soiling 1:30)<\/li>\n<li>Bonnet 1:15-1:20<\/li>\n<li>Cleaning of internal surfaces 1:100<\/li>\n<\/ul>\n<p>Attention! Test the product in an inconspicuous place before use.<\/p>\n<p>Capacity: 5L<\/p>\n<p>\u00a0<\/p>","protected":false},"excerpt":{"rendered":"<p>Hyper Super Clean APC \u2013 produkt typu APC. Wszechstronno\u015b\u0107 produktu jest zale\u017cna tylko od rozcie\u0144czenia. Mo\u017ce by\u0107 stosowany do powierzchni zewn\u0105trz i wewn\u0105trz pojazdu. Silnie odt\u0142uszcza powierzchnie czyszcz\u0105ce. Zawiera znikome \u015blady sodu i potasu. Dzi\u0119ki Super Clean wykonasz skuteczny pre wash, wyczy\u015bcisz opony, felgi, wypierzesz tapicerk\u0119 materia\u0142ow\u0105, wykonasz bonnet, wyczy\u015bcisz plastiki, usuniesz insekty i ptasie&hellip;&nbsp;<a href=\"https:\/\/liquidmaster.pl\/en\/hyper-super-clean-apc-5l-uniwersalny-srodek-do-czyszczenia\/\" rel=\"bookmark\">Read More \u00bb<span class=\"screen-reader-text\">Hyper Super Clean APC 5L - universal cleaner<\/span><\/a><\/p>","protected":false},"featured_media":1847449,"comment_status":"open","ping_status":"open","template":"","meta":{"neve_meta_sidebar":"","neve_meta_container":"","neve_meta_enable_content_width":"","neve_meta_content_width":0,"neve_meta_title_alignment":"","neve_meta_author_avatar":"","neve_post_elements_order":"","neve_meta_disable_header":"","neve_meta_disable_footer":"","neve_meta_disable_title":"","_themeisle_gutenberg_block_has_review":false},"product_brand":[],"product_cat":[742,734,733],"product_tag":[593],"class_list":{"0":"post-1804294","1":"product","2":"type-product","3":"status-publish","4":"has-post-thumbnail","6":"product_cat-apc-mycie-i-osuszanie","7":"product_cat-mycie-i-osuszanie","8":"product_cat-na-zewnatrz","9":"product_tag-hyper","10":"pa_promocja-promocje","12":"first","13":"outofstock","14":"taxable","15":"shipping-taxable","16":"purchasable","17":"product-type-simple"},"_links":{"self":[{"href":"https:\/\/liquidmaster.pl\/en\/wp-json\/wp\/v2\/product\/1804294","targetHints":{"allow":["GET"]}}],"collection":[{"href":"https:\/\/liquidmaster.pl\/en\/wp-json\/wp\/v2\/product"}],"about":[{"href":"https:\/\/liquidmaster.pl\/en\/wp-json\/wp\/v2\/types\/product"}],"replies":[{"embeddable":true,"href":"https:\/\/liquidmaster.pl\/en\/wp-json\/wp\/v2\/comments?post=1804294"}],"wp:featuredmedia":[{"embeddable":true,"href":"https:\/\/liquidmaster.pl\/en\/wp-json\/wp\/v2\/media\/1847449"}],"wp:attachment":[{"href":"https:\/\/liquidmaster.pl\/en\/wp-json\/wp\/v2\/media?parent=1804294"}],"wp:term":[{"taxonomy":"product_brand","embeddable":true,"href":"https:\/\/liquidmaster.pl\/en\/wp-json\/wp\/v2\/product_brand?post=1804294"},{"taxonomy":"product_cat","embeddable":true,"href":"https:\/\/liquidmaster.pl\/en\/wp-json\/wp\/v2\/product_cat?post=1804294"},{"taxonomy":"product_tag","embeddable":true,"href":"https:\/\/liquidmaster.pl\/en\/wp-json\/wp\/v2\/product_tag?post=1804294"}],"curies":[{"name":"wp","href":"https:\/\/api.w.org\/{rel}","templated":true}]}}