{"id":1804284,"date":"2025-03-28T14:06:52","date_gmt":"2025-03-28T12:06:52","guid":{"rendered":"https:\/\/liquidmaster.pl\/hyper-iron-storm-iron-remover-5l-usuwa-zanieczyszczenia-metaliczne\/"},"modified":"2026-04-18T04:32:20","modified_gmt":"2026-04-18T02:32:20","slug":"hyper-iron-storm-iron-remover-5l-usuwa-zanieczyszczenia-metaliczne","status":"publish","type":"product","link":"https:\/\/liquidmaster.pl\/en\/hyper-iron-storm-iron-remover-5l-usuwa-zanieczyszczenia-metaliczne\/","title":{"rendered":"Hyper Iron Storm Iron Remover 5L - removes metallic impurities"},"content":{"rendered":"<p>Hyper Iron Storm Iron Remover - iron remover product, ready to use. The neutral pH of the product removes metallic impurities from varnish, glass, plastics, rims. The advanced formula immediately reacts with metallic deposits, dissolving them to a characteristic purple color. The surfactants contained in the composition make it easier to rinse the product with a pressure washer. As one of the few, it does not have the unpleasant smell of a &quot;rotten egg&quot;, which is characteristic of this type of product.<\/p>\n<p>Advantages:<\/p>\n<ul>\n<li>Ready to use<\/li>\n<li>Fast reaction with metal filings<\/li>\n<li>No bad smell<\/li>\n<li>Easy to rinse<\/li>\n<\/ul>\n<p>Usage:<\/p>\n<p>Apply the preparation to a dry and cool varnish. Wait 2-4 minutes. Rinse with a large stream of water. Do not let it dry. Do not use in the sun or hot elements.<\/p>\n<p>Tip: Using Iron Storm, you can perform both chemical and mechanical decontamination at the same time. Apply the preparation to the varnish, wait 1-2 minutes and use clay for decontamination. Iron Storm contains slip-enhancing polymers for clay.<\/p>\n<p>Capacity: 5L<\/p>\n<p>\u00a0<\/p>","protected":false},"excerpt":{"rendered":"<p>Hyper Iron Storm Iron Remover \u2013 produkt typu iron remover, gotowy do u\u017cycia. Neutralne pH produktu usuwa zanieczyszczenia pochodzenia metalicznego z lakieru, szk\u0142a, plastik\u00f3w, felg. Zaawansowana formu\u0142a natychmiast wchodzi w reakcje z osadami metalicznymi, rozpuszczaj\u0105c je na charakterystyczny kolor fioletowy. Zawarte w sk\u0142adzie \u015brodki powierzchniowo-czynne u\u0142atwiaj\u0105 sp\u0142ukanie produktu za pomoc\u0105 myjki ci\u015bnieniowej. Jako nieliczny nie&hellip;&nbsp;<a href=\"https:\/\/liquidmaster.pl\/en\/hyper-iron-storm-iron-remover-5l-usuwa-zanieczyszczenia-metaliczne\/\" rel=\"bookmark\">Read More \u00bb<span class=\"screen-reader-text\">Hyper Iron Storm Iron Remover 5L - removes metallic impurities<\/span><\/a><\/p>","protected":false},"featured_media":1847444,"comment_status":"open","ping_status":"open","template":"","meta":{"neve_meta_sidebar":"","neve_meta_container":"","neve_meta_enable_content_width":"","neve_meta_content_width":0,"neve_meta_title_alignment":"","neve_meta_author_avatar":"","neve_post_elements_order":"","neve_meta_disable_header":"","neve_meta_disable_footer":"","neve_meta_disable_title":"","_themeisle_gutenberg_block_has_review":false},"product_brand":[],"product_cat":[744,743,733],"product_tag":[593],"class_list":{"0":"post-1804284","1":"product","2":"type-product","3":"status-publish","4":"has-post-thumbnail","6":"product_cat-deironizacja","7":"product_cat-dekontaminacja","8":"product_cat-na-zewnatrz","9":"product_tag-hyper","10":"pa_promocja-promocje","12":"first","13":"outofstock","14":"taxable","15":"shipping-taxable","16":"purchasable","17":"product-type-simple"},"_links":{"self":[{"href":"https:\/\/liquidmaster.pl\/en\/wp-json\/wp\/v2\/product\/1804284","targetHints":{"allow":["GET"]}}],"collection":[{"href":"https:\/\/liquidmaster.pl\/en\/wp-json\/wp\/v2\/product"}],"about":[{"href":"https:\/\/liquidmaster.pl\/en\/wp-json\/wp\/v2\/types\/product"}],"replies":[{"embeddable":true,"href":"https:\/\/liquidmaster.pl\/en\/wp-json\/wp\/v2\/comments?post=1804284"}],"wp:featuredmedia":[{"embeddable":true,"href":"https:\/\/liquidmaster.pl\/en\/wp-json\/wp\/v2\/media\/1847444"}],"wp:attachment":[{"href":"https:\/\/liquidmaster.pl\/en\/wp-json\/wp\/v2\/media?parent=1804284"}],"wp:term":[{"taxonomy":"product_brand","embeddable":true,"href":"https:\/\/liquidmaster.pl\/en\/wp-json\/wp\/v2\/product_brand?post=1804284"},{"taxonomy":"product_cat","embeddable":true,"href":"https:\/\/liquidmaster.pl\/en\/wp-json\/wp\/v2\/product_cat?post=1804284"},{"taxonomy":"product_tag","embeddable":true,"href":"https:\/\/liquidmaster.pl\/en\/wp-json\/wp\/v2\/product_tag?post=1804284"}],"curies":[{"name":"wp","href":"https:\/\/api.w.org\/{rel}","templated":true}]}}