{"id":1804260,"date":"2025-03-28T14:04:58","date_gmt":"2025-03-28T12:04:58","guid":{"rendered":"https:\/\/liquidmaster.pl\/rupes-da-wool-medium-150-170mm-futro-polerskie\/"},"modified":"2026-04-18T04:25:37","modified_gmt":"2026-04-18T02:25:37","slug":"rupes-da-wool-medium-150-170mm-futro-polerskie","status":"publish","type":"product","link":"https:\/\/liquidmaster.pl\/en\/rupes-da-wool-medium-150170mm-futro-polerskie\/","title":{"rendered":"Rupes DA Wool MEDIUM 150\/170mm \u2013 polishing fur"},"content":{"rendered":"<p>RUPES MEDIUM polishing fur is a polishing (finishing) fur made of natural sheep wool intended for use with Rupes polishing machines. Removes minor paint defects and finishes the surface after using more aggressive polishing discs.<\/p>\n<p>Size: 150\/170 mm<\/p>","protected":false},"excerpt":{"rendered":"<p>RUPES Futro polerskie MEDIUM\u00a0to futro polerskie (wyka\u0144czaj\u0105ce) z naturalnej we\u0142ny owczej przeznaczone do u\u017cytku z maszynami polerskimi\u00a0Rupes. Usuwa drobne defekty lakieru, wyka\u0144cza powierzchni\u0119 po u\u017cyciu bardziej agresywnych dysk\u00f3w poleruj\u0105cych. Rozmiar: 150\/170 mm<\/p>","protected":false},"featured_media":1846388,"comment_status":"open","ping_status":"open","template":"","meta":{"neve_meta_sidebar":"","neve_meta_container":"","neve_meta_enable_content_width":"","neve_meta_content_width":0,"neve_meta_title_alignment":"","neve_meta_author_avatar":"","neve_post_elements_order":"","neve_meta_disable_header":"","neve_meta_disable_footer":"","neve_meta_disable_title":"","_themeisle_gutenberg_block_has_review":false},"product_brand":[],"product_cat":[840,822,748],"product_tag":[354],"class_list":{"0":"post-1804260","1":"product","2":"type-product","3":"status-publish","4":"has-post-thumbnail","6":"product_cat-futra-polerskie","7":"product_cat-pady-polerskie","8":"product_cat-polerowanie","9":"product_tag-rupes","11":"first","12":"instock","13":"taxable","14":"shipping-taxable","15":"purchasable","16":"product-type-simple"},"_links":{"self":[{"href":"https:\/\/liquidmaster.pl\/en\/wp-json\/wp\/v2\/product\/1804260","targetHints":{"allow":["GET"]}}],"collection":[{"href":"https:\/\/liquidmaster.pl\/en\/wp-json\/wp\/v2\/product"}],"about":[{"href":"https:\/\/liquidmaster.pl\/en\/wp-json\/wp\/v2\/types\/product"}],"replies":[{"embeddable":true,"href":"https:\/\/liquidmaster.pl\/en\/wp-json\/wp\/v2\/comments?post=1804260"}],"wp:featuredmedia":[{"embeddable":true,"href":"https:\/\/liquidmaster.pl\/en\/wp-json\/wp\/v2\/media\/1846388"}],"wp:attachment":[{"href":"https:\/\/liquidmaster.pl\/en\/wp-json\/wp\/v2\/media?parent=1804260"}],"wp:term":[{"taxonomy":"product_brand","embeddable":true,"href":"https:\/\/liquidmaster.pl\/en\/wp-json\/wp\/v2\/product_brand?post=1804260"},{"taxonomy":"product_cat","embeddable":true,"href":"https:\/\/liquidmaster.pl\/en\/wp-json\/wp\/v2\/product_cat?post=1804260"},{"taxonomy":"product_tag","embeddable":true,"href":"https:\/\/liquidmaster.pl\/en\/wp-json\/wp\/v2\/product_tag?post=1804260"}],"curies":[{"name":"wp","href":"https:\/\/api.w.org\/{rel}","templated":true}]}}