{"id":1804258,"date":"2025-03-28T14:04:51","date_gmt":"2025-03-28T12:04:51","guid":{"rendered":"https:\/\/liquidmaster.pl\/hyper-bye-bugs-bug-remover-500ml-preparat-do-usuwania-owadow\/"},"modified":"2026-04-18T04:32:17","modified_gmt":"2026-04-18T02:32:17","slug":"hyper-bye-bugs-bug-remover-500ml-preparat-do-usuwania-owadow","status":"publish","type":"product","link":"https:\/\/liquidmaster.pl\/en\/hyper-bye-bugs-bug-remover-500ml-preparat-do-usuwania-owadow\/","title":{"rendered":"Hyper Bye Bugs Bug Remover 500ml - preparation for removing insects"},"content":{"rendered":"<p>Hyper Bye Bugs Bug Remover - An effective preparation for safe removal of insects from the car body, headlights, glass, chrome, plastics. Does not leave pitting on the paint. Effectively dissolves and softens organic impurities.<\/p>\n<p>Usage:<\/p>\n<p>Spray the surface with the preparation and wait 1-3 minutes. Do not leave the preparation to dry. Do not apply to a hot surface.<\/p>\n<p>Capacity: 500 ml<\/p>\n<p>\u00a0<\/p>","protected":false},"excerpt":{"rendered":"<p>Hyper Bye Bugs Bug Remover \u2013 Skuteczny preparat do bezpiecznego usuwania owad\u00f3w z karoserii, reflektor\u00f3w, szk\u0142a, chrom\u00f3w, tworzyw sztucznych. Nie pozostawia w\u017cer\u00f3w na lakierze. Skutecznie rozpuszcza i zmi\u0119kcza zanieczyszczenia organiczne. Spos\u00f3b u\u017cycia: Spryskaj powierzchnie preparatem i odczekaj 1-3 minut. Nie pozostawiaj preparatu do wyschni\u0119cia. Nie aplikuj na rozgrzan\u0105 powierzchni\u0119. Pojemno\u015b\u0107: 500 ml \u00a0<\/p>","protected":false},"featured_media":1847430,"comment_status":"open","ping_status":"open","template":"","meta":{"neve_meta_sidebar":"","neve_meta_container":"","neve_meta_enable_content_width":"","neve_meta_content_width":0,"neve_meta_title_alignment":"","neve_meta_author_avatar":"","neve_post_elements_order":"","neve_meta_disable_header":"","neve_meta_disable_footer":"","neve_meta_disable_title":"","_themeisle_gutenberg_block_has_review":false},"product_brand":[],"product_cat":[743,733,754],"product_tag":[593],"class_list":{"0":"post-1804258","1":"product","2":"type-product","3":"status-publish","4":"has-post-thumbnail","6":"product_cat-dekontaminacja","7":"product_cat-na-zewnatrz","8":"product_cat-usuwanie-owadow","9":"product_tag-hyper","11":"first","12":"outofstock","13":"taxable","14":"shipping-taxable","15":"purchasable","16":"product-type-simple"},"_links":{"self":[{"href":"https:\/\/liquidmaster.pl\/en\/wp-json\/wp\/v2\/product\/1804258","targetHints":{"allow":["GET"]}}],"collection":[{"href":"https:\/\/liquidmaster.pl\/en\/wp-json\/wp\/v2\/product"}],"about":[{"href":"https:\/\/liquidmaster.pl\/en\/wp-json\/wp\/v2\/types\/product"}],"replies":[{"embeddable":true,"href":"https:\/\/liquidmaster.pl\/en\/wp-json\/wp\/v2\/comments?post=1804258"}],"wp:featuredmedia":[{"embeddable":true,"href":"https:\/\/liquidmaster.pl\/en\/wp-json\/wp\/v2\/media\/1847430"}],"wp:attachment":[{"href":"https:\/\/liquidmaster.pl\/en\/wp-json\/wp\/v2\/media?parent=1804258"}],"wp:term":[{"taxonomy":"product_brand","embeddable":true,"href":"https:\/\/liquidmaster.pl\/en\/wp-json\/wp\/v2\/product_brand?post=1804258"},{"taxonomy":"product_cat","embeddable":true,"href":"https:\/\/liquidmaster.pl\/en\/wp-json\/wp\/v2\/product_cat?post=1804258"},{"taxonomy":"product_tag","embeddable":true,"href":"https:\/\/liquidmaster.pl\/en\/wp-json\/wp\/v2\/product_tag?post=1804258"}],"curies":[{"name":"wp","href":"https:\/\/api.w.org\/{rel}","templated":true}]}}