{"id":1804256,"date":"2025-03-28T14:04:51","date_gmt":"2025-03-28T12:04:51","guid":{"rendered":"https:\/\/liquidmaster.pl\/yanosik-alert-ostrzegajacy-pilot-do-aplikacji-yanosik\/"},"modified":"2026-04-20T08:11:11","modified_gmt":"2026-04-20T06:11:11","slug":"yanosik-alert-ostrzegajacy-pilot-do-aplikacji-yanosik","status":"publish","type":"product","link":"https:\/\/liquidmaster.pl\/en\/yanosik-alert-ostrzegajacy-pilot-do-aplikacji-yanosik\/","title":{"rendered":"Yanosik ALERT - Alert remote control for the Yanosik app"},"content":{"rendered":"<p>DODAWAJ ZG\u0141OSZENIA JESZCZE WYGODNIEJ<br \/>\nYanosik Alert to pilot, kt\u00f3ry wspiera prac\u0119 aplikacji Yanosik. Sprawia, \u017ce korzystanie z ostrzegania jest jeszcze wygodniejsze \u2013 mo\u017cesz potwierdza\u0107 i odwo\u0142ywa\u0107 zg\u0142oszenia z trasy jednym przyciskiem na urz\u0105dzeniu!<\/p>\n<p>Jak to dzia\u0142a? Lektor podaje najpopularniejsze typy zdarze\u0144, a Ty wybierasz w\u0142a\u015bciwe i zatwierdzasz przyciskiem \u201c+\u201d na pilocie. Odwo\u0142ywanie zdarze\u0144 jest r\u00f3wnie proste \u2013 wystarczy u\u017cy\u0107 przycisku ze znakiem \u201e-\u201d.<\/p>\n<p>KOMFORT JAKIEGO NIE ZNASZ<br \/>\nNigdy nie zapomnisz w\u0142\u0105czy\u0107 swojego pilota<\/p>\n<p>Yanosik Alert uruchomi si\u0119 automatycznie, gdy wsi\u0105dziesz do samochodu. Dzi\u0119ki temu, nigdy nie zapomnisz o w\u0142\u0105czeniu swojego pilota i pozostaniesz na bie\u017c\u0105co ze wszystkimi zdarzeniami z trasy, o kt\u00f3rych b\u0119dzie Ci\u0119 ostrzega\u0142.<\/p>\n<p>Mo\u017cesz go zamontowa\u0107 w trzech lokalizacjach w aucie \u2013 na kokpicie, konsoli g\u00f3rnej (pod sufitem) i na przedniej szybie, nie ograniczaj\u0105c widoczno\u015bci.<\/p>\n<p>DON&#039;T WORRY ABOUT CHARGING<br \/>\nPilota nie trzeba \u0142adowa\u0107 na bie\u017c\u0105co \u2013 jest wyposa\u017cony w bateri\u0119 pastylkow\u0105 CR2, kt\u00f3ra zapewnia mu wydajno\u015b\u0107 na okres 2 lat! Po up\u0142ywie tego okresu, wystarczy wymieni\u0107 j\u0105 na now\u0105. Prawda, \u017ce to wygodne?<\/p>\n<p>WIRELESS CONNECTION<br \/>\nYanosik Alert dzia\u0142a w symbiozie z nasz\u0105 aplikacj\u0105* \u2013 wystarczy wsi\u0105\u015b\u0107 do auta i pilot uruchomi si\u0119 automatycznie, a do tego w\u0142\u0105czy aplikacj\u0119 Yanosik w tryb pracy w tle. Odpal silnik i ruszaj w tras\u0119, bezpiecznie i bez przyg\u00f3d!<\/p>\n<p>*Przy pierwszym u\u017cyciu nale\u017cy po\u0142\u0105czy\u0107 pilota z aplikacj\u0105 Yanosik.<\/p>\n<p>ZAPEWNIJ BEZPIECZE\u0143STWO SWOIM BLISKIM<br \/>\nYanosik Alert to doskona\u0142y pomys\u0142 na prezent! Podarowuj\u0105c go bliskiej osobie, zadbasz o jej bezpiecze\u0144stwo. Pilot b\u0119dzie j\u0105 informowa\u0142 o bie\u017c\u0105cej sytuacji na trasie i dzi\u0119ki niemu dotrze do celu podr\u00f3\u017cy bez przykrych niespodzianek. A Ty zyskasz wi\u0119cej spokoju, wiedz\u0105c, \u017ce ma takie wsparcie w drodze!<\/p>\n<p>DO\u0141\u0104CZ DO SPO\u0141ECZNO\u015aCI<br \/>\nPo sparowaniu pilota z aplikacj\u0105 Yanosik zyskasz mn\u00f3stwo dodatkowych opcji! Dowiesz si\u0119, gdzie w Twojej okolicy znajduje si\u0119 najlepszy warsztat samochodowy, przechowasz wszystkie swoje motoryzacyjne wydatki w jednym miejscu, op\u0142acisz przejazdy autostradami A1 i A4, kupisz e-winiet\u0119 i wiele wi\u0119cej.<\/p>\n<p>Specyfikacja Yanosik Alert<\/p>\n<ul>\n<li>Wymiary: 64 mm x 34 mm x 15 mm<\/li>\n<li>Weight: 40 g<\/li>\n<li>Rodzaj zasilania: Bateria CR2450<\/li>\n<li>Funkcje dodatkowe: Wyposa\u017cony w \u015bwiec\u0105c\u0105 diod\u0119<\/li>\n<\/ul>\n<p>Contents of the package<\/p>\n<ul>\n<li>Pilot Yanosik Alert,<\/li>\n<li>1 x wymienna bateria pastylkowa CR2450,<\/li>\n<li>instrukcja obs\u0142ugi.<\/li>\n<\/ul>\n<p>ATTENTION!<\/p>\n<p>Yanosik Alert, jak wi\u0119kszo\u015b\u0107 urz\u0105dze\u0144 elektronicznych, nie jest odporny na skrajnie wysokie i niskie temperatury, kt\u00f3re mog\u0105 wp\u0142ywa\u0107 na jako\u015b\u0107 dzia\u0142ania urz\u0105dzenia i trwa\u0142o\u015b\u0107 pracy baterii.<\/p>","protected":false},"excerpt":{"rendered":"<p>DODAWAJ ZG\u0141OSZENIA JESZCZE WYGODNIEJ Yanosik Alert to pilot, kt\u00f3ry wspiera prac\u0119 aplikacji Yanosik. Sprawia, \u017ce korzystanie z ostrzegania jest jeszcze wygodniejsze \u2013 mo\u017cesz potwierdza\u0107 i odwo\u0142ywa\u0107 zg\u0142oszenia z trasy jednym przyciskiem na urz\u0105dzeniu! Jak to dzia\u0142a? Lektor podaje najpopularniejsze typy zdarze\u0144, a Ty wybierasz w\u0142a\u015bciwe i zatwierdzasz przyciskiem \u201c+\u201d na pilocie. Odwo\u0142ywanie zdarze\u0144 jest r\u00f3wnie&hellip;&nbsp;<a href=\"https:\/\/liquidmaster.pl\/en\/yanosik-alert-ostrzegajacy-pilot-do-aplikacji-yanosik\/\" rel=\"bookmark\">Read More \u00bb<span class=\"screen-reader-text\">Yanosik ALERT - Alert remote control for the Yanosik app<\/span><\/a><\/p>","protected":false},"featured_media":1847427,"comment_status":"open","ping_status":"open","template":"","meta":{"neve_meta_sidebar":"","neve_meta_container":"","neve_meta_enable_content_width":"","neve_meta_content_width":0,"neve_meta_title_alignment":"","neve_meta_author_avatar":"","neve_post_elements_order":"","neve_meta_disable_header":"","neve_meta_disable_footer":"","neve_meta_disable_title":"","_themeisle_gutenberg_block_has_review":false},"product_brand":[],"product_cat":[757,811,890],"product_tag":[382],"class_list":{"0":"post-1804256","1":"product","2":"type-product","3":"status-publish","4":"has-post-thumbnail","6":"product_cat-akcesoria","7":"product_cat-pozostale-akcesoria","8":"product_cat-yanosik","9":"product_tag-yanosik","11":"first","12":"outofstock","13":"taxable","14":"shipping-taxable","15":"purchasable","16":"product-type-simple"},"_links":{"self":[{"href":"https:\/\/liquidmaster.pl\/en\/wp-json\/wp\/v2\/product\/1804256","targetHints":{"allow":["GET"]}}],"collection":[{"href":"https:\/\/liquidmaster.pl\/en\/wp-json\/wp\/v2\/product"}],"about":[{"href":"https:\/\/liquidmaster.pl\/en\/wp-json\/wp\/v2\/types\/product"}],"replies":[{"embeddable":true,"href":"https:\/\/liquidmaster.pl\/en\/wp-json\/wp\/v2\/comments?post=1804256"}],"wp:featuredmedia":[{"embeddable":true,"href":"https:\/\/liquidmaster.pl\/en\/wp-json\/wp\/v2\/media\/1847427"}],"wp:attachment":[{"href":"https:\/\/liquidmaster.pl\/en\/wp-json\/wp\/v2\/media?parent=1804256"}],"wp:term":[{"taxonomy":"product_brand","embeddable":true,"href":"https:\/\/liquidmaster.pl\/en\/wp-json\/wp\/v2\/product_brand?post=1804256"},{"taxonomy":"product_cat","embeddable":true,"href":"https:\/\/liquidmaster.pl\/en\/wp-json\/wp\/v2\/product_cat?post=1804256"},{"taxonomy":"product_tag","embeddable":true,"href":"https:\/\/liquidmaster.pl\/en\/wp-json\/wp\/v2\/product_tag?post=1804256"}],"curies":[{"name":"wp","href":"https:\/\/api.w.org\/{rel}","templated":true}]}}