{"id":1804250,"date":"2025-03-28T14:04:28","date_gmt":"2025-03-28T12:04:28","guid":{"rendered":"https:\/\/liquidmaster.pl\/murska-580-mosiezna-finska-skrobaczka-do-szyb\/"},"modified":"2026-04-19T03:19:09","modified_gmt":"2026-04-19T01:19:09","slug":"murska-580-mosiezna-finska-skrobaczka-do-szyb","status":"publish","type":"product","link":"https:\/\/liquidmaster.pl\/en\/murska-580-mosiezna-finska-skrobaczka-do-szyb\/","title":{"rendered":"Murska 580 - brass Finnish ice scraper"},"content":{"rendered":"<p>Original MURSKA 580 scraper<\/p>\n<p>The tip of the scraper is made of brass, which is not as hard as glass and does not have a rough surface (unlike plastic scrapers), so it does not scratch our car&#039;s windshield. The scraper is extremely handy and easy to use. The frost disappears from the glass in one go.<\/p>\n<p>The scraper has the following functions:<\/p>\n<ul>\n<li>brass blade removes ice\/frost from windows<\/li>\n<li>plastic tip removes soft snow and water from the glass<\/li>\n<\/ul>\n<p>Brass blade <\/p>\n<p>The tip of the scraper is made of brass, which is not as hard as glass and does not have a rough surface (unlike plastic scrapers), so it does not scratch our car&#039;s windshield.<\/p>\n<p>Specification:<\/p>\n<ul>\n<li>total length of the scraper: 21 cm<\/li>\n<li>width of brass blade: 9 cm<\/li>\n<li>width of rubber scraper: 9.5 cm<\/li>\n<li>Material: ABS<\/li>\n<li>country of production: Finland<\/li>\n<li>color: black and green<\/li>\n<\/ul>","protected":false},"excerpt":{"rendered":"<p>Oryginalna skrobaczka MURSKA 580 Ko\u0144c\u00f3wka skrobaczki wykonana jest z mosi\u0105dzu, kt\u00f3ry nie jest tak twardy jak szk\u0142o i nie posiada chropowatej powierzchni (w przeciwie\u0144stwie do plastikowych skrobaczek), dlatego\u00a0nie rysuje szyby naszego samochodu. Skrobaczka jest niezwykle por\u0119czna i \u0142atwa w u\u017cyciu. Mr\u00f3z z szyby schodzi za jednym poci\u0105gni\u0119ciem. Skrobaczka posiada funkcje: mosi\u0119\u017cne ostrze usuwa l\u00f3d\/szron z&hellip;&nbsp;<a href=\"https:\/\/liquidmaster.pl\/en\/murska-580-mosiezna-finska-skrobaczka-do-szyb\/\" rel=\"bookmark\">Read More \u00bb<span class=\"screen-reader-text\">Murska 580 - brass Finnish ice scraper<\/span><\/a><\/p>","protected":false},"featured_media":1847425,"comment_status":"open","ping_status":"open","template":"","meta":{"neve_meta_sidebar":"","neve_meta_container":"","neve_meta_enable_content_width":"","neve_meta_content_width":0,"neve_meta_title_alignment":"","neve_meta_author_avatar":"","neve_post_elements_order":"","neve_meta_disable_header":"","neve_meta_disable_footer":"","neve_meta_disable_title":"","_themeisle_gutenberg_block_has_review":false},"product_brand":[],"product_cat":[757,785,777],"product_tag":[329],"class_list":{"0":"post-1804250","1":"product","2":"type-product","3":"status-publish","4":"has-post-thumbnail","6":"product_cat-akcesoria","7":"product_cat-do-elementow-zewnetrznych","8":"product_cat-szczotki-i-pedzelki","9":"product_tag-murska","11":"first","12":"instock","13":"taxable","14":"shipping-taxable","15":"purchasable","16":"product-type-simple"},"_links":{"self":[{"href":"https:\/\/liquidmaster.pl\/en\/wp-json\/wp\/v2\/product\/1804250","targetHints":{"allow":["GET"]}}],"collection":[{"href":"https:\/\/liquidmaster.pl\/en\/wp-json\/wp\/v2\/product"}],"about":[{"href":"https:\/\/liquidmaster.pl\/en\/wp-json\/wp\/v2\/types\/product"}],"replies":[{"embeddable":true,"href":"https:\/\/liquidmaster.pl\/en\/wp-json\/wp\/v2\/comments?post=1804250"}],"wp:featuredmedia":[{"embeddable":true,"href":"https:\/\/liquidmaster.pl\/en\/wp-json\/wp\/v2\/media\/1847425"}],"wp:attachment":[{"href":"https:\/\/liquidmaster.pl\/en\/wp-json\/wp\/v2\/media?parent=1804250"}],"wp:term":[{"taxonomy":"product_brand","embeddable":true,"href":"https:\/\/liquidmaster.pl\/en\/wp-json\/wp\/v2\/product_brand?post=1804250"},{"taxonomy":"product_cat","embeddable":true,"href":"https:\/\/liquidmaster.pl\/en\/wp-json\/wp\/v2\/product_cat?post=1804250"},{"taxonomy":"product_tag","embeddable":true,"href":"https:\/\/liquidmaster.pl\/en\/wp-json\/wp\/v2\/product_tag?post=1804250"}],"curies":[{"name":"wp","href":"https:\/\/api.w.org\/{rel}","templated":true}]}}