{"id":1804240,"date":"2025-03-28T14:04:04","date_gmt":"2025-03-28T12:04:04","guid":{"rendered":"https:\/\/liquidmaster.pl\/shiny-garage-glass-polish-pro-150ml-produkt-do-czyszczenia-i-polerowania-szyb\/"},"modified":"2026-04-20T08:11:08","modified_gmt":"2026-04-20T06:11:08","slug":"shiny-garage-glass-polish-pro-150ml-produkt-do-czyszczenia-i-polerowania-szyb","status":"publish","type":"product","link":"https:\/\/liquidmaster.pl\/en\/shiny-garage-glass-polish-pro-150ml-produkt-do-czyszczenia-i-polerowania-szyb\/","title":{"rendered":"Shiny Garage Glass Polish Pro 150ml - a product for cleaning and polishing windows"},"content":{"rendered":"<p style=\"text-align: justify;\">Glass Polish Pro is a specialized product for cleaning and polishing glass. Properly selected ingredients, including cerium oxide, guarantee the removal of stubborn dirt from glass surfaces. Removes stains from hard water, acid rain, road and organic dirt. It copes perfectly with minor scratches, leaving surfaces crystal clear. The product can be applied using a microfiber applicator, a cutting applicator, or by machine with a medium-hardness sponge or felt pad.<\/p>\n<ul style=\"text-align: justify;\">\n<li>two ways of application<\/li>\n<li>great cleaning and polishing properties<\/li>\n<li>cerium oxide content<\/li>\n<\/ul>\n<p style=\"text-align: justify;\">Odor: none<\/p>\n<p style=\"text-align: justify;\">Usage:<\/p>\n<ul style=\"text-align: justify;\">\n<li>Make sure the surface is cool<\/li>\n<li>Do not apply in direct sunlight<\/li>\n<\/ul>\n<li>Wash and dry the car thoroughly.<\/li>\n<li>Apply a small amount of the product to the applicator.<\/li>\n<li>Polish until the product is developed.<\/li>\n<li>Collect residue with Scan Inspection Spray.<\/li>\n<li>Repeat the steps if necessary.<\/li>\n<p style=\"text-align: justify;\">Available capacities: 150 ml \u00a0<\/p>","protected":false},"excerpt":{"rendered":"<p>Glass Polish Pro to specjalistyczny produkt do czyszczenia i polerowania szyb. Odpowiednio dobrane sk\u0142adniki, w tym tlenek ceru, gwarantuj\u0105 usuni\u0119cie uporczywych zabrudze\u0144 z powierzchni szklanych. Usuwa plamy po twardej wodzie, kwa\u015bnych deszczach, zabrudzeniach drogowych i organicznych. Doskonale radzi sobie z drobnymi zarysowaniami, pozostawiaj\u0105c powierzchnie krystalicznie czyst\u0105. Produkt mo\u017cna aplikowa\u0107 przy pomocy aplikatora z mikrofibry, aplikatora&hellip;&nbsp;<a href=\"https:\/\/liquidmaster.pl\/en\/shiny-garage-glass-polish-pro-150ml-produkt-do-czyszczenia-i-polerowania-szyb\/\" rel=\"bookmark\">Read More \u00bb<span class=\"screen-reader-text\">Shiny Garage Glass Polish Pro 150ml - a product for cleaning and polishing windows<\/span><\/a><\/p>","protected":false},"featured_media":1847417,"comment_status":"open","ping_status":"open","template":"","meta":{"neve_meta_sidebar":"","neve_meta_container":"","neve_meta_enable_content_width":"","neve_meta_content_width":0,"neve_meta_title_alignment":"","neve_meta_author_avatar":"","neve_post_elements_order":"","neve_meta_disable_header":"","neve_meta_disable_footer":"","neve_meta_disable_title":"","_themeisle_gutenberg_block_has_review":false},"product_brand":[],"product_cat":[733,844,773],"product_tag":[360],"class_list":{"0":"post-1804240","1":"product","2":"type-product","3":"status-publish","4":"has-post-thumbnail","6":"product_cat-na-zewnatrz","7":"product_cat-polerowanie-szyb","8":"product_cat-szyby","9":"product_tag-shiny-garage","11":"first","12":"instock","13":"taxable","14":"shipping-taxable","15":"purchasable","16":"product-type-simple"},"_links":{"self":[{"href":"https:\/\/liquidmaster.pl\/en\/wp-json\/wp\/v2\/product\/1804240","targetHints":{"allow":["GET"]}}],"collection":[{"href":"https:\/\/liquidmaster.pl\/en\/wp-json\/wp\/v2\/product"}],"about":[{"href":"https:\/\/liquidmaster.pl\/en\/wp-json\/wp\/v2\/types\/product"}],"replies":[{"embeddable":true,"href":"https:\/\/liquidmaster.pl\/en\/wp-json\/wp\/v2\/comments?post=1804240"}],"wp:featuredmedia":[{"embeddable":true,"href":"https:\/\/liquidmaster.pl\/en\/wp-json\/wp\/v2\/media\/1847417"}],"wp:attachment":[{"href":"https:\/\/liquidmaster.pl\/en\/wp-json\/wp\/v2\/media?parent=1804240"}],"wp:term":[{"taxonomy":"product_brand","embeddable":true,"href":"https:\/\/liquidmaster.pl\/en\/wp-json\/wp\/v2\/product_brand?post=1804240"},{"taxonomy":"product_cat","embeddable":true,"href":"https:\/\/liquidmaster.pl\/en\/wp-json\/wp\/v2\/product_cat?post=1804240"},{"taxonomy":"product_tag","embeddable":true,"href":"https:\/\/liquidmaster.pl\/en\/wp-json\/wp\/v2\/product_tag?post=1804240"}],"curies":[{"name":"wp","href":"https:\/\/api.w.org\/{rel}","templated":true}]}}