{"id":1804220,"date":"2025-03-28T14:02:29","date_gmt":"2025-03-28T12:02:29","guid":{"rendered":"https:\/\/liquidmaster.pl\/carpro-fat-boa-drying-towel-70x80cm-recznik-do-osuszania-auta\/"},"modified":"2026-03-29T19:28:10","modified_gmt":"2026-03-29T17:28:10","slug":"carpro-fat-boa-drying-towel-70x80cm-recznik-do-osuszania-auta","status":"publish","type":"product","link":"https:\/\/liquidmaster.pl\/en\/carpro-fat-boa-drying-towel-70x80cm-recznik-do-osuszania-auta\/","title":{"rendered":"CarPro Fat BOA Drying Towel 70x80cm - a towel for drying the car"},"content":{"rendered":"<p>CarPro Fat BOA Drying Towel \u2013 the safest and gentlest way to dry your car after washing. Made of unique 800 gsm microfiber, double-sided and extremely absorbent. It retains its exceptional softness and delicacy throughout the entire period of use.<\/p>\n<p>Weight: 800 gsm<\/p>\n<p>Size: 70 x 80 cm<\/p>","protected":false},"excerpt":{"rendered":"<p>CarPro Fat BOA Drying Towel \u2013 najbezpieczniejszy i najdelikatniejszy spos\u00f3b osuszania samochodu po myciu. Wykonany z wyj\u0105tkowej mikrofibry o gramaturze 800 gsm, dwustronny i niezwykle ch\u0142onny. Zachowuje swoj\u0105 wyj\u0105tkow\u0105 mi\u0119kko\u015b\u0107 i delikatno\u015b\u0107 przez ca\u0142y okres u\u017cytkowania. Gramatura: 800 gsm Rozmiar: 70 x 80 cm<\/p>","protected":false},"featured_media":1847408,"comment_status":"open","ping_status":"open","template":"","meta":{"neve_meta_sidebar":"","neve_meta_container":"","neve_meta_enable_content_width":"","neve_meta_content_width":0,"neve_meta_title_alignment":"","neve_meta_author_avatar":"","neve_post_elements_order":"","neve_meta_disable_header":"","neve_meta_disable_footer":"","neve_meta_disable_title":"","_themeisle_gutenberg_block_has_review":false},"product_brand":[],"product_cat":[734,733,781],"product_tag":[275],"class_list":{"0":"post-1804220","1":"product","2":"type-product","3":"status-publish","4":"has-post-thumbnail","6":"product_cat-mycie-i-osuszanie","7":"product_cat-na-zewnatrz","8":"product_cat-reczniki-do-osuszania","9":"product_tag-carpro","11":"first","12":"outofstock","13":"taxable","14":"shipping-taxable","15":"purchasable","16":"product-type-simple"},"_links":{"self":[{"href":"https:\/\/liquidmaster.pl\/en\/wp-json\/wp\/v2\/product\/1804220","targetHints":{"allow":["GET"]}}],"collection":[{"href":"https:\/\/liquidmaster.pl\/en\/wp-json\/wp\/v2\/product"}],"about":[{"href":"https:\/\/liquidmaster.pl\/en\/wp-json\/wp\/v2\/types\/product"}],"replies":[{"embeddable":true,"href":"https:\/\/liquidmaster.pl\/en\/wp-json\/wp\/v2\/comments?post=1804220"}],"wp:featuredmedia":[{"embeddable":true,"href":"https:\/\/liquidmaster.pl\/en\/wp-json\/wp\/v2\/media\/1847408"}],"wp:attachment":[{"href":"https:\/\/liquidmaster.pl\/en\/wp-json\/wp\/v2\/media?parent=1804220"}],"wp:term":[{"taxonomy":"product_brand","embeddable":true,"href":"https:\/\/liquidmaster.pl\/en\/wp-json\/wp\/v2\/product_brand?post=1804220"},{"taxonomy":"product_cat","embeddable":true,"href":"https:\/\/liquidmaster.pl\/en\/wp-json\/wp\/v2\/product_cat?post=1804220"},{"taxonomy":"product_tag","embeddable":true,"href":"https:\/\/liquidmaster.pl\/en\/wp-json\/wp\/v2\/product_tag?post=1804220"}],"curies":[{"name":"wp","href":"https:\/\/api.w.org\/{rel}","templated":true}]}}