{"id":1804204,"date":"2025-03-28T14:00:54","date_gmt":"2025-03-28T12:00:54","guid":{"rendered":"https:\/\/liquidmaster.pl\/detailing-house-torba-prezentowa-duza\/"},"modified":"2026-04-18T04:32:11","modified_gmt":"2026-04-18T02:32:11","slug":"detailing-house-torba-prezentowa-duza","status":"publish","type":"product","link":"https:\/\/liquidmaster.pl\/en\/detailing-house-torba-prezentowa-duza\/","title":{"rendered":"Detailing House Large gift bag"},"content":{"rendered":"<p>A gift bag with our logo is perfect for any occasion.<\/p>\n<p>Dimensions 250 x 280 x 115 mm<\/p>","protected":false},"excerpt":{"rendered":"<p>Torba prezentowa z naszym logo, \u015bwietnie sprawdzi si\u0119 na ka\u017cd\u0105 okazj\u0119. Wymiary 250 x 280 x 115 mm<\/p>","protected":false},"featured_media":1847399,"comment_status":"open","ping_status":"open","template":"","meta":{"neve_meta_sidebar":"","neve_meta_container":"","neve_meta_enable_content_width":"","neve_meta_content_width":0,"neve_meta_title_alignment":"","neve_meta_author_avatar":"","neve_post_elements_order":"","neve_meta_disable_header":"","neve_meta_disable_footer":"","neve_meta_disable_title":"","_themeisle_gutenberg_block_has_review":false},"product_brand":[],"product_cat":[757,862,811],"product_tag":[286],"class_list":{"0":"post-1804204","1":"product","2":"type-product","3":"status-publish","4":"has-post-thumbnail","6":"product_cat-akcesoria","7":"product_cat-gadzety","8":"product_cat-pozostale-akcesoria","9":"product_tag-detailing-house","11":"first","12":"outofstock","13":"taxable","14":"shipping-taxable","15":"purchasable","16":"product-type-simple"},"_links":{"self":[{"href":"https:\/\/liquidmaster.pl\/en\/wp-json\/wp\/v2\/product\/1804204","targetHints":{"allow":["GET"]}}],"collection":[{"href":"https:\/\/liquidmaster.pl\/en\/wp-json\/wp\/v2\/product"}],"about":[{"href":"https:\/\/liquidmaster.pl\/en\/wp-json\/wp\/v2\/types\/product"}],"replies":[{"embeddable":true,"href":"https:\/\/liquidmaster.pl\/en\/wp-json\/wp\/v2\/comments?post=1804204"}],"wp:featuredmedia":[{"embeddable":true,"href":"https:\/\/liquidmaster.pl\/en\/wp-json\/wp\/v2\/media\/1847399"}],"wp:attachment":[{"href":"https:\/\/liquidmaster.pl\/en\/wp-json\/wp\/v2\/media?parent=1804204"}],"wp:term":[{"taxonomy":"product_brand","embeddable":true,"href":"https:\/\/liquidmaster.pl\/en\/wp-json\/wp\/v2\/product_brand?post=1804204"},{"taxonomy":"product_cat","embeddable":true,"href":"https:\/\/liquidmaster.pl\/en\/wp-json\/wp\/v2\/product_cat?post=1804204"},{"taxonomy":"product_tag","embeddable":true,"href":"https:\/\/liquidmaster.pl\/en\/wp-json\/wp\/v2\/product_tag?post=1804204"}],"curies":[{"name":"wp","href":"https:\/\/api.w.org\/{rel}","templated":true}]}}