{"id":1804192,"date":"2025-03-28T14:00:26","date_gmt":"2025-03-28T12:00:26","guid":{"rendered":"https:\/\/liquidmaster.pl\/work-stuff-breeze-interior-mitt-rekawica-z-mikrofibry-do-wnetrza-auta\/"},"modified":"2026-04-18T04:25:32","modified_gmt":"2026-04-18T02:25:32","slug":"work-stuff-breeze-interior-mitt-rekawica-z-mikrofibry-do-wnetrza-auta","status":"publish","type":"product","link":"https:\/\/liquidmaster.pl\/en\/work-stuff-breeze-interior-mitt-rekawica-z-mikrofibry-do-wnetrza-auta\/","title":{"rendered":"Work Stuff Breeze Interior Mitt - a microfiber glove for the interior of the car"},"content":{"rendered":"<p>Work Stuff Breeze Interior Mitt \u2013 a glove made of microfiber dedicated to cleaning most elements inside the car. Breeze Interior Mitt definitely speeds up the entire cleaning process. The product has many applications. With its help, we can clean plastic and rubber elements, car leather, and upholstered elements. It has a special thumb grip that prevents the glove from slipping off the hand.<\/p>\n<p>Main features:<\/p>\n<ul>\n<li>Size 14\u00d714 cm<\/li>\n<li>Microfiber dedicated to cleaning the interior<\/li>\n<li>Welt<\/li>\n<li>Stitching for fingers inside the glove<\/li>\n<\/ul>","protected":false},"excerpt":{"rendered":"<p>Work Stuff Breeze Interior Mitt \u2013 r\u0119kawica stworzona z mikrofibry dedykowanej do czyszczenia wi\u0119kszo\u015bci element\u00f3w we wn\u0119trzu auta. Breeze Interior Mitt zdecydowanie przyspiesza ca\u0142y proces czyszczenia. Produkt posiada wiele zastosowa\u0144. Z jego pomoc\u0105 wyczy\u015bcimy elementy plastikowe i gumy, sk\u00f3r\u0119 w samochodzie, a tak\u017ce elementy tapicerowane. Posiada specjalny uchwyt na kciuk zapobiegaj\u0105cy zsuwaniu si\u0119 r\u0119kawicy z&hellip;&nbsp;<a href=\"https:\/\/liquidmaster.pl\/en\/work-stuff-breeze-interior-mitt-rekawica-z-mikrofibry-do-wnetrza-auta\/\" rel=\"bookmark\">Read More \u00bb<span class=\"screen-reader-text\">Work Stuff Breeze Interior Mitt - a microfiber glove for the interior of the car<\/span><\/a><\/p>","protected":false},"featured_media":1846335,"comment_status":"open","ping_status":"open","template":"","meta":{"neve_meta_sidebar":"","neve_meta_container":"","neve_meta_enable_content_width":"","neve_meta_content_width":0,"neve_meta_title_alignment":"","neve_meta_author_avatar":"","neve_post_elements_order":"","neve_meta_disable_header":"","neve_meta_disable_footer":"","neve_meta_disable_title":"","_themeisle_gutenberg_block_has_review":false},"product_brand":[],"product_cat":[734,733,764],"product_tag":[381],"class_list":{"0":"post-1804192","1":"product","2":"type-product","3":"status-publish","4":"has-post-thumbnail","6":"product_cat-mycie-i-osuszanie","7":"product_cat-na-zewnatrz","8":"product_cat-rekawice-i-gabki","9":"product_tag-work-stuff","11":"first","12":"instock","13":"taxable","14":"shipping-taxable","15":"purchasable","16":"product-type-simple"},"_links":{"self":[{"href":"https:\/\/liquidmaster.pl\/en\/wp-json\/wp\/v2\/product\/1804192","targetHints":{"allow":["GET"]}}],"collection":[{"href":"https:\/\/liquidmaster.pl\/en\/wp-json\/wp\/v2\/product"}],"about":[{"href":"https:\/\/liquidmaster.pl\/en\/wp-json\/wp\/v2\/types\/product"}],"replies":[{"embeddable":true,"href":"https:\/\/liquidmaster.pl\/en\/wp-json\/wp\/v2\/comments?post=1804192"}],"wp:featuredmedia":[{"embeddable":true,"href":"https:\/\/liquidmaster.pl\/en\/wp-json\/wp\/v2\/media\/1846335"}],"wp:attachment":[{"href":"https:\/\/liquidmaster.pl\/en\/wp-json\/wp\/v2\/media?parent=1804192"}],"wp:term":[{"taxonomy":"product_brand","embeddable":true,"href":"https:\/\/liquidmaster.pl\/en\/wp-json\/wp\/v2\/product_brand?post=1804192"},{"taxonomy":"product_cat","embeddable":true,"href":"https:\/\/liquidmaster.pl\/en\/wp-json\/wp\/v2\/product_cat?post=1804192"},{"taxonomy":"product_tag","embeddable":true,"href":"https:\/\/liquidmaster.pl\/en\/wp-json\/wp\/v2\/product_tag?post=1804192"}],"curies":[{"name":"wp","href":"https:\/\/api.w.org\/{rel}","templated":true}]}}