{"id":1804184,"date":"2025-03-28T14:00:05","date_gmt":"2025-03-28T12:00:05","guid":{"rendered":"https:\/\/liquidmaster.pl\/finish-kare-1000p-hi-temp-paste-wax-412g-wosk-w-pascie\/"},"modified":"2026-04-18T04:32:08","modified_gmt":"2026-04-18T02:32:08","slug":"finish-kare-1000p-hi-temp-paste-wax-412g-wosk-w-pascie","status":"publish","type":"product","link":"https:\/\/liquidmaster.pl\/en\/finish-kare-1000p-hi-temp-paste-wax-413\/","title":{"rendered":"Finish Kare 1000P Hi-Temp Paste Wax 412g - paste wax"},"content":{"rendered":"<p>1000P Hi-Temp Paste Wax<\/p>\n<p>Designed using a German synthesis process. 1000P Hi-Temp Past Wax is a combination of advanced synthetic ingredients. This unique paste wax is characterized by a melting point above 250 \u00b0 C, extreme hardness, extraordinary slipperiness, and high gloss. In addition, FK#1000P is particularly durable and guarantees protection against UV rays, hard water, acid rain, insects and resin. It works perfectly on all types of car paints, gelcoats and metal surfaces, including critical aircraft surfaces.<\/p>\n<p>Usage:<\/p>\n<li>The wax is intended for manual application.<\/li>\n<li>For best results, apply a thin layer using a foam applicator on previously cleaned varnish.<\/li>\n<li>Leave to dry for 5-10 minutes.<\/li>\n<li>Polish with a microfiber towel.<\/li>","protected":false},"excerpt":{"rendered":"<p>1000P Hi-Temp Paste Wax Zaprojektowany z u\u017cyciem niemieckiego procesu syntezy. 1000P Hi-Temp Past Wax jest po\u0142\u0105czeniem zaawansowanych sk\u0142adnik\u00f3w syntetycznych. Ten wyj\u0105tkowy wosk w pa\u015bcie charakteryzuje si\u0119 temperatur\u0105 topnienia powy\u017cej 250 \u00b0C,\u00a0 ekstremaln\u0105 twardo\u015bci\u0105, niezwyk\u0142\u0105 \u015blisko\u015bci\u0105, i wysokim po\u0142yskiem. Ponadto FK#1000P jest szczeg\u00f3lnie trwa\u0142y\u00a0 i gwarantuje ochron\u0119 przed promieniami UV, tward\u0105 wod\u0105, kwa\u015bnym deszczem, owadami, \u017cywic\u0105.&hellip;&nbsp;<a href=\"https:\/\/liquidmaster.pl\/en\/finish-kare-1000p-hi-temp-paste-wax-413\/\" rel=\"bookmark\">Read More \u00bb<span class=\"screen-reader-text\">Finish Kare 1000P Hi-Temp Paste Wax 412g - paste wax<\/span><\/a><\/p>","protected":false},"featured_media":1847388,"comment_status":"open","ping_status":"open","template":"","meta":{"neve_meta_sidebar":"","neve_meta_container":"","neve_meta_enable_content_width":"","neve_meta_content_width":0,"neve_meta_title_alignment":"","neve_meta_author_avatar":"","neve_post_elements_order":"","neve_meta_disable_header":"","neve_meta_disable_footer":"","neve_meta_disable_title":"","_themeisle_gutenberg_block_has_review":false},"product_brand":[],"product_cat":[733,766,788],"product_tag":[345],"class_list":{"0":"post-1804184","1":"product","2":"type-product","3":"status-publish","4":"has-post-thumbnail","6":"product_cat-na-zewnatrz","7":"product_cat-ochrona-lakieru","8":"product_cat-woski","9":"product_tag-pozostali","11":"first","12":"instock","13":"taxable","14":"shipping-taxable","15":"purchasable","16":"product-type-simple"},"_links":{"self":[{"href":"https:\/\/liquidmaster.pl\/en\/wp-json\/wp\/v2\/product\/1804184","targetHints":{"allow":["GET"]}}],"collection":[{"href":"https:\/\/liquidmaster.pl\/en\/wp-json\/wp\/v2\/product"}],"about":[{"href":"https:\/\/liquidmaster.pl\/en\/wp-json\/wp\/v2\/types\/product"}],"replies":[{"embeddable":true,"href":"https:\/\/liquidmaster.pl\/en\/wp-json\/wp\/v2\/comments?post=1804184"}],"wp:featuredmedia":[{"embeddable":true,"href":"https:\/\/liquidmaster.pl\/en\/wp-json\/wp\/v2\/media\/1847388"}],"wp:attachment":[{"href":"https:\/\/liquidmaster.pl\/en\/wp-json\/wp\/v2\/media?parent=1804184"}],"wp:term":[{"taxonomy":"product_brand","embeddable":true,"href":"https:\/\/liquidmaster.pl\/en\/wp-json\/wp\/v2\/product_brand?post=1804184"},{"taxonomy":"product_cat","embeddable":true,"href":"https:\/\/liquidmaster.pl\/en\/wp-json\/wp\/v2\/product_cat?post=1804184"},{"taxonomy":"product_tag","embeddable":true,"href":"https:\/\/liquidmaster.pl\/en\/wp-json\/wp\/v2\/product_tag?post=1804184"}],"curies":[{"name":"wp","href":"https:\/\/api.w.org\/{rel}","templated":true}]}}