{"id":1804148,"date":"2025-03-28T13:56:37","date_gmt":"2025-03-28T11:56:37","guid":{"rendered":"https:\/\/liquidmaster.pl\/deturner-tyre-applicator-aplikator-do-dressingow-na-opony\/"},"modified":"2026-04-18T04:25:28","modified_gmt":"2026-04-18T02:25:28","slug":"deturner-tyre-applicator-aplikator-do-dressingow-na-opony","status":"publish","type":"product","link":"https:\/\/liquidmaster.pl\/en\/deturner-tyre-applicator-aplikator-do-dressingow-na-opony\/","title":{"rendered":"Deturner Tire Applicator - tire dressing applicator"},"content":{"rendered":"<p>Deturner Tire Applicator \u2013 an applicator designed for impregnating and nourishing tires, its shape is adapted to the tire profile and user comfort. All types of dressing will be evenly applied to every place on the tire, saving the product and reducing the risk of getting your hands dirty. The applicator is reusable and can be washed. Perfectly matches the Deturner Creamy Tire Dressing product.<\/p>\n<p>Dimensions: 7 x 8 x 5 cm<\/p>","protected":false},"excerpt":{"rendered":"<p>Deturner Tyre Applicator \u2013 aplikator przeznaczony do impregnacji oraz od\u017cywiania opon, jego kszta\u0142t jest dostosowany do profilu opon oraz wygody u\u017cytkownika. Wszystkie rodzaje dressingu zostan\u0105 r\u00f3wnomiernie zaaplikowane w ka\u017cde miejsce na oponie, oszcz\u0119dzaj\u0105c przy tym produkt i zmniejszaj\u0105c ryzyko zabrudzenia r\u0105k. Aplikator jest wielokrotnego u\u017cytku i mo\u017ce by\u0107 prany. Idealnie wsp\u00f3\u0142gra z produktem Deturner Creamy&hellip;&nbsp;<a href=\"https:\/\/liquidmaster.pl\/en\/deturner-tyre-applicator-aplikator-do-dressingow-na-opony\/\" rel=\"bookmark\">Read More \u00bb<span class=\"screen-reader-text\">Deturner Tire Applicator - tire dressing applicator<\/span><\/a><\/p>","protected":false},"featured_media":1846297,"comment_status":"open","ping_status":"open","template":"","meta":{"neve_meta_sidebar":"","neve_meta_container":"","neve_meta_enable_content_width":"","neve_meta_content_width":0,"neve_meta_title_alignment":"","neve_meta_author_avatar":"","neve_post_elements_order":"","neve_meta_disable_header":"","neve_meta_disable_footer":"","neve_meta_disable_title":"","_themeisle_gutenberg_block_has_review":false},"product_brand":[],"product_cat":[745,733,779],"product_tag":[287],"class_list":{"0":"post-1804148","1":"product","2":"type-product","3":"status-publish","4":"has-post-thumbnail","6":"product_cat-kola-i-opony","7":"product_cat-na-zewnatrz","8":"product_cat-szczotki-pedzelki-i-aplikatory-do-kol","9":"product_tag-deturner","11":"first","12":"instock","13":"taxable","14":"shipping-taxable","15":"purchasable","16":"product-type-simple"},"_links":{"self":[{"href":"https:\/\/liquidmaster.pl\/en\/wp-json\/wp\/v2\/product\/1804148","targetHints":{"allow":["GET"]}}],"collection":[{"href":"https:\/\/liquidmaster.pl\/en\/wp-json\/wp\/v2\/product"}],"about":[{"href":"https:\/\/liquidmaster.pl\/en\/wp-json\/wp\/v2\/types\/product"}],"replies":[{"embeddable":true,"href":"https:\/\/liquidmaster.pl\/en\/wp-json\/wp\/v2\/comments?post=1804148"}],"wp:featuredmedia":[{"embeddable":true,"href":"https:\/\/liquidmaster.pl\/en\/wp-json\/wp\/v2\/media\/1846297"}],"wp:attachment":[{"href":"https:\/\/liquidmaster.pl\/en\/wp-json\/wp\/v2\/media?parent=1804148"}],"wp:term":[{"taxonomy":"product_brand","embeddable":true,"href":"https:\/\/liquidmaster.pl\/en\/wp-json\/wp\/v2\/product_brand?post=1804148"},{"taxonomy":"product_cat","embeddable":true,"href":"https:\/\/liquidmaster.pl\/en\/wp-json\/wp\/v2\/product_cat?post=1804148"},{"taxonomy":"product_tag","embeddable":true,"href":"https:\/\/liquidmaster.pl\/en\/wp-json\/wp\/v2\/product_tag?post=1804148"}],"curies":[{"name":"wp","href":"https:\/\/api.w.org\/{rel}","templated":true}]}}