{"id":1804132,"date":"2025-03-28T13:56:04","date_gmt":"2025-03-28T11:56:04","guid":{"rendered":"https:\/\/liquidmaster.pl\/deturner-sour-shampoo-and-foam-5l-kwasny-szampon-i-piana-aktywna-2w1\/"},"modified":"2026-04-18T04:25:27","modified_gmt":"2026-04-18T02:25:27","slug":"deturner-sour-shampoo-and-foam-5l-kwasny-szampon-i-piana-aktywna-2w1","status":"publish","type":"product","link":"https:\/\/liquidmaster.pl\/en\/deturner-sour-shampoo-and-foam-5l-kwasny-szampon-i-piana-aktywna-2w1\/","title":{"rendered":"Deturner Sour Shampoo and Foam 5L - acid shampoo and active foam 2in1"},"content":{"rendered":"<p>Deturner Sour Shampoo &amp; Foam \u2013 an efficient and effective product that can be used as a car shampoo or active foam with an acidic pH. Perfect for the care of paints protected with coatings and waxes. It softens dirt and effectively dissolves atmospheric and lime deposits, making it perfect for removing dirty quartz, ceramic coatings and good-quality hard waxes. It can be used as an acidic shampoo or active foam, using appropriate concentrations.<\/p>\n<p>Usage:<\/p>\n<li>When used as active foam, dilute it from 1:8 to 1:14 in a high-pressure washer foamer, 30 ml per 1 liter of water in a manual foamer.<\/li>\n<li>When using as a shampoo, prepare a 1:50 solution (50 ml per 10 liters of water), foam the solution with a strong stream of water.<\/li>\n<li>Wash the car from top to bottom using a gentle glove or sponge. Rinse thoroughly and dry the car.<\/li>\n<li>Do not use in full sun.<\/li>\n<p>Capacity: 5L<\/p>","protected":false},"excerpt":{"rendered":"<p>Deturner Sour Shampoo &#038; Foam \u2013 to wydajny i skuteczny produkt, kt\u00f3ry mo\u017cna stosowa\u0107 jako szampon samochodowy lub aktywn\u0105 pian\u0119 o kwa\u015bnym odczynie pH. Doskonale nadaje si\u0119 do piel\u0119gnacji lakier\u00f3w zabezpieczonych pow\u0142okami i woskami. Zmi\u0119kcza brud i skutecznie rozpuszcza osady atmosferyczne oraz wapienne, dzi\u0119ki czemu \u015bwietnie sprawdza si\u0119 przy odtykaniu zabrudzonych pow\u0142ok kwarcowych, ceramicznych oraz&hellip;&nbsp;<a href=\"https:\/\/liquidmaster.pl\/en\/deturner-sour-shampoo-and-foam-5l-kwasny-szampon-i-piana-aktywna-2w1\/\" rel=\"bookmark\">Read More \u00bb<span class=\"screen-reader-text\">Deturner Sour Shampoo and Foam 5L - acid shampoo and active foam 2in1<\/span><\/a><\/p>","protected":false},"featured_media":1846285,"comment_status":"open","ping_status":"open","template":"","meta":{"neve_meta_sidebar":"","neve_meta_container":"","neve_meta_enable_content_width":"","neve_meta_content_width":0,"neve_meta_title_alignment":"","neve_meta_author_avatar":"","neve_post_elements_order":"","neve_meta_disable_header":"","neve_meta_disable_footer":"","neve_meta_disable_title":"","_themeisle_gutenberg_block_has_review":false},"product_brand":[],"product_cat":[734,733,753],"product_tag":[287],"class_list":{"0":"post-1804132","1":"product","2":"type-product","3":"status-publish","4":"has-post-thumbnail","6":"product_cat-mycie-i-osuszanie","7":"product_cat-na-zewnatrz","8":"product_cat-piany-aktywne-i-pianownice","9":"product_tag-deturner","11":"first","12":"instock","13":"taxable","14":"shipping-taxable","15":"purchasable","16":"product-type-simple"},"_links":{"self":[{"href":"https:\/\/liquidmaster.pl\/en\/wp-json\/wp\/v2\/product\/1804132","targetHints":{"allow":["GET"]}}],"collection":[{"href":"https:\/\/liquidmaster.pl\/en\/wp-json\/wp\/v2\/product"}],"about":[{"href":"https:\/\/liquidmaster.pl\/en\/wp-json\/wp\/v2\/types\/product"}],"replies":[{"embeddable":true,"href":"https:\/\/liquidmaster.pl\/en\/wp-json\/wp\/v2\/comments?post=1804132"}],"wp:featuredmedia":[{"embeddable":true,"href":"https:\/\/liquidmaster.pl\/en\/wp-json\/wp\/v2\/media\/1846285"}],"wp:attachment":[{"href":"https:\/\/liquidmaster.pl\/en\/wp-json\/wp\/v2\/media?parent=1804132"}],"wp:term":[{"taxonomy":"product_brand","embeddable":true,"href":"https:\/\/liquidmaster.pl\/en\/wp-json\/wp\/v2\/product_brand?post=1804132"},{"taxonomy":"product_cat","embeddable":true,"href":"https:\/\/liquidmaster.pl\/en\/wp-json\/wp\/v2\/product_cat?post=1804132"},{"taxonomy":"product_tag","embeddable":true,"href":"https:\/\/liquidmaster.pl\/en\/wp-json\/wp\/v2\/product_tag?post=1804132"}],"curies":[{"name":"wp","href":"https:\/\/api.w.org\/{rel}","templated":true}]}}