{"id":1804124,"date":"2025-03-28T13:54:51","date_gmt":"2025-03-28T11:54:51","guid":{"rendered":"https:\/\/liquidmaster.pl\/carpro-squeegee-kit-zestaw-rakli-5-szt\/"},"modified":"2026-04-19T03:18:55","modified_gmt":"2026-04-19T01:18:55","slug":"carpro-squeegee-kit-zestaw-rakli-5-szt","status":"publish","type":"product","link":"https:\/\/liquidmaster.pl\/en\/carpro-squeegee-kit-zestaw-rakli-5-szt\/","title":{"rendered":"CarPro Squeegee Kit - set of squeegees 5 pcs."},"content":{"rendered":"<p>CarPro Squeegee Kit \u2013 a set of five squeegees of various shapes and sizes, designed for applying PPF foil. They facilitate access to all curves, corners and crevices.<\/p>\n<p>Each squeegee has a built-in magnet so it can be quickly attached to the bodywork while you work.<\/p>\n<p>Soft and flexible rubber combined with a smooth edge prevents scratches and damage.<\/p>","protected":false},"excerpt":{"rendered":"<p>CarPro Squeegee Kit \u2013 to zestaw pi\u0119ciu rakli o r\u00f3\u017cnych kszta\u0142tach i rozmiarach, kt\u00f3re s\u0105 przeznaczone do aplikacji folii PPF. U\u0142atwiaj\u0105 dost\u0119p do wszystkich krzywizn, naro\u017cnik\u00f3w i szczelin. Ka\u017cda \u015bci\u0105gaczka ma wbudowany magnes, dzi\u0119ki czemu mo\u017cna j\u0105 szybko przymocowa\u0107 do karoserii podczas pracy. Mi\u0119kka i elastyczna guma w po\u0142\u0105czeniu z g\u0142adk\u0105 kraw\u0119dzi\u0105 zapobiega zadrapaniom i&hellip;&nbsp;<a href=\"https:\/\/liquidmaster.pl\/en\/carpro-squeegee-kit-zestaw-rakli-5-szt\/\" rel=\"bookmark\">Read More \u00bb<span class=\"screen-reader-text\">CarPro Squeegee Kit - set of squeegees 5 pcs.<\/span><\/a><\/p>","protected":false},"featured_media":1847351,"comment_status":"open","ping_status":"open","template":"","meta":{"neve_meta_sidebar":"","neve_meta_container":"","neve_meta_enable_content_width":"","neve_meta_content_width":0,"neve_meta_title_alignment":"","neve_meta_author_avatar":"","neve_post_elements_order":"","neve_meta_disable_header":"","neve_meta_disable_footer":"","neve_meta_disable_title":"","_themeisle_gutenberg_block_has_review":false},"product_brand":[],"product_cat":[1111,886,879,896],"product_tag":[275],"class_list":{"0":"post-1804124","1":"product","2":"type-product","3":"status-publish","4":"has-post-thumbnail","6":"product_cat-aplikacja-folii","7":"product_cat-narzedzia-do-oklejania","8":"product_cat-oklejanie","9":"product_cat-rakle-i-filce","10":"product_tag-carpro","12":"first","13":"instock","14":"taxable","15":"shipping-taxable","16":"purchasable","17":"product-type-simple"},"_links":{"self":[{"href":"https:\/\/liquidmaster.pl\/en\/wp-json\/wp\/v2\/product\/1804124","targetHints":{"allow":["GET"]}}],"collection":[{"href":"https:\/\/liquidmaster.pl\/en\/wp-json\/wp\/v2\/product"}],"about":[{"href":"https:\/\/liquidmaster.pl\/en\/wp-json\/wp\/v2\/types\/product"}],"replies":[{"embeddable":true,"href":"https:\/\/liquidmaster.pl\/en\/wp-json\/wp\/v2\/comments?post=1804124"}],"wp:featuredmedia":[{"embeddable":true,"href":"https:\/\/liquidmaster.pl\/en\/wp-json\/wp\/v2\/media\/1847351"}],"wp:attachment":[{"href":"https:\/\/liquidmaster.pl\/en\/wp-json\/wp\/v2\/media?parent=1804124"}],"wp:term":[{"taxonomy":"product_brand","embeddable":true,"href":"https:\/\/liquidmaster.pl\/en\/wp-json\/wp\/v2\/product_brand?post=1804124"},{"taxonomy":"product_cat","embeddable":true,"href":"https:\/\/liquidmaster.pl\/en\/wp-json\/wp\/v2\/product_cat?post=1804124"},{"taxonomy":"product_tag","embeddable":true,"href":"https:\/\/liquidmaster.pl\/en\/wp-json\/wp\/v2\/product_tag?post=1804124"}],"curies":[{"name":"wp","href":"https:\/\/api.w.org\/{rel}","templated":true}]}}