{"id":1804118,"date":"2025-03-28T13:54:28","date_gmt":"2025-03-28T11:54:28","guid":{"rendered":"https:\/\/liquidmaster.pl\/fx-protect-relo-g-graphene-booster-150ml-powloka-ochronna-na-lakier\/"},"modified":"2026-04-19T03:18:54","modified_gmt":"2026-04-19T01:18:54","slug":"fx-protect-relo-g-graphene-booster-150ml-powloka-ochronna-na-lakier","status":"publish","type":"product","link":"https:\/\/liquidmaster.pl\/en\/fx-protect-relo-g-graphene-booster-150ml-powloka-ochronna-na-lakier\/","title":{"rendered":"FX Protect Relo-G Graphene Booster 150ml - protective coating for varnish"},"content":{"rendered":"<p>Protective coating based on advanced polymers enriched with graphene.<\/p>\n<p>The unique properties of graphene made us decide to use this revolutionary ingredient in our activities and based on it, create a groundbreaking series of G-Finity products.<\/p>\n<p>One of the products in this series is Relo-G\u2122 Graphene Booster, a protective coating that can be used on previously applied protective coatings or as a stand-alone protection. Thanks to the graphene content, Relo-G\u2122 Graphene Booster is superhydrophobic, brings out the depth of the paint color and increases slipperiness.<\/p>\n<p>The coating perfectly protects your car&#039;s paint during everyday use against UV radiation and the destructive effects of weather conditions. Easy and quick application will provide you with up to 6 months of protection. Sounds fantastic, right?<\/p>\n<p>Check out the benefits of Relo-G\u2122 Graphene Booster<\/p>\n<ul>\n<li>superhydrophobic<\/li>\n<li>enriched with graphene<\/li>\n<li>easy and quick to apply<\/li>\n<li>provides up to 6 months of protection<\/li>\n<li>for the maintenance of all protective coatings<\/li>\n<li>to be used as a stand-alone protection<\/li>\n<li>protects against UV radiation<\/li>\n<li>brings out the depth of color<\/li>\n<li>masks minor imperfections<\/li>\n<li>increases slipperiness<\/li>\n<li>protects against dirt and harmful weather conditions.<\/li>\n<\/ul>\n<p>Relo-G\u2122 Graphene Booster can be used on:<\/p>\n<ul>\n<li>painted surfaces (bodywork, rims, plastics)<\/li>\n<li>unpainted exterior plastics<\/li>\n<li>vinyl surfaces<\/li>\n<li>rubber surfaces<\/li>\n<li>glass surfaces<\/li>\n<li>headlights<\/li>\n<li>PPF (gloss \/ matte)<\/li>\n<\/ul>","protected":false},"excerpt":{"rendered":"<p>Pow\u0142oka ochronna oparta na bazie zaawansowanych polimer\u00f3w wzbogacona grafenem. Unikatowe w\u0142a\u015bciwo\u015bci grafenu sprawi\u0142y, \u017ce postanowili\u015bmy wykorzysta\u0107 ten rewolucyjny sk\u0142adnik w naszych dzia\u0142aniach i na jego bazie stworzy\u0107 prze\u0142omow\u0105 seri\u0119 produkt\u00f3w G-Finity. Jednym z produkt\u00f3w tej serii jest Relo-G\u2122 Graphene Booster, czyli pow\u0142oka ochronna, kt\u00f3r\u0105 mo\u017cesz stosowa\u0107 na wcze\u015bniej zaaplikowanych pow\u0142okach ochronnych, lub jako samodzielne zabezpieczenie.&hellip;&nbsp;<a href=\"https:\/\/liquidmaster.pl\/en\/fx-protect-relo-g-graphene-booster-150ml-powloka-ochronna-na-lakier\/\" rel=\"bookmark\">Read More \u00bb<span class=\"screen-reader-text\">FX Protect Relo-G Graphene Booster 150ml - protective coating for varnish<\/span><\/a><\/p>","protected":false},"featured_media":1847345,"comment_status":"open","ping_status":"open","template":"","meta":{"neve_meta_sidebar":"","neve_meta_container":"","neve_meta_enable_content_width":"","neve_meta_content_width":0,"neve_meta_title_alignment":"","neve_meta_author_avatar":"","neve_post_elements_order":"","neve_meta_disable_header":"","neve_meta_disable_footer":"","neve_meta_disable_title":"","_themeisle_gutenberg_block_has_review":false},"product_brand":[],"product_cat":[733,766,775],"product_tag":[299],"class_list":{"0":"post-1804118","1":"product","2":"type-product","3":"status-publish","4":"has-post-thumbnail","6":"product_cat-na-zewnatrz","7":"product_cat-ochrona-lakieru","8":"product_cat-powloki-ceramiczne","9":"product_tag-fx-protect","11":"first","12":"instock","13":"taxable","14":"shipping-taxable","15":"purchasable","16":"product-type-simple"},"_links":{"self":[{"href":"https:\/\/liquidmaster.pl\/en\/wp-json\/wp\/v2\/product\/1804118","targetHints":{"allow":["GET"]}}],"collection":[{"href":"https:\/\/liquidmaster.pl\/en\/wp-json\/wp\/v2\/product"}],"about":[{"href":"https:\/\/liquidmaster.pl\/en\/wp-json\/wp\/v2\/types\/product"}],"replies":[{"embeddable":true,"href":"https:\/\/liquidmaster.pl\/en\/wp-json\/wp\/v2\/comments?post=1804118"}],"wp:featuredmedia":[{"embeddable":true,"href":"https:\/\/liquidmaster.pl\/en\/wp-json\/wp\/v2\/media\/1847345"}],"wp:attachment":[{"href":"https:\/\/liquidmaster.pl\/en\/wp-json\/wp\/v2\/media?parent=1804118"}],"wp:term":[{"taxonomy":"product_brand","embeddable":true,"href":"https:\/\/liquidmaster.pl\/en\/wp-json\/wp\/v2\/product_brand?post=1804118"},{"taxonomy":"product_cat","embeddable":true,"href":"https:\/\/liquidmaster.pl\/en\/wp-json\/wp\/v2\/product_cat?post=1804118"},{"taxonomy":"product_tag","embeddable":true,"href":"https:\/\/liquidmaster.pl\/en\/wp-json\/wp\/v2\/product_tag?post=1804118"}],"curies":[{"name":"wp","href":"https:\/\/api.w.org\/{rel}","templated":true}]}}