{"id":1804094,"date":"2025-03-28T13:52:28","date_gmt":"2025-03-28T11:52:28","guid":{"rendered":"https:\/\/liquidmaster.pl\/vikan-snow-brush-520052-skrobaczka-ze-zmiotka\/"},"modified":"2026-04-18T04:31:57","modified_gmt":"2026-04-18T02:31:57","slug":"vikan-snow-brush-520052-skrobaczka-ze-zmiotka","status":"publish","type":"product","link":"https:\/\/liquidmaster.pl\/en\/vikan-snow-brush-520052-skrobaczka-ze-zmiotka\/","title":{"rendered":"Vikan Snow Brush 520052 - scraper with a brush"},"content":{"rendered":"<p>Vikan Snow Brush 520052 - a snow brush and scraper is a very useful tool that is really worth having in your car in winter. The long handle of the brush allows you to easily clear snow from even large cars. Long and stiff, yet delicate bristles are very efficient at removing snow without worrying about scratching the paintwork.<\/p>\n<p>Length: 490mm<\/p>","protected":false},"excerpt":{"rendered":"<p>Vikan Snow Brush 520052 \u2013 szczotka do \u015bniegu i skrobaczka to bardzo przydatne narz\u0119dzie, kt\u00f3re naprawd\u0119 warto mie\u0107 zim\u0105 w swoim aucie. D\u0142uga r\u0119koje\u015b\u0107 szczotki pozwala na \u0142atwe od\u015bnie\u017cenie nawet du\u017cych aut. D\u0142ugie i sztywne, zarazem delikatne w\u0142osie bardzo sprawnie radzi sobie z usuwaniem \u015bniegu bez obaw o porysowanie lakieru. D\u0142ugo\u015b\u0107: 490 mm<\/p>","protected":false},"featured_media":1847333,"comment_status":"open","ping_status":"open","template":"","meta":{"neve_meta_sidebar":"","neve_meta_container":"","neve_meta_enable_content_width":"","neve_meta_content_width":0,"neve_meta_title_alignment":"","neve_meta_author_avatar":"","neve_post_elements_order":"","neve_meta_disable_header":"","neve_meta_disable_footer":"","neve_meta_disable_title":"","_themeisle_gutenberg_block_has_review":false},"product_brand":[],"product_cat":[757,785,777],"product_tag":[377],"class_list":{"0":"post-1804094","1":"product","2":"type-product","3":"status-publish","4":"has-post-thumbnail","6":"product_cat-akcesoria","7":"product_cat-do-elementow-zewnetrznych","8":"product_cat-szczotki-i-pedzelki","9":"product_tag-vikan","11":"first","12":"instock","13":"taxable","14":"shipping-taxable","15":"purchasable","16":"product-type-simple"},"_links":{"self":[{"href":"https:\/\/liquidmaster.pl\/en\/wp-json\/wp\/v2\/product\/1804094","targetHints":{"allow":["GET"]}}],"collection":[{"href":"https:\/\/liquidmaster.pl\/en\/wp-json\/wp\/v2\/product"}],"about":[{"href":"https:\/\/liquidmaster.pl\/en\/wp-json\/wp\/v2\/types\/product"}],"replies":[{"embeddable":true,"href":"https:\/\/liquidmaster.pl\/en\/wp-json\/wp\/v2\/comments?post=1804094"}],"wp:featuredmedia":[{"embeddable":true,"href":"https:\/\/liquidmaster.pl\/en\/wp-json\/wp\/v2\/media\/1847333"}],"wp:attachment":[{"href":"https:\/\/liquidmaster.pl\/en\/wp-json\/wp\/v2\/media?parent=1804094"}],"wp:term":[{"taxonomy":"product_brand","embeddable":true,"href":"https:\/\/liquidmaster.pl\/en\/wp-json\/wp\/v2\/product_brand?post=1804094"},{"taxonomy":"product_cat","embeddable":true,"href":"https:\/\/liquidmaster.pl\/en\/wp-json\/wp\/v2\/product_cat?post=1804094"},{"taxonomy":"product_tag","embeddable":true,"href":"https:\/\/liquidmaster.pl\/en\/wp-json\/wp\/v2\/product_tag?post=1804094"}],"curies":[{"name":"wp","href":"https:\/\/api.w.org\/{rel}","templated":true}]}}