{"id":1804080,"date":"2025-03-28T13:52:04","date_gmt":"2025-03-28T11:52:04","guid":{"rendered":"https:\/\/liquidmaster.pl\/deturner-leather-qd-produkt-do-biezacej-pielegnacji-skory-500ml\/"},"modified":"2026-04-18T04:25:23","modified_gmt":"2026-04-18T02:25:23","slug":"deturner-leather-qd-produkt-do-biezacej-pielegnacji-skory-500ml","status":"publish","type":"product","link":"https:\/\/liquidmaster.pl\/en\/deturner-leather-qd-produkt-do-biezacej-pielegnacji-skory-500ml\/","title":{"rendered":"Deturner Leather QD - a product for ongoing leather care 500ml"},"content":{"rendered":"<p>Deturner<\/p>\n<p>Leather QD<\/p>\n<p>Designed for ongoing care of leather upholstery. Appropriate cleaning power will remove dirt and natural ingredients will leave the surface protected, nourished and soft to the touch. Regular use will ensure that the skin remains in good condition and moisturized for a long time.<\/p>\n<p>\u00a0<\/p>\n<p>Usage:<\/p>\n<li>Spray on a microfiber or apply directly to the skin.<\/li>\n<li>Wipe the surfaces with light pressure.<\/li>\n<li>Rub in any excess with the dry side of the microfiber.<\/li>","protected":false},"excerpt":{"rendered":"<p>Deturner Leather QD Przeznaczony do bie\u017c\u0105cej piel\u0119gnacji tapicerki sk\u00f3rzanej. Odpowiednia si\u0142a czyszcz\u0105ca usunie zabrudzenia a naturalne sk\u0142adniki pozostawi\u0105 powierzchnie zabezpieczon\u0105, od\u017cywion\u0105 i mi\u0119kk\u0105 w dotyku. Regularne stosowanie zapewni utrzymanie dobrego stanu i nawil\u017cenia sk\u00f3ry na d\u0142ugi czas. \u00a0 Spos\u00f3b u\u017cycia: Spryskaj mikrofibr\u0119 lub aplikuj bezpo\u015brednio na sk\u00f3r\u0119. Przecieraj powierzchnie u\u017cywaj\u0105c lekki dociski. Ewentualny nadmiar dotrzyj,&hellip;&nbsp;<a href=\"https:\/\/liquidmaster.pl\/en\/deturner-leather-qd-produkt-do-biezacej-pielegnacji-skory-500ml\/\" rel=\"bookmark\">Read More \u00bb<span class=\"screen-reader-text\">Deturner Leather QD - a product for ongoing leather care 500ml<\/span><\/a><\/p>","protected":false},"featured_media":1846241,"comment_status":"open","ping_status":"open","template":"","meta":{"neve_meta_sidebar":"","neve_meta_container":"","neve_meta_enable_content_width":"","neve_meta_content_width":0,"neve_meta_title_alignment":"","neve_meta_author_avatar":"","neve_post_elements_order":"","neve_meta_disable_header":"","neve_meta_disable_footer":"","neve_meta_disable_title":"","_themeisle_gutenberg_block_has_review":false},"product_brand":[],"product_cat":[855,816,768],"product_tag":[287],"class_list":{"0":"post-1804080","1":"product","2":"type-product","3":"status-publish","4":"has-post-thumbnail","6":"product_cat-qd-do-skor","7":"product_cat-tapicerka-skorzana","8":"product_cat-wnetrze-auta","9":"product_tag-deturner","11":"first","12":"instock","13":"taxable","14":"shipping-taxable","15":"purchasable","16":"product-type-simple"},"_links":{"self":[{"href":"https:\/\/liquidmaster.pl\/en\/wp-json\/wp\/v2\/product\/1804080","targetHints":{"allow":["GET"]}}],"collection":[{"href":"https:\/\/liquidmaster.pl\/en\/wp-json\/wp\/v2\/product"}],"about":[{"href":"https:\/\/liquidmaster.pl\/en\/wp-json\/wp\/v2\/types\/product"}],"replies":[{"embeddable":true,"href":"https:\/\/liquidmaster.pl\/en\/wp-json\/wp\/v2\/comments?post=1804080"}],"wp:featuredmedia":[{"embeddable":true,"href":"https:\/\/liquidmaster.pl\/en\/wp-json\/wp\/v2\/media\/1846241"}],"wp:attachment":[{"href":"https:\/\/liquidmaster.pl\/en\/wp-json\/wp\/v2\/media?parent=1804080"}],"wp:term":[{"taxonomy":"product_brand","embeddable":true,"href":"https:\/\/liquidmaster.pl\/en\/wp-json\/wp\/v2\/product_brand?post=1804080"},{"taxonomy":"product_cat","embeddable":true,"href":"https:\/\/liquidmaster.pl\/en\/wp-json\/wp\/v2\/product_cat?post=1804080"},{"taxonomy":"product_tag","embeddable":true,"href":"https:\/\/liquidmaster.pl\/en\/wp-json\/wp\/v2\/product_tag?post=1804080"}],"curies":[{"name":"wp","href":"https:\/\/api.w.org\/{rel}","templated":true}]}}