{"id":1804070,"date":"2025-03-28T13:50:43","date_gmt":"2025-03-28T11:50:43","guid":{"rendered":"https:\/\/liquidmaster.pl\/deturner-leather-protector-500ml-mleczko-zabezpieczajace-skore\/"},"modified":"2026-04-18T04:25:22","modified_gmt":"2026-04-18T02:25:22","slug":"deturner-leather-protector-500ml-mleczko-zabezpieczajace-skore","status":"publish","type":"product","link":"https:\/\/liquidmaster.pl\/en\/deturner-leather-protector-500ml-mleczko-zabezpieczajace-skore\/","title":{"rendered":"Deturner Leather Protector 500ml \u2013 leather protection milk"},"content":{"rendered":"<p>Deturner Leather Protector<\/p>\n<p>A milk that protects and softens the skin. After application, the surface becomes darkened and matte, and the skin remains dull to the touch. The advanced formula protects against discoloration, prevents the skin from drying out and protects against new dirt. Regular use ensures that the skin remains in good condition and moisturized for a long time.<\/p>\n<p>Usage:<\/p>\n<li>Vacuum and clean your leather upholstery with Deturner Leather Cleaner.<\/li>\n<li>Apply a small amount of the product to the skin using a microfiber applicator or a soft cloth.<\/li>\n<li>Wipe off excess preparation with a microfiber cloth and leave to dry.<\/li>","protected":false},"excerpt":{"rendered":"<p>Deturner Leather Protector Mleczko zabezpieczaj\u0105ce i nadaj\u0105ce mi\u0119kko\u015b\u0107 sk\u00f3rze, po aplikacji powierzchnia staje si\u0119 mocno przyciemniona, matowa, a sk\u00f3ra w dotyku pozostaje t\u0119pa. Zaawansowana formu\u0142a\u00a0chroni przed przebarwieniami, zapobiega wysychaniu sk\u00f3ry oraz chroni przed nowymi zabrudzeniami. Regularne stosowanie zapewnia utrzymanie dobrego stanu i nawil\u017cenia sk\u00f3ry na d\u0142ugi czas. Spos\u00f3b u\u017cycia: Odkurz i wyczy\u015b\u0107 tapicerk\u0119 sk\u00f3rzan\u0105 za&hellip;&nbsp;<a href=\"https:\/\/liquidmaster.pl\/en\/deturner-leather-protector-500ml-mleczko-zabezpieczajace-skore\/\" rel=\"bookmark\">Read More \u00bb<span class=\"screen-reader-text\">Deturner Leather Protector 500ml \u2013 leather protection milk<\/span><\/a><\/p>","protected":false},"featured_media":1846229,"comment_status":"open","ping_status":"open","template":"","meta":{"neve_meta_sidebar":"","neve_meta_container":"","neve_meta_enable_content_width":"","neve_meta_content_width":0,"neve_meta_title_alignment":"","neve_meta_author_avatar":"","neve_post_elements_order":"","neve_meta_disable_header":"","neve_meta_disable_footer":"","neve_meta_disable_title":"","_themeisle_gutenberg_block_has_review":false},"product_brand":[],"product_cat":[854,816,768],"product_tag":[287],"class_list":{"0":"post-1804070","1":"product","2":"type-product","3":"status-publish","4":"has-post-thumbnail","6":"product_cat-mleczka-i-balsamy-do-skor","7":"product_cat-tapicerka-skorzana","8":"product_cat-wnetrze-auta","9":"product_tag-deturner","11":"first","12":"instock","13":"taxable","14":"shipping-taxable","15":"purchasable","16":"product-type-simple"},"_links":{"self":[{"href":"https:\/\/liquidmaster.pl\/en\/wp-json\/wp\/v2\/product\/1804070","targetHints":{"allow":["GET"]}}],"collection":[{"href":"https:\/\/liquidmaster.pl\/en\/wp-json\/wp\/v2\/product"}],"about":[{"href":"https:\/\/liquidmaster.pl\/en\/wp-json\/wp\/v2\/types\/product"}],"replies":[{"embeddable":true,"href":"https:\/\/liquidmaster.pl\/en\/wp-json\/wp\/v2\/comments?post=1804070"}],"wp:featuredmedia":[{"embeddable":true,"href":"https:\/\/liquidmaster.pl\/en\/wp-json\/wp\/v2\/media\/1846229"}],"wp:attachment":[{"href":"https:\/\/liquidmaster.pl\/en\/wp-json\/wp\/v2\/media?parent=1804070"}],"wp:term":[{"taxonomy":"product_brand","embeddable":true,"href":"https:\/\/liquidmaster.pl\/en\/wp-json\/wp\/v2\/product_brand?post=1804070"},{"taxonomy":"product_cat","embeddable":true,"href":"https:\/\/liquidmaster.pl\/en\/wp-json\/wp\/v2\/product_cat?post=1804070"},{"taxonomy":"product_tag","embeddable":true,"href":"https:\/\/liquidmaster.pl\/en\/wp-json\/wp\/v2\/product_tag?post=1804070"}],"curies":[{"name":"wp","href":"https:\/\/api.w.org\/{rel}","templated":true}]}}