{"id":1804066,"date":"2025-03-28T13:50:28","date_gmt":"2025-03-28T11:50:28","guid":{"rendered":"https:\/\/liquidmaster.pl\/flex-fs140-przedluzka-do-pxe-80-10-8-ec-set\/"},"modified":"2026-04-18T04:31:51","modified_gmt":"2026-04-18T02:31:51","slug":"flex-fs140-przedluzka-do-pxe-80-10-8-ec-set","status":"publish","type":"product","link":"https:\/\/liquidmaster.pl\/en\/flex-fs140-przedluzka-do-pxe-80-108-ec-set\/","title":{"rendered":"FLEX FS140 \u2013 extension for PXE 80 10.8-EC set"},"content":{"rendered":"<p>FLEX FS 140<\/p>\n<p>The flexible extension for the PXE 80 10.8-EC polisher is an innovative system for polishing hard-to-reach places that cannot be treated with traditional polishing machines. The highest quality materials guarantee maximum service life.<\/p>\n<p>The innovative mounting system means that the device can only be used with the polishing machine PXE 80 10.8-EC.<\/p>\n<p>The bit holder mechanism allows you to quickly change accessories.<\/p>\n<p>Set elements:<\/p>\n<ul>\n<li>1x flexible shaft FS 140<\/li>\n<li>2x conical soft pad<\/li>\n<li>2x conical medium pad<\/li>\n<li>2x conical hard pad<\/li>\n<li>2x cylindrical soft pad<\/li>\n<li>2x cylindrical medium pad<\/li>\n<li>2x cylindrical hard pad<\/li>\n<li>1x L-BOXX\u00ae 102 case<\/li>\n<\/ul>","protected":false},"excerpt":{"rendered":"<p>FLEX FS 140 Elastyczna przed\u0142u\u017cka do polerki PXE 80 10.8-EC to innowacyjny system do polerowania trudno dost\u0119pnych miejsc, kt\u00f3re nie mog\u0105 by\u0107 obrabiane tradycyjnymi maszynami polerskimi. Najwy\u017cszej jako\u015bci materia\u0142y gwarantuj\u0105 maksymaln\u0105 \u017cywotno\u015b\u0107. Innowacyjny system mocowania sprawia, \u017ce urz\u0105dzenie mo\u017ce by\u0107 stosowane jedynie z maszyn\u0105 polersk\u0105 PXE 80 10.8-EC. Mechanizm uchwytu bit\u00f3w pozwala na b\u0142yskawiczn\u0105 wymian\u0119&hellip;&nbsp;<a href=\"https:\/\/liquidmaster.pl\/en\/flex-fs140-przedluzka-do-pxe-80-108-ec-set\/\" rel=\"bookmark\">Read More \u00bb<span class=\"screen-reader-text\">FLEX FS140 \u2013 extension for PXE 80 10.8-EC set<\/span><\/a><\/p>","protected":false},"featured_media":1847314,"comment_status":"open","ping_status":"open","template":"","meta":{"neve_meta_sidebar":"","neve_meta_container":"","neve_meta_enable_content_width":"","neve_meta_content_width":0,"neve_meta_title_alignment":"","neve_meta_author_avatar":"","neve_post_elements_order":"","neve_meta_disable_header":"","neve_meta_disable_footer":"","neve_meta_disable_title":"","_themeisle_gutenberg_block_has_review":false},"product_brand":[],"product_cat":[748,898,842],"product_tag":[292],"class_list":{"0":"post-1804066","1":"product","2":"type-product","3":"status-publish","4":"has-post-thumbnail","6":"product_cat-polerowanie","7":"product_cat-przedluzki","8":"product_cat-talerze-mocujace","9":"product_tag-flex","11":"first","12":"instock","13":"taxable","14":"shipping-taxable","15":"purchasable","16":"product-type-simple"},"_links":{"self":[{"href":"https:\/\/liquidmaster.pl\/en\/wp-json\/wp\/v2\/product\/1804066","targetHints":{"allow":["GET"]}}],"collection":[{"href":"https:\/\/liquidmaster.pl\/en\/wp-json\/wp\/v2\/product"}],"about":[{"href":"https:\/\/liquidmaster.pl\/en\/wp-json\/wp\/v2\/types\/product"}],"replies":[{"embeddable":true,"href":"https:\/\/liquidmaster.pl\/en\/wp-json\/wp\/v2\/comments?post=1804066"}],"wp:featuredmedia":[{"embeddable":true,"href":"https:\/\/liquidmaster.pl\/en\/wp-json\/wp\/v2\/media\/1847314"}],"wp:attachment":[{"href":"https:\/\/liquidmaster.pl\/en\/wp-json\/wp\/v2\/media?parent=1804066"}],"wp:term":[{"taxonomy":"product_brand","embeddable":true,"href":"https:\/\/liquidmaster.pl\/en\/wp-json\/wp\/v2\/product_brand?post=1804066"},{"taxonomy":"product_cat","embeddable":true,"href":"https:\/\/liquidmaster.pl\/en\/wp-json\/wp\/v2\/product_cat?post=1804066"},{"taxonomy":"product_tag","embeddable":true,"href":"https:\/\/liquidmaster.pl\/en\/wp-json\/wp\/v2\/product_tag?post=1804066"}],"curies":[{"name":"wp","href":"https:\/\/api.w.org\/{rel}","templated":true}]}}