{"id":1804055,"date":"2025-03-28T13:50:05","date_gmt":"2025-03-28T11:50:05","guid":{"rendered":"https:\/\/liquidmaster.pl\/deturner-leather-cleaner-produkt-do-czyszczenia-skory-500ml\/"},"modified":"2026-04-20T08:03:35","modified_gmt":"2026-04-20T06:03:35","slug":"deturner-leather-cleaner-produkt-do-czyszczenia-skory-500ml","status":"publish","type":"product","link":"https:\/\/liquidmaster.pl\/en\/deturner-leather-cleaner-produkt-do-czyszczenia-skory-500ml\/","title":{"rendered":"Deturner Leather Cleaner - a product for cleaning leather 500ml"},"content":{"rendered":"<p>Deturner Leather Cleaner \u2013 A safe preparation for cleaning leather car upholstery. The product is ready to use and can be applied using the attached atomizer or poured into a bottle with a foamer. We recommend the first option for quickly refreshing the upholstery. The second option works better for deep cleaning. It will leave a clean and matte surface, but will not dry out the skin. The product is dedicated to removing dirt and stains on all smooth, artificial and natural leather. For ongoing care, the product can be diluted 1:1.<\/p>\n<p>Leather Cleaner is also available in a complete leather cleaning set.<\/p>\n<p>Usage:<\/p>\n<li>Vacuum the surface to be cleaned and test it in an inconspicuous place.<\/li>\n<li>You can apply using the included atomizer. Always apply the product to cleaning accessories and then start cleaning.<\/li>\n<li>Collect dirty foam with a white microfiber cloth.<\/li>\n<li>After cleaning, wait 30 minutes and protect the leather with Deturner Leather Protector to maintain good condition.<\/li>\n<li>If there is more dirt, we recommend using a foam applicator. In this case, apply foam to the brush and clean the dirty surface<\/li>","protected":false},"excerpt":{"rendered":"<p>Deturner Leather Cleaner \u2013 Bezpieczny preparat do czyszczenia sk\u00f3rzanej tapicerki samochodowej. Produkt gotowy do u\u017cycia, mo\u017ce by\u0107 aplikowany za pomoc\u0105 do\u0142\u0105czonego atomizera lub przelany do butelki z pianowniczk\u0105. Pierwsz\u0105 opcj\u0119 polecamy do szybkiego od\u015bwie\u017cenia tapicerki. Druga opcja sprawdza si\u0119 lepiej przy dog\u0142\u0119bnym czyszczeniu. Pozostawi czyst\u0105 i matow\u0105 powierzchni\u0119, a mimo to nie wysuszy sk\u00f3ry. Produkt&hellip;&nbsp;<a href=\"https:\/\/liquidmaster.pl\/en\/deturner-leather-cleaner-produkt-do-czyszczenia-skory-500ml\/\" rel=\"bookmark\">Read More \u00bb<span class=\"screen-reader-text\">Deturner Leather Cleaner - a product for cleaning leather 500ml<\/span><\/a><\/p>","protected":false},"featured_media":1846217,"comment_status":"open","ping_status":"open","template":"","meta":{"neve_meta_sidebar":"","neve_meta_container":"","neve_meta_enable_content_width":"","neve_meta_content_width":0,"neve_meta_title_alignment":"","neve_meta_author_avatar":"","neve_post_elements_order":"","neve_meta_disable_header":"","neve_meta_disable_footer":"","neve_meta_disable_title":"","_themeisle_gutenberg_block_has_review":false},"product_brand":[],"product_cat":[834,816,768],"product_tag":[287],"class_list":{"0":"post-1804055","1":"product","2":"type-product","3":"status-publish","4":"has-post-thumbnail","6":"product_cat-czyszczenie-skory","7":"product_cat-tapicerka-skorzana","8":"product_cat-wnetrze-auta","9":"product_tag-deturner","11":"first","12":"instock","13":"taxable","14":"shipping-taxable","15":"purchasable","16":"product-type-simple"},"_links":{"self":[{"href":"https:\/\/liquidmaster.pl\/en\/wp-json\/wp\/v2\/product\/1804055","targetHints":{"allow":["GET"]}}],"collection":[{"href":"https:\/\/liquidmaster.pl\/en\/wp-json\/wp\/v2\/product"}],"about":[{"href":"https:\/\/liquidmaster.pl\/en\/wp-json\/wp\/v2\/types\/product"}],"replies":[{"embeddable":true,"href":"https:\/\/liquidmaster.pl\/en\/wp-json\/wp\/v2\/comments?post=1804055"}],"wp:featuredmedia":[{"embeddable":true,"href":"https:\/\/liquidmaster.pl\/en\/wp-json\/wp\/v2\/media\/1846217"}],"wp:attachment":[{"href":"https:\/\/liquidmaster.pl\/en\/wp-json\/wp\/v2\/media?parent=1804055"}],"wp:term":[{"taxonomy":"product_brand","embeddable":true,"href":"https:\/\/liquidmaster.pl\/en\/wp-json\/wp\/v2\/product_brand?post=1804055"},{"taxonomy":"product_cat","embeddable":true,"href":"https:\/\/liquidmaster.pl\/en\/wp-json\/wp\/v2\/product_cat?post=1804055"},{"taxonomy":"product_tag","embeddable":true,"href":"https:\/\/liquidmaster.pl\/en\/wp-json\/wp\/v2\/product_tag?post=1804055"}],"curies":[{"name":"wp","href":"https:\/\/api.w.org\/{rel}","templated":true}]}}