{"id":1804044,"date":"2025-03-28T13:48:43","date_gmt":"2025-03-28T11:48:43","guid":{"rendered":"https:\/\/liquidmaster.pl\/deturner-leather-cleaner-250ml-produkt-do-czyszczenia-skory\/"},"modified":"2026-04-20T08:03:34","modified_gmt":"2026-04-20T06:03:34","slug":"deturner-leather-cleaner-250ml-produkt-do-czyszczenia-skory","status":"publish","type":"product","link":"https:\/\/liquidmaster.pl\/en\/deturner-leather-cleaner-250ml-produkt-do-czyszczenia-skory\/","title":{"rendered":"Deturner Leather Cleaner 250ml \u2013 a product for cleaning leather"},"content":{"rendered":"<p>Deturner Leather Cleaner \u2013 A safe preparation for cleaning leather car upholstery. The product is ready for use in a bottle with a foamer. It has appropriate foaming properties, thanks to which we avoid soaking the skin. It will leave a clean and matte surface, but will not dry out the skin. The product is dedicated to removing dirt and stains on all smooth, artificial and natural leather. For ongoing care, the product can be diluted 1:1.<\/p>\n<p>Leather Cleaner is also available in a complete leather cleaning set.<\/p>\n<p>Usage:<\/p>\n<li>Vacuum the surface to be cleaned and test it in an inconspicuous place.<\/li>\n<li>Apply the product using a foaming bottle to a leather cleaning brush.<\/li>\n<li>Spread the product over the surface from seam to seam and clean with straight and circular movements.<\/li>\n<li>Collect dirty foam with a white microfiber cloth.<\/li>\n<li>From time to time, rinse the toothbrush from dirt in running water.<\/li>\n<li>After cleaning, wait 30 minutes and protect the leather with Deturner Leather Protector to maintain good condition.<\/li>\n<li>In heavily dirty places, you can repeat the operation with gentle pressure.<\/li>","protected":false},"excerpt":{"rendered":"<p>Deturner Leather Cleaner \u2013 Bezpieczny preparat do czyszczenia sk\u00f3rzanej tapicerki samochodowej. Produkt gotowy do u\u017cytku w butelce z pianowniczk\u0105. Posiada odpowiednie w\u0142a\u015bciwo\u015bci pieni\u0105ce, dzi\u0119ki kt\u00f3rym unikniemy przemaczania sk\u00f3ry. Pozostawi czyst\u0105 i matow\u0105 powierzchni\u0119, a mimo to nie wysuszy sk\u00f3ry. Produkt jest dedykowany do usuwania zabrudze\u0144 i plam na wszystkich sk\u00f3rach g\u0142adkich, sztucznych i naturalnych. Do&hellip;&nbsp;<a href=\"https:\/\/liquidmaster.pl\/en\/deturner-leather-cleaner-250ml-produkt-do-czyszczenia-skory\/\" rel=\"bookmark\">Read More \u00bb<span class=\"screen-reader-text\">Deturner Leather Cleaner 250ml \u2013 a product for cleaning leather<\/span><\/a><\/p>","protected":false},"featured_media":1846209,"comment_status":"open","ping_status":"open","template":"","meta":{"neve_meta_sidebar":"","neve_meta_container":"","neve_meta_enable_content_width":"","neve_meta_content_width":0,"neve_meta_title_alignment":"","neve_meta_author_avatar":"","neve_post_elements_order":"","neve_meta_disable_header":"","neve_meta_disable_footer":"","neve_meta_disable_title":"","_themeisle_gutenberg_block_has_review":false},"product_brand":[],"product_cat":[834,816,768],"product_tag":[287],"class_list":{"0":"post-1804044","1":"product","2":"type-product","3":"status-publish","4":"has-post-thumbnail","6":"product_cat-czyszczenie-skory","7":"product_cat-tapicerka-skorzana","8":"product_cat-wnetrze-auta","9":"product_tag-deturner","11":"first","12":"instock","13":"taxable","14":"shipping-taxable","15":"purchasable","16":"product-type-simple"},"_links":{"self":[{"href":"https:\/\/liquidmaster.pl\/en\/wp-json\/wp\/v2\/product\/1804044","targetHints":{"allow":["GET"]}}],"collection":[{"href":"https:\/\/liquidmaster.pl\/en\/wp-json\/wp\/v2\/product"}],"about":[{"href":"https:\/\/liquidmaster.pl\/en\/wp-json\/wp\/v2\/types\/product"}],"replies":[{"embeddable":true,"href":"https:\/\/liquidmaster.pl\/en\/wp-json\/wp\/v2\/comments?post=1804044"}],"wp:featuredmedia":[{"embeddable":true,"href":"https:\/\/liquidmaster.pl\/en\/wp-json\/wp\/v2\/media\/1846209"}],"wp:attachment":[{"href":"https:\/\/liquidmaster.pl\/en\/wp-json\/wp\/v2\/media?parent=1804044"}],"wp:term":[{"taxonomy":"product_brand","embeddable":true,"href":"https:\/\/liquidmaster.pl\/en\/wp-json\/wp\/v2\/product_brand?post=1804044"},{"taxonomy":"product_cat","embeddable":true,"href":"https:\/\/liquidmaster.pl\/en\/wp-json\/wp\/v2\/product_cat?post=1804044"},{"taxonomy":"product_tag","embeddable":true,"href":"https:\/\/liquidmaster.pl\/en\/wp-json\/wp\/v2\/product_tag?post=1804044"}],"curies":[{"name":"wp","href":"https:\/\/api.w.org\/{rel}","templated":true}]}}