{"id":1804024,"date":"2025-03-28T13:46:49","date_gmt":"2025-03-28T11:46:49","guid":{"rendered":"https:\/\/liquidmaster.pl\/funky-witch-volcano-1l-deironizer-do-felg-i-lakieru\/"},"modified":"2026-04-18T04:31:44","modified_gmt":"2026-04-18T02:31:44","slug":"funky-witch-volcano-1l-deironizer-do-felg-i-lakieru","status":"publish","type":"product","link":"https:\/\/liquidmaster.pl\/en\/funky-witch-volcano-1l-deironizer-do-felg-i-lakieru\/","title":{"rendered":"Funky Witch Volcano 1L - wheel and paint deironizer"},"content":{"rendered":"<p>Funky Witch Volcano is a deironizer that removes metallic stains from paint and rims. The product&#039;s light consistency makes applying Volcano a pure pleasure. Its neutral pH makes Volcano safe for treated surfaces. Corrosion inhibitors make it suitable for regular maintenance. Working with the product is pleasant, and Volcano has no unpleasant odor.<\/p>\n<p>Usage:<\/p>\n<ul>\n<li>shake before use\u00a0<\/li>\n<li>apply the product only to cool surfaces<\/li>\n<li>After application, wait 2-5 minutes for the product to react with the impurities\u00a0<\/li>\n<li>rinse under pressure at the end<\/li>\n<\/ul>\n<p>Capacity: 1L<\/p>","protected":false},"excerpt":{"rendered":"<p>Funky Witch Volcano to deironizer usuwaj\u0105cy z lakieru i felg zabrudzenia metaliczne. Lekka konsystencja produktu sprawia, \u017ce aplikacja Volcano to czysta przyjemno\u015b\u0107. Neutralne pH powoduje, \u017ce Volcano jest bezpieczny dla piel\u0119gnowanych powierzchni. Zawarte w sk\u0142adzie produktu inhibitory korozji sprawiaj\u0105, \u017ce produkt mo\u017cna stosowa\u0107 do regularnej piel\u0119gnacji. Prace z produktem jest przyjemna, Volcano nie posiada nieprzyjemnego&hellip;&nbsp;<a href=\"https:\/\/liquidmaster.pl\/en\/funky-witch-volcano-1l-deironizer-do-felg-i-lakieru\/\" rel=\"bookmark\">Read More \u00bb<span class=\"screen-reader-text\">Funky Witch Volcano 1L - wheel and paint deironizer<\/span><\/a><\/p>","protected":false},"featured_media":1847290,"comment_status":"open","ping_status":"open","template":"","meta":{"neve_meta_sidebar":"","neve_meta_container":"","neve_meta_enable_content_width":"","neve_meta_content_width":0,"neve_meta_title_alignment":"","neve_meta_author_avatar":"","neve_post_elements_order":"","neve_meta_disable_header":"","neve_meta_disable_footer":"","neve_meta_disable_title":"","_themeisle_gutenberg_block_has_review":false},"product_brand":[],"product_cat":[744,743,733],"product_tag":[298],"class_list":{"0":"post-1804024","1":"product","2":"type-product","3":"status-publish","4":"has-post-thumbnail","6":"product_cat-deironizacja","7":"product_cat-dekontaminacja","8":"product_cat-na-zewnatrz","9":"product_tag-funky-witch","10":"pa_promocja-promocje","12":"first","13":"instock","14":"sale","15":"taxable","16":"shipping-taxable","17":"purchasable","18":"product-type-simple"},"_links":{"self":[{"href":"https:\/\/liquidmaster.pl\/en\/wp-json\/wp\/v2\/product\/1804024","targetHints":{"allow":["GET"]}}],"collection":[{"href":"https:\/\/liquidmaster.pl\/en\/wp-json\/wp\/v2\/product"}],"about":[{"href":"https:\/\/liquidmaster.pl\/en\/wp-json\/wp\/v2\/types\/product"}],"replies":[{"embeddable":true,"href":"https:\/\/liquidmaster.pl\/en\/wp-json\/wp\/v2\/comments?post=1804024"}],"wp:featuredmedia":[{"embeddable":true,"href":"https:\/\/liquidmaster.pl\/en\/wp-json\/wp\/v2\/media\/1847290"}],"wp:attachment":[{"href":"https:\/\/liquidmaster.pl\/en\/wp-json\/wp\/v2\/media?parent=1804024"}],"wp:term":[{"taxonomy":"product_brand","embeddable":true,"href":"https:\/\/liquidmaster.pl\/en\/wp-json\/wp\/v2\/product_brand?post=1804024"},{"taxonomy":"product_cat","embeddable":true,"href":"https:\/\/liquidmaster.pl\/en\/wp-json\/wp\/v2\/product_cat?post=1804024"},{"taxonomy":"product_tag","embeddable":true,"href":"https:\/\/liquidmaster.pl\/en\/wp-json\/wp\/v2\/product_tag?post=1804024"}],"curies":[{"name":"wp","href":"https:\/\/api.w.org\/{rel}","templated":true}]}}