{"id":1803906,"date":"2025-03-28T13:38:21","date_gmt":"2025-03-28T11:38:21","guid":{"rendered":"https:\/\/liquidmaster.pl\/adbl-round-detailing-brush-16-pedzel-do-czyszczenia-detali-i-zakamarkow\/"},"modified":"2026-04-18T04:25:10","modified_gmt":"2026-04-18T02:25:10","slug":"adbl-round-detailing-brush-16-pedzel-do-czyszczenia-detali-i-zakamarkow","status":"publish","type":"product","link":"https:\/\/liquidmaster.pl\/en\/adbl-round-detailing-brush-31mm-17\/","title":{"rendered":"ADBL Round Detailing Brush 16 \u2013 a brush for cleaning details and nooks and crannies"},"content":{"rendered":"<p>ADBL Round Detailing Brush - is a high-quality ADBL brush for cleaning details, nooks and hard-to-reach places. Natural-synthetic bristles and a plastic cap ensure gentle and effective cleaning of each element. Perfect for use inside and outside any car.<\/p>\n<p>Size: 16 \u2013 diameter 31 mm<\/p>\n<p>\u00a0<\/p>\n<p style=\"font-weight: normal; text-decoration: none\">","protected":false},"excerpt":{"rendered":"<p>ADBL Round Detailing Brush \u2013 to wysokiej jako\u015bci p\u0119dzel ADBL do czyszczenia detali, zakamark\u00f3w i\u00a0trudno dost\u0119pnych miejsc. Naturalno-syntetyczne w\u0142osie oraz plastikowa skuwka zapewniaj\u0105 delikatne i\u00a0skuteczne czyszczenie ka\u017cdego elementu. Idealny do u\u017cycia wewn\u0105trz i\u00a0na zewn\u0105trz ka\u017cdego auta. Rozmiar: 16 \u2013 \u015brednica 31 mm \u00a0<\/p>","protected":false},"featured_media":1846087,"comment_status":"open","ping_status":"open","template":"","meta":{"neve_meta_sidebar":"","neve_meta_container":"","neve_meta_enable_content_width":"","neve_meta_content_width":0,"neve_meta_title_alignment":"","neve_meta_author_avatar":"","neve_post_elements_order":"","neve_meta_disable_header":"","neve_meta_disable_footer":"","neve_meta_disable_title":"","_themeisle_gutenberg_block_has_review":false},"product_brand":[],"product_cat":[757,778,777],"product_tag":[258],"class_list":{"0":"post-1803906","1":"product","2":"type-product","3":"status-publish","4":"has-post-thumbnail","6":"product_cat-akcesoria","7":"product_cat-do-plastikow-wewnetrznych","8":"product_cat-szczotki-i-pedzelki","9":"product_tag-adbl","11":"first","12":"instock","13":"taxable","14":"shipping-taxable","15":"purchasable","16":"product-type-simple"},"_links":{"self":[{"href":"https:\/\/liquidmaster.pl\/en\/wp-json\/wp\/v2\/product\/1803906","targetHints":{"allow":["GET"]}}],"collection":[{"href":"https:\/\/liquidmaster.pl\/en\/wp-json\/wp\/v2\/product"}],"about":[{"href":"https:\/\/liquidmaster.pl\/en\/wp-json\/wp\/v2\/types\/product"}],"replies":[{"embeddable":true,"href":"https:\/\/liquidmaster.pl\/en\/wp-json\/wp\/v2\/comments?post=1803906"}],"wp:featuredmedia":[{"embeddable":true,"href":"https:\/\/liquidmaster.pl\/en\/wp-json\/wp\/v2\/media\/1846087"}],"wp:attachment":[{"href":"https:\/\/liquidmaster.pl\/en\/wp-json\/wp\/v2\/media?parent=1803906"}],"wp:term":[{"taxonomy":"product_brand","embeddable":true,"href":"https:\/\/liquidmaster.pl\/en\/wp-json\/wp\/v2\/product_brand?post=1803906"},{"taxonomy":"product_cat","embeddable":true,"href":"https:\/\/liquidmaster.pl\/en\/wp-json\/wp\/v2\/product_cat?post=1803906"},{"taxonomy":"product_tag","embeddable":true,"href":"https:\/\/liquidmaster.pl\/en\/wp-json\/wp\/v2\/product_tag?post=1803906"}],"curies":[{"name":"wp","href":"https:\/\/api.w.org\/{rel}","templated":true}]}}