{"id":1803691,"date":"2025-03-28T13:22:04","date_gmt":"2025-03-28T11:22:04","guid":{"rendered":"https:\/\/liquidmaster.pl\/freshtek-one-shot-bawelna-600ml-neutralizator-zapachow\/"},"modified":"2026-04-18T04:24:53","modified_gmt":"2026-04-18T02:24:53","slug":"freshtek-one-shot-bawelna-600ml-neutralizator-zapachow","status":"publish","type":"product","link":"https:\/\/liquidmaster.pl\/en\/freshtek-one-shot-bawelna-600ml-neutralizator-zapachow\/","title":{"rendered":"Freshtek One Shot Cotton 600ml - odor neutralizer"},"content":{"rendered":"<p>Freshtek One Shot Cotton \u2013 a double-acting agent \u2013 an air freshener and an unpleasant odor neutralizer. A scent associated with cleanliness, body lotion or luxurious soap. The term &quot;One Shot&quot; means that just one press of the &quot;trigger&quot; is enough for the fresh scent to spread throughout the room. It is a highly concentrated aerosol, so it is perfect wherever there is a larger usable area.<\/p>\n<p>More information:<\/p>\n<ul>\n<li>it has a large capacity of 600 ml<\/li>\n<li>highly concentrated, one press is enough for 200 m3<\/li>\n<li>contains special active substances to combat the odor<\/li>\n<li>very efficient thanks to its unique formula<\/li>\n<li>stays in the air for a long time<\/li>\n<li>quick and easy to use thanks to the special valve<\/li>\n<li>ecological - active substances do not contain heavy metals and ingredients harmful to the ozone layer<\/li>\n<\/ul>\n<p>Capacity: 600 ml<\/p>","protected":false},"excerpt":{"rendered":"<p>Freshtek One Shot Bawe\u0142na \u2013 \u015brodek o podw\u00f3jnym dzia\u0142aniu \u2013 od\u015bwie\u017cacza powietrza i neutralizatora nieprzyjemnych zapach\u00f3w. Zapach kojarzony z czysto\u015bci\u0105, balsamem do cia\u0142a czy luksusowym myd\u0142em. Okre\u015blenie &#8222;One Shot&#8221; oznacza, \u017ce wystarczy jedno przyci\u015bni\u0119cie &#8222;spustu&#8221;, aby \u015bwie\u017cy zapach rozszed\u0142 si\u0119 po ca\u0142ym pomieszczeniu. Jest to silnie skoncentrowany aerozol, wi\u0119c znakomicie nadaje si\u0119 wsz\u0119dzie tam, gdzie&hellip;&nbsp;<a href=\"https:\/\/liquidmaster.pl\/en\/freshtek-one-shot-bawelna-600ml-neutralizator-zapachow\/\" rel=\"bookmark\">Read More \u00bb<span class=\"screen-reader-text\">Freshtek One Shot Cotton 600ml - odor neutralizer<\/span><\/a><\/p>","protected":false},"featured_media":1845909,"comment_status":"open","ping_status":"open","template":"","meta":{"neve_meta_sidebar":"","neve_meta_container":"","neve_meta_enable_content_width":"","neve_meta_content_width":0,"neve_meta_title_alignment":"","neve_meta_author_avatar":"","neve_post_elements_order":"","neve_meta_disable_header":"","neve_meta_disable_footer":"","neve_meta_disable_title":"","_themeisle_gutenberg_block_has_review":false},"product_brand":[],"product_cat":[810,801,768],"product_tag":[295],"class_list":{"0":"post-1803691","1":"product","2":"type-product","3":"status-publish","4":"has-post-thumbnail","6":"product_cat-neutralizatory-zapachow","7":"product_cat-odswiezacze-powietrza","8":"product_cat-wnetrze-auta","9":"product_tag-freshtek","11":"first","12":"instock","13":"taxable","14":"shipping-taxable","15":"purchasable","16":"product-type-simple"},"_links":{"self":[{"href":"https:\/\/liquidmaster.pl\/en\/wp-json\/wp\/v2\/product\/1803691","targetHints":{"allow":["GET"]}}],"collection":[{"href":"https:\/\/liquidmaster.pl\/en\/wp-json\/wp\/v2\/product"}],"about":[{"href":"https:\/\/liquidmaster.pl\/en\/wp-json\/wp\/v2\/types\/product"}],"replies":[{"embeddable":true,"href":"https:\/\/liquidmaster.pl\/en\/wp-json\/wp\/v2\/comments?post=1803691"}],"wp:featuredmedia":[{"embeddable":true,"href":"https:\/\/liquidmaster.pl\/en\/wp-json\/wp\/v2\/media\/1845909"}],"wp:attachment":[{"href":"https:\/\/liquidmaster.pl\/en\/wp-json\/wp\/v2\/media?parent=1803691"}],"wp:term":[{"taxonomy":"product_brand","embeddable":true,"href":"https:\/\/liquidmaster.pl\/en\/wp-json\/wp\/v2\/product_brand?post=1803691"},{"taxonomy":"product_cat","embeddable":true,"href":"https:\/\/liquidmaster.pl\/en\/wp-json\/wp\/v2\/product_cat?post=1803691"},{"taxonomy":"product_tag","embeddable":true,"href":"https:\/\/liquidmaster.pl\/en\/wp-json\/wp\/v2\/product_tag?post=1803691"}],"curies":[{"name":"wp","href":"https:\/\/api.w.org\/{rel}","templated":true}]}}