{"id":1803646,"date":"2025-03-28T13:18:22","date_gmt":"2025-03-28T11:18:22","guid":{"rendered":"https:\/\/liquidmaster.pl\/evoxa-sleeker-da-yellow-80-100-pad-polerski\/"},"modified":"2026-04-18T04:24:50","modified_gmt":"2026-04-18T02:24:50","slug":"evoxa-sleeker-da-yellow-80-100-pad-polerski","status":"publish","type":"product","link":"https:\/\/liquidmaster.pl\/en\/evoxa-sleeker-da-yellow-80100-pad-polerski\/","title":{"rendered":"Evoxa Sleeker DA Yellow 80\/100 - polishing pad"},"content":{"rendered":"<p>The pad is made of open-cell foam from a European manufacturer. The unique white insert glued between the velor (Velcro) and the foam in combination with open cells significantly reduces the temperature on the paint surface by limiting the impact of heat coming from the Dual Action polisher&#039;s eccentric bearings and also improves the mechanical strength of the adhesive joint.<\/p>\n<p>GREEN - Cutting Pad<br \/>\nMAROON - Light Cutting Pad<br \/>\nYELLOW \u2013 Polish Pad \/ One Step<br \/>\nORANGE - Finish Pad<br \/>\nBLACK - Ultra Finish Pad<\/p>","protected":false},"excerpt":{"rendered":"<p>Pad wykonany jest z pianki otwartokom\u00f3rkowej europejskiego producenta. Unikalna bia\u0142a wk\u0142adka wklejona pomi\u0119dzy welur (rzep) a piank\u0119 w po\u0142\u0105czeniu z otwartymi kom\u00f3rkami znacz\u0105co redukuje temperatur\u0119 na powierzchni lakieru ograniczaj\u0105c wp\u0142yw ciep\u0142a pochodz\u0105cego z \u0142o\u017cysk mimo\u015brodu polerki Dual Action a tak\u017ce wp\u0142ywa na popraw\u0119 wytrzyma\u0142o\u015bci mechanicznej po\u0142\u0105czenia klejowego. GREEN &#8211; Cutting Pad MAROON &#8211; Light Cutting&hellip;&nbsp;<a href=\"https:\/\/liquidmaster.pl\/en\/evoxa-sleeker-da-yellow-80100-pad-polerski\/\" rel=\"bookmark\">Read More \u00bb<span class=\"screen-reader-text\">Evoxa Sleeker DA Yellow 80\/100 - polishing pad<\/span><\/a><\/p>","protected":false},"featured_media":1845872,"comment_status":"open","ping_status":"open","template":"","meta":{"neve_meta_sidebar":"","neve_meta_container":"","neve_meta_enable_content_width":"","neve_meta_content_width":0,"neve_meta_title_alignment":"","neve_meta_author_avatar":"","neve_post_elements_order":"","neve_meta_disable_header":"","neve_meta_disable_footer":"","neve_meta_disable_title":"","_themeisle_gutenberg_block_has_review":false},"product_brand":[],"product_cat":[823,822,748],"product_tag":[290],"class_list":{"0":"post-1803646","1":"product","2":"type-product","3":"status-publish","4":"has-post-thumbnail","6":"product_cat-gabki-polerskie","7":"product_cat-pady-polerskie","8":"product_cat-polerowanie","9":"product_tag-evoxa","11":"first","12":"instock","13":"taxable","14":"shipping-taxable","15":"purchasable","16":"product-type-simple"},"_links":{"self":[{"href":"https:\/\/liquidmaster.pl\/en\/wp-json\/wp\/v2\/product\/1803646","targetHints":{"allow":["GET"]}}],"collection":[{"href":"https:\/\/liquidmaster.pl\/en\/wp-json\/wp\/v2\/product"}],"about":[{"href":"https:\/\/liquidmaster.pl\/en\/wp-json\/wp\/v2\/types\/product"}],"replies":[{"embeddable":true,"href":"https:\/\/liquidmaster.pl\/en\/wp-json\/wp\/v2\/comments?post=1803646"}],"wp:featuredmedia":[{"embeddable":true,"href":"https:\/\/liquidmaster.pl\/en\/wp-json\/wp\/v2\/media\/1845872"}],"wp:attachment":[{"href":"https:\/\/liquidmaster.pl\/en\/wp-json\/wp\/v2\/media?parent=1803646"}],"wp:term":[{"taxonomy":"product_brand","embeddable":true,"href":"https:\/\/liquidmaster.pl\/en\/wp-json\/wp\/v2\/product_brand?post=1803646"},{"taxonomy":"product_cat","embeddable":true,"href":"https:\/\/liquidmaster.pl\/en\/wp-json\/wp\/v2\/product_cat?post=1803646"},{"taxonomy":"product_tag","embeddable":true,"href":"https:\/\/liquidmaster.pl\/en\/wp-json\/wp\/v2\/product_tag?post=1803646"}],"curies":[{"name":"wp","href":"https:\/\/api.w.org\/{rel}","templated":true}]}}