{"id":1803516,"date":"2025-03-28T13:08:22","date_gmt":"2025-03-28T11:08:22","guid":{"rendered":"https:\/\/liquidmaster.pl\/de-secreto-ceramic-coating-pack-10-15-dwuskladnikowa-powloka-ceramiczna-zestaw\/"},"modified":"2026-04-18T04:24:40","modified_gmt":"2026-04-18T02:24:40","slug":"de-secreto-ceramic-coating-pack-10-15-dwuskladnikowa-powloka-ceramiczna-zestaw","status":"publish","type":"product","link":"https:\/\/liquidmaster.pl\/en\/de-secreto-ceramic-coating-pack-1016\/","title":{"rendered":"De Secreto Ceramic Coating Pack 10\/15 - two-component ceramic coating set"},"content":{"rendered":"<p>De Secreto Ceramic Coating Pack is a set containing a two-component ceramic coating that will last up to 3 years. The main advantages of De Secreto are, above all, ease of application, strong hydrophobicity as well as very high glassiness and slipperiness.<\/p>\n<p>Contents:<\/p>\n<ul>\n<li>10 ml De Secreto Base<\/li>\n<li>15 ml De Secreto Top Coat<\/li>\n<li>2 pipettes<\/li>\n<li>cube applicator<\/li>\n<li>3 suede fibers<\/li>\n<\/ul>\n<p>Application instruction:<\/p>\n<li>Before applying the coating, carefully prepare the surface (remove deposits and polish the varnish).\u00a0<\/li>\n<li>Degrease the paint with a dedicated, high-quality preparation.\u00a0<\/li>\n<li>Apply about 8-10 drops of De Secreto Base coating onto the suede-covered applicator.<\/li>\n<li>Spread the product on the element using the cross method. Depending on the temperature and humidity, wait 2-3 minutes. Gently wipe the product with a microfiber cloth weighing at least 320 g. Polish the element with a second microfiber cloth. Always use new microfibers.\u00a0<\/li>\n<li>After applying the De Secreto Base coating, wait at least 1 hour.\u00a0<\/li>\n<li>Saturate the sponge applicator with De Secreto Top Coat and spread it evenly over the entire car (finishing each element with vertical movements).\u00a0<\/li>\n<li>Wait at least 1 hour and gently wipe off the coating using two microfiber cloths, as with the base coating.\u00a0<\/li>\n<li>After application, leave the car at a temperature of at least 20\u00b0C for 24 hours.\u00a0<\/li>\n<li>We recommend heating the coating with a radiant heater to harden it faster. (We shorten the time from coating application to car delivery to 12 hours).<\/li>\n<p>Available capacities:<\/p>\n<ul>\n<li>10 \/ 15 ml<\/li>\n<li>50 \/ 30 ml<\/li>\n<\/ul>","protected":false},"excerpt":{"rendered":"<p>De Secreto Ceramic Coating Pack to zestaw zawieraj\u0105cy dwusk\u0142adnikow\u0105 pow\u0142ok\u0119 ceramiczn\u0105 o trwa\u0142o\u015bci do 3 lat. G\u0142\u00f3wne zalety De Secreto to przede wszystkim \u0142atwo\u015b\u0107 aplikacji, silna hydrofobowo\u015b\u0107 a tak\u017ce szklisto\u015b\u0107 oraz \u015blisko\u015b\u0107 na bardzo wysokim poziomie. Zawarto\u015b\u0107: 10 ml De Secreto Base 15 ml De Secreto Top Coat 2 pipety aplikator kostkowy 3 fibry suede&hellip;&nbsp;<a href=\"https:\/\/liquidmaster.pl\/en\/de-secreto-ceramic-coating-pack-1016\/\" rel=\"bookmark\">Read More \u00bb<span class=\"screen-reader-text\">De Secreto Ceramic Coating Pack 10\/15 - two-component ceramic coating set<\/span><\/a><\/p>","protected":false},"featured_media":1845762,"comment_status":"open","ping_status":"open","template":"","meta":{"neve_meta_sidebar":"","neve_meta_container":"","neve_meta_enable_content_width":"","neve_meta_content_width":0,"neve_meta_title_alignment":"","neve_meta_author_avatar":"","neve_post_elements_order":"","neve_meta_disable_header":"","neve_meta_disable_footer":"","neve_meta_disable_title":"","_themeisle_gutenberg_block_has_review":false},"product_brand":[],"product_cat":[733,766,775],"product_tag":[285],"class_list":{"0":"post-1803516","1":"product","2":"type-product","3":"status-publish","4":"has-post-thumbnail","6":"product_cat-na-zewnatrz","7":"product_cat-ochrona-lakieru","8":"product_cat-powloki-ceramiczne","9":"product_tag-de-secreto","11":"first","12":"instock","13":"taxable","14":"shipping-taxable","15":"purchasable","16":"product-type-simple"},"_links":{"self":[{"href":"https:\/\/liquidmaster.pl\/en\/wp-json\/wp\/v2\/product\/1803516","targetHints":{"allow":["GET"]}}],"collection":[{"href":"https:\/\/liquidmaster.pl\/en\/wp-json\/wp\/v2\/product"}],"about":[{"href":"https:\/\/liquidmaster.pl\/en\/wp-json\/wp\/v2\/types\/product"}],"replies":[{"embeddable":true,"href":"https:\/\/liquidmaster.pl\/en\/wp-json\/wp\/v2\/comments?post=1803516"}],"wp:featuredmedia":[{"embeddable":true,"href":"https:\/\/liquidmaster.pl\/en\/wp-json\/wp\/v2\/media\/1845762"}],"wp:attachment":[{"href":"https:\/\/liquidmaster.pl\/en\/wp-json\/wp\/v2\/media?parent=1803516"}],"wp:term":[{"taxonomy":"product_brand","embeddable":true,"href":"https:\/\/liquidmaster.pl\/en\/wp-json\/wp\/v2\/product_brand?post=1803516"},{"taxonomy":"product_cat","embeddable":true,"href":"https:\/\/liquidmaster.pl\/en\/wp-json\/wp\/v2\/product_cat?post=1803516"},{"taxonomy":"product_tag","embeddable":true,"href":"https:\/\/liquidmaster.pl\/en\/wp-json\/wp\/v2\/product_tag?post=1803516"}],"curies":[{"name":"wp","href":"https:\/\/api.w.org\/{rel}","templated":true}]}}