{"id":1803472,"date":"2025-03-28T13:04:38","date_gmt":"2025-03-28T11:04:38","guid":{"rendered":"https:\/\/liquidmaster.pl\/adbl-roller-pad-r-evo-otwartokomorkowy-silnie-tnacy-pad-polerski-125-mm\/"},"modified":"2026-04-21T08:02:54","modified_gmt":"2026-04-21T06:02:54","slug":"adbl-roller-pad-r-evo-otwartokomorkowy-silnie-tnacy-pad-polerski-125-mm","status":"publish","type":"product","link":"https:\/\/liquidmaster.pl\/en\/adbl-roller-pad-r-evo-otwartokomorkowy-silnie-tnacy-pad-polerski-125-mm\/","title":{"rendered":"ADBL Roller Pad-R Evo - open-cell, high-cutting polishing pad - 125 mm"},"content":{"rendered":"<p>ADBL Roller Pad-R Evo \u2013 open-cell, highly cutting polishing pad leaving a polish finish. Open-cell foam. It has amazing cutting properties + polish finish. Great ventilation and heat dissipation during work. The product does not lose its cutting features during long-term use. Removes scratches left by sandpaper with grits from 1500. Highest quality components and careful workmanship.<\/p>\n<p>Dimensions: 125 mm<\/p>\n<p>\u00a0<\/p>","protected":false},"excerpt":{"rendered":"<p>ADBL Roller Pad-R Evo \u2013 otwartokom\u00f3rkowy, silnie tn\u0105cy pad polerski pozostawiaj\u0105cy polishowe wyko\u0144czenie. Piana otwartokom\u00f3rkowa. Posiada niesamowite w\u0142a\u015bciwo\u015bci cutingowe + wyko\u0144czenie polishowe. \u015awietna wentylacja i\u00a0odprowadzanie ciep\u0142a podczas pracy. Produkt nie traci swoich cech cutingowych podczas d\u0142u\u017cszej pracy. Usuwa rysy po papierach \u015bciernych o gradacjach od 1500. Najwy\u017cszej jako\u015bci komponenty i\u00a0staranno\u015b\u0107 wykonania. Rozmiary: 125 mm \u00a0<\/p>","protected":false},"featured_media":1845724,"comment_status":"open","ping_status":"open","template":"","meta":{"neve_meta_sidebar":"","neve_meta_container":"","neve_meta_enable_content_width":"","neve_meta_content_width":0,"neve_meta_title_alignment":"","neve_meta_author_avatar":"","neve_post_elements_order":"","neve_meta_disable_header":"","neve_meta_disable_footer":"","neve_meta_disable_title":"","_themeisle_gutenberg_block_has_review":false},"product_brand":[],"product_cat":[823,822,748],"product_tag":[258],"class_list":{"0":"post-1803472","1":"product","2":"type-product","3":"status-publish","4":"has-post-thumbnail","6":"product_cat-gabki-polerskie","7":"product_cat-pady-polerskie","8":"product_cat-polerowanie","9":"product_tag-adbl","11":"first","12":"instock","13":"taxable","14":"shipping-taxable","15":"purchasable","16":"product-type-simple"},"_links":{"self":[{"href":"https:\/\/liquidmaster.pl\/en\/wp-json\/wp\/v2\/product\/1803472","targetHints":{"allow":["GET"]}}],"collection":[{"href":"https:\/\/liquidmaster.pl\/en\/wp-json\/wp\/v2\/product"}],"about":[{"href":"https:\/\/liquidmaster.pl\/en\/wp-json\/wp\/v2\/types\/product"}],"replies":[{"embeddable":true,"href":"https:\/\/liquidmaster.pl\/en\/wp-json\/wp\/v2\/comments?post=1803472"}],"wp:featuredmedia":[{"embeddable":true,"href":"https:\/\/liquidmaster.pl\/en\/wp-json\/wp\/v2\/media\/1845724"}],"wp:attachment":[{"href":"https:\/\/liquidmaster.pl\/en\/wp-json\/wp\/v2\/media?parent=1803472"}],"wp:term":[{"taxonomy":"product_brand","embeddable":true,"href":"https:\/\/liquidmaster.pl\/en\/wp-json\/wp\/v2\/product_brand?post=1803472"},{"taxonomy":"product_cat","embeddable":true,"href":"https:\/\/liquidmaster.pl\/en\/wp-json\/wp\/v2\/product_cat?post=1803472"},{"taxonomy":"product_tag","embeddable":true,"href":"https:\/\/liquidmaster.pl\/en\/wp-json\/wp\/v2\/product_tag?post=1803472"}],"curies":[{"name":"wp","href":"https:\/\/api.w.org\/{rel}","templated":true}]}}