{"id":1803446,"date":"2025-03-28T13:02:44","date_gmt":"2025-03-28T11:02:44","guid":{"rendered":"https:\/\/liquidmaster.pl\/adbl-leather-cleaner-500ml-srodek-do-czyszczenia-skory\/"},"modified":"2026-04-18T04:24:35","modified_gmt":"2026-04-18T02:24:35","slug":"adbl-leather-cleaner-500ml-srodek-do-czyszczenia-skory","status":"publish","type":"product","link":"https:\/\/liquidmaster.pl\/en\/adbl-leather-cleaner-500ml-srodek-do-czyszczenia-skory\/","title":{"rendered":"ADBL Leather Cleaner 500ml - leather cleaner"},"content":{"rendered":"<p>ADBL Leather Cleaner \u2013 degreases without drying the surface. Created based on natural cleaning ingredients. Safe for the outer layer of the skin. Creates a stable foam that allows you to work for a long time without getting wet. The product can be diluted with demineralized water in a 50:50 ratio.<\/p>\n<p>Usage:<\/p>\n<li>Apply the product directly to the brush or use ADBL FOAMER 150 ml.<\/li>\n<li>Brush the surface to be cleaned.<\/li>\n<li>Wipe the cleaned surface with a clean microfiber, e.g. ADBL LEA.<\/li>\n<p>Additional Tips:<\/p>\n<ul>\n<li>Store at 5-25\u00b0C.<\/li>\n<li>Shake well before use.<\/li>\n<li>Protect from sunlight.<\/li>\n<\/ul>\n<p>Available capacities:<\/p>\n<ul>\n<li>500 ml<\/li>\n<li>1L<\/li>\n<li>5L<\/li>\n<\/ul>\n<p>\u00a0<\/p><\/p>","protected":false},"excerpt":{"rendered":"<p>ADBL Leather Cleaner \u2013 odt\u0142uszcza nie wysuszaj\u0105c powierzchni. Stworzony na bazie naturalnych sk\u0142adnik\u00f3w czyszcz\u0105cych. Bezpieczny dla warstwy wierzchniej sk\u00f3ry. Tworzy stabiln\u0105 pian\u0119 pozwalaj\u0105c\u0105 na d\u0142ug\u0105 prac\u0119 bez przemaczania. Produkt mo\u017cna rozcie\u0144czy\u0107 z wod\u0105 demineralizowan\u0105 w proporcji 50:50. Spos\u00f3b u\u017cycia: Nanie\u015b produkt bezpo\u015brednio na szczotk\u0119 lub u\u017cyj ADBL FOAMER 150 ml. Szczotkuj czyszczon\u0105 powierzchni\u0119. Wyczyszczon\u0105 powierzchnie&hellip;&nbsp;<a href=\"https:\/\/liquidmaster.pl\/en\/adbl-leather-cleaner-500ml-srodek-do-czyszczenia-skory\/\" rel=\"bookmark\">Read More \u00bb<span class=\"screen-reader-text\">ADBL Leather Cleaner 500ml - leather cleaner<\/span><\/a><\/p>","protected":false},"featured_media":1845704,"comment_status":"open","ping_status":"open","template":"","meta":{"neve_meta_sidebar":"","neve_meta_container":"","neve_meta_enable_content_width":"","neve_meta_content_width":0,"neve_meta_title_alignment":"","neve_meta_author_avatar":"","neve_post_elements_order":"","neve_meta_disable_header":"","neve_meta_disable_footer":"","neve_meta_disable_title":"","_themeisle_gutenberg_block_has_review":false},"product_brand":[],"product_cat":[834,816,768],"product_tag":[258],"class_list":{"0":"post-1803446","1":"product","2":"type-product","3":"status-publish","4":"has-post-thumbnail","6":"product_cat-czyszczenie-skory","7":"product_cat-tapicerka-skorzana","8":"product_cat-wnetrze-auta","9":"product_tag-adbl","11":"first","12":"outofstock","13":"taxable","14":"shipping-taxable","15":"purchasable","16":"product-type-simple"},"_links":{"self":[{"href":"https:\/\/liquidmaster.pl\/en\/wp-json\/wp\/v2\/product\/1803446","targetHints":{"allow":["GET"]}}],"collection":[{"href":"https:\/\/liquidmaster.pl\/en\/wp-json\/wp\/v2\/product"}],"about":[{"href":"https:\/\/liquidmaster.pl\/en\/wp-json\/wp\/v2\/types\/product"}],"replies":[{"embeddable":true,"href":"https:\/\/liquidmaster.pl\/en\/wp-json\/wp\/v2\/comments?post=1803446"}],"wp:featuredmedia":[{"embeddable":true,"href":"https:\/\/liquidmaster.pl\/en\/wp-json\/wp\/v2\/media\/1845704"}],"wp:attachment":[{"href":"https:\/\/liquidmaster.pl\/en\/wp-json\/wp\/v2\/media?parent=1803446"}],"wp:term":[{"taxonomy":"product_brand","embeddable":true,"href":"https:\/\/liquidmaster.pl\/en\/wp-json\/wp\/v2\/product_brand?post=1803446"},{"taxonomy":"product_cat","embeddable":true,"href":"https:\/\/liquidmaster.pl\/en\/wp-json\/wp\/v2\/product_cat?post=1803446"},{"taxonomy":"product_tag","embeddable":true,"href":"https:\/\/liquidmaster.pl\/en\/wp-json\/wp\/v2\/product_tag?post=1803446"}],"curies":[{"name":"wp","href":"https:\/\/api.w.org\/{rel}","templated":true}]}}