{"id":1803431,"date":"2025-03-28T13:02:04","date_gmt":"2025-03-28T11:02:04","guid":{"rendered":"https:\/\/liquidmaster.pl\/adbl-dementor-duzy-recznik-z-mikrofibry-do-osuszania-samochodu-60x90-cm-900-gsm\/"},"modified":"2026-04-21T07:07:26","modified_gmt":"2026-04-21T05:07:26","slug":"adbl-dementor-duzy-recznik-z-mikrofibry-do-osuszania-samochodu-60x90-cm-900-gsm","status":"publish","type":"product","link":"https:\/\/liquidmaster.pl\/en\/adbl-dementor-duzy-recznik-z-mikrofibry-do-osuszania-samochodu-60x90-cm-900-gsm\/","title":{"rendered":"ADBL Dementor - Large Microfiber Car Drying Towel - 60\u00d790 cm, 900 gsm"},"content":{"rendered":"<p>ADBL Dementor \u2013 a very absorbent microfiber dedicated to drying the bodywork. A huge working surface, double structure and the highest quality delicate fibers that enhance the capillary effect - all this allows for the highest efficiency and comfort of work. An additional advantage is safe stitching that guarantees no streaks or scratches.<\/p>\n<p>Additional information:<\/p>\n<ul>\n<li>Dimensions: 60 cm x 90 cm<\/li>\n<li>Weight: 900 gsm<\/li>\n<\/ul>\n<p>\u00a0<\/p><\/p>","protected":false},"excerpt":{"rendered":"<p>ADBL Dementor \u2013 bardzo ch\u0142onna mikrofibra dedykowana do osuszania karoserii. Ogromna powierzchnia robocza, podw\u00f3jna struktura oraz najwy\u017cszej jako\u015bci delikatne w\u0142\u00f3kna pot\u0119guj\u0105ce efekt kapilarny \u2013 to wszystko pozwala uzyska\u0107 najwi\u0119ksz\u0105 efektywno\u015b\u0107 i\u00a0komfort pracy. Dodatkowym atutem s\u0105 bezpieczne obszycia gwarantuj\u0105ce brak smug i\u00a0zarysowa\u0144. Dodatkowe informacje: Wymiary: 60 cm x 90 cm Gramatura: 900 gsm \u00a0<\/p>","protected":false},"featured_media":1845692,"comment_status":"open","ping_status":"open","template":"","meta":{"neve_meta_sidebar":"","neve_meta_container":"","neve_meta_enable_content_width":"","neve_meta_content_width":0,"neve_meta_title_alignment":"","neve_meta_author_avatar":"","neve_post_elements_order":"","neve_meta_disable_header":"","neve_meta_disable_footer":"","neve_meta_disable_title":"","_themeisle_gutenberg_block_has_review":false},"product_brand":[],"product_cat":[734,733,781],"product_tag":[258],"class_list":{"0":"post-1803431","1":"product","2":"type-product","3":"status-publish","4":"has-post-thumbnail","6":"product_cat-mycie-i-osuszanie","7":"product_cat-na-zewnatrz","8":"product_cat-reczniki-do-osuszania","9":"product_tag-adbl","11":"first","12":"instock","13":"taxable","14":"shipping-taxable","15":"purchasable","16":"product-type-simple"},"_links":{"self":[{"href":"https:\/\/liquidmaster.pl\/en\/wp-json\/wp\/v2\/product\/1803431","targetHints":{"allow":["GET"]}}],"collection":[{"href":"https:\/\/liquidmaster.pl\/en\/wp-json\/wp\/v2\/product"}],"about":[{"href":"https:\/\/liquidmaster.pl\/en\/wp-json\/wp\/v2\/types\/product"}],"replies":[{"embeddable":true,"href":"https:\/\/liquidmaster.pl\/en\/wp-json\/wp\/v2\/comments?post=1803431"}],"wp:featuredmedia":[{"embeddable":true,"href":"https:\/\/liquidmaster.pl\/en\/wp-json\/wp\/v2\/media\/1845692"}],"wp:attachment":[{"href":"https:\/\/liquidmaster.pl\/en\/wp-json\/wp\/v2\/media?parent=1803431"}],"wp:term":[{"taxonomy":"product_brand","embeddable":true,"href":"https:\/\/liquidmaster.pl\/en\/wp-json\/wp\/v2\/product_brand?post=1803431"},{"taxonomy":"product_cat","embeddable":true,"href":"https:\/\/liquidmaster.pl\/en\/wp-json\/wp\/v2\/product_cat?post=1803431"},{"taxonomy":"product_tag","embeddable":true,"href":"https:\/\/liquidmaster.pl\/en\/wp-json\/wp\/v2\/product_tag?post=1803431"}],"curies":[{"name":"wp","href":"https:\/\/api.w.org\/{rel}","templated":true}]}}