{"id":1803420,"date":"2025-03-28T13:00:44","date_gmt":"2025-03-28T11:00:44","guid":{"rendered":"https:\/\/liquidmaster.pl\/soft99-cutting-compound-300ml-mocno-scierna-pasta-polerska\/"},"modified":"2026-04-20T08:02:42","modified_gmt":"2026-04-20T06:02:42","slug":"soft99-cutting-compound-300ml-mocno-scierna-pasta-polerska","status":"publish","type":"product","link":"https:\/\/liquidmaster.pl\/en\/soft99-cutting-compound-300ml-mocno-scierna-pasta-polerska\/","title":{"rendered":"Soft99 Cutting Compound 300ml \u2013 highly abrasive polishing paste"},"content":{"rendered":"<p>Soft99 Cutting Compound \u2013 a highly cutting polishing paste designed to remove deep scratches and marks left by P2000 grit paper. The product formula is water-based and does not contain fillers or silicone.<\/p>\n<p>Cutting Compound perfectly prepares the surface for the second stage of polishing.<\/p>\n<p>The paste works great with rotary or orbital polishing machines.<\/p>\n<p>Usage:<\/p>\n<ul>\n<li>Apply the optimal amount of paste to the polishing pad or sponge.<\/li>\n<li>Work on small fragments and select the machine&#039;s speed appropriately.<\/li>\n<li>Constantly monitor the temperature of the paint to avoid overheating.<\/li>\n<li>Verify the effects on an ongoing basis using Silicone Off, which will remove the remnants of the paste and allow you to assess the actual progress of the work.<\/li>\n<\/ul>\n<p>Capacity: 300 ml<\/p>","protected":false},"excerpt":{"rendered":"<p>Soft99 Cutting Compound \u2013 to silnie tn\u0105ca pasta polerska przeznaczona do usuwania g\u0142\u0119bokich zarysowa\u0144 i \u015blad\u00f3w po papierze o gradacji P2000. Formu\u0142a produktu oparta jest na wodzie, a tak\u017ce nie zawiera wype\u0142niaczy i silikonu. Cutting Compound doskonale przygotowuje powierzchni\u0119 do drugiego etapu polerowania. Pasta \u015bwietnie sprawdza si\u0119 z rotacyjnymi lub orbitalnymi maszynami polerskimi. Spos\u00f3b u\u017cycia:&hellip;&nbsp;<a href=\"https:\/\/liquidmaster.pl\/en\/soft99-cutting-compound-300ml-mocno-scierna-pasta-polerska\/\" rel=\"bookmark\">Read More \u00bb<span class=\"screen-reader-text\">Soft99 Cutting Compound 300ml \u2013 highly abrasive polishing paste<\/span><\/a><\/p>","protected":false},"featured_media":1845682,"comment_status":"open","ping_status":"open","template":"","meta":{"neve_meta_sidebar":"","neve_meta_container":"","neve_meta_enable_content_width":"","neve_meta_content_width":0,"neve_meta_title_alignment":"","neve_meta_author_avatar":"","neve_post_elements_order":"","neve_meta_disable_header":"","neve_meta_disable_footer":"","neve_meta_disable_title":"","_themeisle_gutenberg_block_has_review":false},"product_brand":[],"product_cat":[790,789,748],"product_tag":[362],"class_list":{"0":"post-1803420","1":"product","2":"type-product","3":"status-publish","4":"has-post-thumbnail","6":"product_cat-pasty-cuttingowe","7":"product_cat-pasty-polerskie","8":"product_cat-polerowanie","9":"product_tag-soft99","11":"first","12":"outofstock","13":"taxable","14":"shipping-taxable","15":"purchasable","16":"product-type-simple"},"_links":{"self":[{"href":"https:\/\/liquidmaster.pl\/en\/wp-json\/wp\/v2\/product\/1803420","targetHints":{"allow":["GET"]}}],"collection":[{"href":"https:\/\/liquidmaster.pl\/en\/wp-json\/wp\/v2\/product"}],"about":[{"href":"https:\/\/liquidmaster.pl\/en\/wp-json\/wp\/v2\/types\/product"}],"replies":[{"embeddable":true,"href":"https:\/\/liquidmaster.pl\/en\/wp-json\/wp\/v2\/comments?post=1803420"}],"wp:featuredmedia":[{"embeddable":true,"href":"https:\/\/liquidmaster.pl\/en\/wp-json\/wp\/v2\/media\/1845682"}],"wp:attachment":[{"href":"https:\/\/liquidmaster.pl\/en\/wp-json\/wp\/v2\/media?parent=1803420"}],"wp:term":[{"taxonomy":"product_brand","embeddable":true,"href":"https:\/\/liquidmaster.pl\/en\/wp-json\/wp\/v2\/product_brand?post=1803420"},{"taxonomy":"product_cat","embeddable":true,"href":"https:\/\/liquidmaster.pl\/en\/wp-json\/wp\/v2\/product_cat?post=1803420"},{"taxonomy":"product_tag","embeddable":true,"href":"https:\/\/liquidmaster.pl\/en\/wp-json\/wp\/v2\/product_tag?post=1803420"}],"curies":[{"name":"wp","href":"https:\/\/api.w.org\/{rel}","templated":true}]}}