{"id":1803405,"date":"2025-03-28T13:00:05","date_gmt":"2025-03-28T11:00:05","guid":{"rendered":"https:\/\/liquidmaster.pl\/aqua-top-coating-10ml-powloka-hydrofobowa\/"},"modified":"2026-04-18T04:24:32","modified_gmt":"2026-04-18T02:24:32","slug":"aqua-top-coating-10ml-powloka-hydrofobowa","status":"publish","type":"product","link":"https:\/\/liquidmaster.pl\/en\/aqua-top-coating-10ml-powloka-hydrofobowa\/","title":{"rendered":"AQUA Top Coating 10ml - hydrophobic coating"},"content":{"rendered":"<p>AQUA Top Coating - a very easy-to-apply coating that will give the varnish an incredible glassiness and an amazing hydrophobic property (dripping effect like never before).<\/p>\n<p>AQUA Top Coating is a great complement to AQUA ceramic coatings, but not only that. Thanks to its properties, it can also be used separately, on clean, degreased varnish, to quickly make the varnish glassy and water-repellent.<\/p>\n<p>This innovative preparation is characterized primarily by: very high slipperiness of the protected surface, very high degree of hydrophobicity of the protected surface (the protected area effectively repels water particles), less dirt on the protected surface (antistatic properties, reduced dust settling, stain resistance), durability of at least 12 months!<\/p>\n<p>With the AQUA TOP Coating ceramic coating, you will effectively protect not only your vehicle&#039;s paint, but also its metal and plastic parts.<\/p>\n<p>Efficiency: 5 ml of the product is enough to completely cover a medium-sized passenger car (VW Golf, Audi A3, Porsche 911, Hyundai Kona).<\/p>\n<p>Capacity: 10 ml<\/p>","protected":false},"excerpt":{"rendered":"<p>AQUA Top Coating \u2013 bardzo prosta w aplikacji pow\u0142oka, kt\u00f3ra nada lakierowi niesamowitej szklisto\u015bci oraz niesamowitej w\u0142a\u015bciwo\u015bci hydrofobowej (efekt kropelkowania jak nigdy dot\u0105d). AQUA Top Coating to \u015bwietne uzupe\u0142nienie dla pow\u0142ok ceramicznych AQUA, ale i nie tylko. Dzi\u0119ki swoim w\u0142a\u015bciwo\u015bci\u0105 mo\u017ce by\u0107 r\u00f3wnie\u017c stosowany oddzielnie, na czysty odt\u0142uszczony lakier, by w szybki spos\u00f3b uzyska\u0107 szklisto\u015b\u0107&hellip;&nbsp;<a href=\"https:\/\/liquidmaster.pl\/en\/aqua-top-coating-10ml-powloka-hydrofobowa\/\" rel=\"bookmark\">Read More \u00bb<span class=\"screen-reader-text\">AQUA Top Coating 10ml - hydrophobic coating<\/span><\/a><\/p>","protected":false},"featured_media":1845674,"comment_status":"open","ping_status":"open","template":"","meta":{"neve_meta_sidebar":"","neve_meta_container":"","neve_meta_enable_content_width":"","neve_meta_content_width":0,"neve_meta_title_alignment":"","neve_meta_author_avatar":"","neve_post_elements_order":"","neve_meta_disable_header":"","neve_meta_disable_footer":"","neve_meta_disable_title":"","_themeisle_gutenberg_block_has_review":false},"product_brand":[],"product_cat":[733,766,775],"product_tag":[598],"class_list":{"0":"post-1803405","1":"product","2":"type-product","3":"status-publish","4":"has-post-thumbnail","6":"product_cat-na-zewnatrz","7":"product_cat-ochrona-lakieru","8":"product_cat-powloki-ceramiczne","9":"product_tag-aqua-car-cosmetics","11":"first","12":"outofstock","13":"taxable","14":"shipping-taxable","15":"purchasable","16":"product-type-simple"},"_links":{"self":[{"href":"https:\/\/liquidmaster.pl\/en\/wp-json\/wp\/v2\/product\/1803405","targetHints":{"allow":["GET"]}}],"collection":[{"href":"https:\/\/liquidmaster.pl\/en\/wp-json\/wp\/v2\/product"}],"about":[{"href":"https:\/\/liquidmaster.pl\/en\/wp-json\/wp\/v2\/types\/product"}],"replies":[{"embeddable":true,"href":"https:\/\/liquidmaster.pl\/en\/wp-json\/wp\/v2\/comments?post=1803405"}],"wp:featuredmedia":[{"embeddable":true,"href":"https:\/\/liquidmaster.pl\/en\/wp-json\/wp\/v2\/media\/1845674"}],"wp:attachment":[{"href":"https:\/\/liquidmaster.pl\/en\/wp-json\/wp\/v2\/media?parent=1803405"}],"wp:term":[{"taxonomy":"product_brand","embeddable":true,"href":"https:\/\/liquidmaster.pl\/en\/wp-json\/wp\/v2\/product_brand?post=1803405"},{"taxonomy":"product_cat","embeddable":true,"href":"https:\/\/liquidmaster.pl\/en\/wp-json\/wp\/v2\/product_cat?post=1803405"},{"taxonomy":"product_tag","embeddable":true,"href":"https:\/\/liquidmaster.pl\/en\/wp-json\/wp\/v2\/product_tag?post=1803405"}],"curies":[{"name":"wp","href":"https:\/\/api.w.org\/{rel}","templated":true}]}}