{"id":1803396,"date":"2025-03-28T12:58:05","date_gmt":"2025-03-28T10:58:05","guid":{"rendered":"https:\/\/liquidmaster.pl\/flexipads-30mm-rzep-psa-soft-korek-szlifierski\/"},"modified":"2026-04-18T04:24:31","modified_gmt":"2026-04-18T02:24:31","slug":"flexipads-30mm-rzep-psa-soft-korek-szlifierski","status":"publish","type":"product","link":"https:\/\/liquidmaster.pl\/en\/flexipads-30mm-rzep-psa-soft-korek-szlifierski\/","title":{"rendered":"Flexipads 30mm Velcro PSA SOFT - Sanding plug"},"content":{"rendered":"<p>Diameter: 30mm<br \/>\nMaterial: PUR (polyurethane foam)<br \/>\nHardness: Soft<br \/>\nWeight: 9.2 g<\/p>\n<p style=\"text-align: left;\">\u00a0<\/p>\n<ul>\n<li>double-sided soft (SOFT) grinding plug for abrasive flakes with a diameter of 35 mm (sold separately)<\/li>\n<li>one side has Velcro for attaching abrasive pads with velvet\u00a0<\/li>\n<li>other side for attaching PSA sanding pads (with glue)<\/li>\n<li>ideal for manually cutting out local scratches in car paint<\/li>\n<li>for work on small areas<\/li>\n<\/ul>","protected":false},"excerpt":{"rendered":"<p>\u015arednica:\u00a0\u00a0\u00a0 30mm Materia\u0142:\u00a0 \u00a0 PUR (pianka poliuretanowa) Twardo\u015b\u0107:\u00a0Soft Waga:\u00a0 \u00a0 9.2\u00a0g \u00a0 dwustronny mi\u0119kki (SOFT) korek\u00a0szlifierski pod p\u0142atki \u015bcierne o \u015brednicy 35mm (sprzedawane osobno) jednaj strona posiada rzep do mocowania p\u0142atk\u00f3w \u015bciernych z welurem\u00a0 druga strona\u00a0do mocowania p\u0142atk\u00f3w \u015bciernych PSA (z klejem) idealnie nadaje si\u0119 do wycinania r\u0119cznego miejscowych rys na lakierze samochodowym do prac&hellip;&nbsp;<a href=\"https:\/\/liquidmaster.pl\/en\/flexipads-30mm-rzep-psa-soft-korek-szlifierski\/\" rel=\"bookmark\">Read More \u00bb<span class=\"screen-reader-text\">Flexipads 30mm Velcro PSA SOFT - Sanding plug<\/span><\/a><\/p>","protected":false},"featured_media":1845650,"comment_status":"open","ping_status":"open","template":"","meta":{"neve_meta_sidebar":"","neve_meta_container":"","neve_meta_enable_content_width":"","neve_meta_content_width":0,"neve_meta_title_alignment":"","neve_meta_author_avatar":"","neve_post_elements_order":"","neve_meta_disable_header":"","neve_meta_disable_footer":"","neve_meta_disable_title":"","_themeisle_gutenberg_block_has_review":false},"product_brand":[],"product_cat":[757,748,874],"product_tag":[293],"class_list":{"0":"post-1803396","1":"product","2":"type-product","3":"status-publish","4":"has-post-thumbnail","6":"product_cat-akcesoria","7":"product_cat-polerowanie","8":"product_cat-wet-sanding","9":"product_tag-flexipads","11":"first","12":"outofstock","13":"taxable","14":"shipping-taxable","15":"purchasable","16":"product-type-simple"},"_links":{"self":[{"href":"https:\/\/liquidmaster.pl\/en\/wp-json\/wp\/v2\/product\/1803396","targetHints":{"allow":["GET"]}}],"collection":[{"href":"https:\/\/liquidmaster.pl\/en\/wp-json\/wp\/v2\/product"}],"about":[{"href":"https:\/\/liquidmaster.pl\/en\/wp-json\/wp\/v2\/types\/product"}],"replies":[{"embeddable":true,"href":"https:\/\/liquidmaster.pl\/en\/wp-json\/wp\/v2\/comments?post=1803396"}],"wp:featuredmedia":[{"embeddable":true,"href":"https:\/\/liquidmaster.pl\/en\/wp-json\/wp\/v2\/media\/1845650"}],"wp:attachment":[{"href":"https:\/\/liquidmaster.pl\/en\/wp-json\/wp\/v2\/media?parent=1803396"}],"wp:term":[{"taxonomy":"product_brand","embeddable":true,"href":"https:\/\/liquidmaster.pl\/en\/wp-json\/wp\/v2\/product_brand?post=1803396"},{"taxonomy":"product_cat","embeddable":true,"href":"https:\/\/liquidmaster.pl\/en\/wp-json\/wp\/v2\/product_cat?post=1803396"},{"taxonomy":"product_tag","embeddable":true,"href":"https:\/\/liquidmaster.pl\/en\/wp-json\/wp\/v2\/product_tag?post=1803396"}],"curies":[{"name":"wp","href":"https:\/\/api.w.org\/{rel}","templated":true}]}}