{"id":1803356,"date":"2025-03-28T12:48:05","date_gmt":"2025-03-28T10:48:05","guid":{"rendered":"https:\/\/liquidmaster.pl\/fresso-zawieszka-pure-passion\/"},"modified":"2026-04-18T04:24:22","modified_gmt":"2026-04-18T02:24:22","slug":"fresso-zawieszka-pure-passion","status":"publish","type":"product","link":"https:\/\/liquidmaster.pl\/en\/fresso-zawieszka-pure-passion\/","title":{"rendered":"Fresso - Pure Passion pendant"},"content":{"rendered":"<p>Pure Passion opens for you with an appetizing cocktail of vibrant tangerine, delicately sprinkled with juicy lime zest. It is softened by fruity notes of peach and apple.<\/p>\n<p>The sensual heart of the fragrance consists of rose, ylang-ylang and violet flowers. Warmth and depth are provided by chords of oak moss combined with amber and sweet vanilla.<\/p>\n<p>Factors that reduce the durability and perceptibility of the scent:<\/p>\n<ul>\n<li>Low temperature (below 5 degrees Celsius) or extremely high temperature (above 30 degrees Celsius).<\/li>\n<li>Regularly leaving the car in full sun.<\/li>\n<li>Failure to keep the car clean.<\/li>\n<li>Presence of other (also used) odors in the car.<\/li>\n<li>Getting used to the smell.<\/li>\n<li>No periodic air conditioning cleaning.<\/li>\n<li>Intense smell of upholstery in the car.<\/li>\n<\/ul>","protected":false},"excerpt":{"rendered":"<p>Pure Passion otwiera si\u0119 dla Ciebie apetycznym koktajlem z wibruj\u0105cej mandarynki, delikatnie skropionej soczysto\u015bci\u0105 sk\u00f3rki z limonki. \u0141agodz\u0105 go owocowe nuty brzoskwini i jab\u0142ka. Zmys\u0142owe serce zapachu tworz\u0105 kwiaty r\u00f3\u017cy, ylang-ylang oraz fio\u0142ka. Ciep\u0142a oraz g\u0142\u0119boko\u015bci nadaj\u0105 akordy mchu d\u0119bowego po\u0142\u0105czonego z bursztynem i s\u0142odk\u0105 wanili\u0105. Czynniki obni\u017caj\u0105ce trwa\u0142o\u015b\u0107 oraz wyczuwalno\u015b\u0107 zapachu: Niska temperatura (poni\u017cej&hellip;&nbsp;<a href=\"https:\/\/liquidmaster.pl\/en\/fresso-zawieszka-pure-passion\/\" rel=\"bookmark\">Read More \u00bb<span class=\"screen-reader-text\">Fresso - Pure Passion pendant<\/span><\/a><\/p>","protected":false},"featured_media":1845550,"comment_status":"open","ping_status":"open","template":"","meta":{"neve_meta_sidebar":"","neve_meta_container":"","neve_meta_enable_content_width":"","neve_meta_content_width":0,"neve_meta_title_alignment":"","neve_meta_author_avatar":"","neve_post_elements_order":"","neve_meta_disable_header":"","neve_meta_disable_footer":"","neve_meta_disable_title":"","_themeisle_gutenberg_block_has_review":false},"product_brand":[],"product_cat":[888,801,768],"product_tag":[296],"class_list":{"0":"post-1803356","1":"product","2":"type-product","3":"status-publish","4":"has-post-thumbnail","6":"product_cat-dyfuzory-i-zawieszki","7":"product_cat-odswiezacze-powietrza","8":"product_cat-wnetrze-auta","9":"product_tag-fresso","11":"first","12":"instock","13":"taxable","14":"shipping-taxable","15":"purchasable","16":"product-type-simple"},"_links":{"self":[{"href":"https:\/\/liquidmaster.pl\/en\/wp-json\/wp\/v2\/product\/1803356","targetHints":{"allow":["GET"]}}],"collection":[{"href":"https:\/\/liquidmaster.pl\/en\/wp-json\/wp\/v2\/product"}],"about":[{"href":"https:\/\/liquidmaster.pl\/en\/wp-json\/wp\/v2\/types\/product"}],"replies":[{"embeddable":true,"href":"https:\/\/liquidmaster.pl\/en\/wp-json\/wp\/v2\/comments?post=1803356"}],"wp:featuredmedia":[{"embeddable":true,"href":"https:\/\/liquidmaster.pl\/en\/wp-json\/wp\/v2\/media\/1845550"}],"wp:attachment":[{"href":"https:\/\/liquidmaster.pl\/en\/wp-json\/wp\/v2\/media?parent=1803356"}],"wp:term":[{"taxonomy":"product_brand","embeddable":true,"href":"https:\/\/liquidmaster.pl\/en\/wp-json\/wp\/v2\/product_brand?post=1803356"},{"taxonomy":"product_cat","embeddable":true,"href":"https:\/\/liquidmaster.pl\/en\/wp-json\/wp\/v2\/product_cat?post=1803356"},{"taxonomy":"product_tag","embeddable":true,"href":"https:\/\/liquidmaster.pl\/en\/wp-json\/wp\/v2\/product_tag?post=1803356"}],"curies":[{"name":"wp","href":"https:\/\/api.w.org\/{rel}","templated":true}]}}