{"id":1803352,"date":"2025-03-28T12:46:40","date_gmt":"2025-03-28T10:46:40","guid":{"rendered":"https:\/\/liquidmaster.pl\/flex-pxe-80-10-8-ec-2-5-set-polerka-samochodowa-akumulatorowa\/"},"modified":"2026-04-19T03:10:20","modified_gmt":"2026-04-19T01:10:20","slug":"flex-pxe-80-10-8-ec-2-5-set-polerka-samochodowa-akumulatorowa","status":"publish","type":"product","link":"https:\/\/liquidmaster.pl\/en\/flex-pxe-80-108-ec25-set-polerka-akumulatorowa-3\/","title":{"rendered":"FLEX PXE 80 10.8-EC\/2.5 - set cordless car polisher"},"content":{"rendered":"<p>FLEX PXE 80 10.8-EC\/2.5 Set &#8211; Indeks 418.102<\/p>\n<p>Specyfikacja:<\/p>\n<ul>\n<li>Innowacyjny system szybkiej wymiany g\u0142owic \u2013 nap\u0119d mimo\u015brodowy i rotacyjny<\/li>\n<li>Nap\u0119d mimo\u015brodowy o skoku 3 i 12 mm<\/li>\n<li>Elastycznie i \u0142atwe jak nigdy dot\u0105d polerowanie i szlifowanie bez hologram\u00f3w za pomoc\u0105 jednego narz\u0119dzia<\/li>\n<li>Idealne urz\u0105dzenie uzupe\u0142niaj\u0105ce dla ka\u017cdego lakiernika, warsztatu samochodowego i salonu autodetailingu<\/li>\n<li>W\u0142\u0105cznik z \u0142agodnym startem i blokad\u0105 pr\u0119dko\u015bci dla pracy ci\u0105g\u0142ej<\/li>\n<li>4 pr\u0119dko\u015bci odpowiednie dla r\u00f3\u017cnych warunk\u00f3w<\/li>\n<li>Wyra\u017any wy\u015bwietlacz LED<\/li>\n<li>Mi\u0119kki chwyt dla idealnej ergonomii i obs\u0142ugi<\/li>\n<li>Optymalizacja wibracji dla komfortowej pracy<\/li>\n<li>Amortyzowane, specjalne rzepy do polerowania i szlifowania<\/li>\n<li>Pier\u015bcie\u0144 amortyzuj\u0105ce dla bezpiecznego trzymania<\/li>\n<li>Silnik bezszczotkowy: d\u0142u\u017csza \u017cywotno\u015b\u0107, wi\u0119ksza wydajno\u015b\u0107 i d\u0142u\u017cszy czas dzia\u0142ania &#8211; elektroniczny system zarz\u0105dzania EMS<\/li>\n<li>Wska\u017anik LED pojemno\u015bci na\u0142adowania baterii<\/li>\n<li>System akumulator\u00f3w FLEX: Praca ze wszystkimi pojemno\u015bciami akumulator\u00f3w\u00a010,8 V<\/li>\n<\/ul>\n<p>Wyposa\u017cenie podstawowe:<\/p>\n<ul>\n<li>1 g\u0142owica rotacyjna DT-P\u00a0492.396<\/li>\n<li>1 g\u0142owica mimo\u015br\u00f3d 3 mm skok DT-XF 3\u00a0492.418<\/li>\n<li>1 g\u0142owica mimo\u015br\u00f3d 12 mm skok DT-XF 12\u00a0492.426<\/li>\n<li>1 uchwyt z rzepem \u00d8 30 mm BP-M D30 PXE\u00a0492.388<\/li>\n<li>1 uchwyt na papier samoprzylepny \u00d8 30mm BP-M\/SR D30 PXE\u00a0492.353<\/li>\n<li>1 uchwyt z rzepem \u00d8 75 mm BP-M D75 PXE\u00a0492.361<\/li>\n<li>2 akumulator 2.5 Ah AP 10.8\/2.5\u00a0418.048<\/li>\n<li>1 \u0142adowarka CA 10.8\/18.0\u00a0417.882<\/li>\n<li>1 walizka L-BOXX\u00ae 136\u00a0414.085<\/li>\n<li>1 wk\u0142adka do walizki\u00a0473.014<\/li>\n<\/ul>\n<p>Pr\u0119dko\u015b\u0107 obrotowa: 400-2000\/3000\/4000\/5800<\/p>\n<p>Waga: 0,63 kg [bez akumulatora]<\/p>\n<p>Maksymalna \u015brednica g\u0105bki polerskiej: 80 mm<\/p>\n<p>Napi\u0119cie akumulatora: 10,8 V<\/p>\n<p>Pojemno\u015b\u0107 akumulatora: 2,5 Ah<\/p>\n<p>Skok: 3 i 12 mm<\/p>\n","protected":false},"excerpt":{"rendered":"<p>FLEX PXE 80 10.8-EC\/2.5 Set \u2013 Index 418.102 Specification: Innovative quick-change head system \u2013 eccentric and rotary drive Eccentric drive with a stroke of 3 and 12 mm Flexible and easy as never before, hologram-free polishing and grinding with one tool The perfect complementary device for every painter, car workshop and auto detailing salon Switch with\u2026&nbsp;<a href=\"https:\/\/liquidmaster.pl\/en\/flex-pxe-80-108-ec25-set-polerka-akumulatorowa-3\/\" rel=\"bookmark\">Read More \u00bb<span class=\"screen-reader-text\">FLEX PXE 80 10.8-EC\/2.5 - set cordless car polisher<\/span><\/a><\/p>","protected":false},"featured_media":1845538,"comment_status":"open","ping_status":"open","template":"","meta":{"neve_meta_sidebar":"","neve_meta_container":"","neve_meta_enable_content_width":"","neve_meta_content_width":0,"neve_meta_title_alignment":"","neve_meta_author_avatar":"","neve_post_elements_order":"","neve_meta_disable_header":"","neve_meta_disable_footer":"","neve_meta_disable_title":"","_themeisle_gutenberg_block_has_review":false},"product_brand":[],"product_cat":[806,883,748],"product_tag":[292],"class_list":{"0":"post-1803352","1":"product","2":"type-product","3":"status-publish","4":"has-post-thumbnail","6":"product_cat-maszyny-polerskie","7":"product_cat-mini-polerki","8":"product_cat-polerowanie","9":"product_tag-flex","11":"first","12":"instock","13":"taxable","14":"shipping-taxable","15":"purchasable","16":"product-type-simple"},"_links":{"self":[{"href":"https:\/\/liquidmaster.pl\/en\/wp-json\/wp\/v2\/product\/1803352","targetHints":{"allow":["GET"]}}],"collection":[{"href":"https:\/\/liquidmaster.pl\/en\/wp-json\/wp\/v2\/product"}],"about":[{"href":"https:\/\/liquidmaster.pl\/en\/wp-json\/wp\/v2\/types\/product"}],"replies":[{"embeddable":true,"href":"https:\/\/liquidmaster.pl\/en\/wp-json\/wp\/v2\/comments?post=1803352"}],"wp:featuredmedia":[{"embeddable":true,"href":"https:\/\/liquidmaster.pl\/en\/wp-json\/wp\/v2\/media\/1845538"}],"wp:attachment":[{"href":"https:\/\/liquidmaster.pl\/en\/wp-json\/wp\/v2\/media?parent=1803352"}],"wp:term":[{"taxonomy":"product_brand","embeddable":true,"href":"https:\/\/liquidmaster.pl\/en\/wp-json\/wp\/v2\/product_brand?post=1803352"},{"taxonomy":"product_cat","embeddable":true,"href":"https:\/\/liquidmaster.pl\/en\/wp-json\/wp\/v2\/product_cat?post=1803352"},{"taxonomy":"product_tag","embeddable":true,"href":"https:\/\/liquidmaster.pl\/en\/wp-json\/wp\/v2\/product_tag?post=1803352"}],"curies":[{"name":"wp","href":"https:\/\/api.w.org\/{rel}","templated":true}]}}